{"id":5,"date":"2014-07-22T13:36:39","date_gmt":"2014-07-22T13:36:39","guid":{"rendered":"http:\/\/www.mcbinary.com\/es\/?page_id=5"},"modified":"2017-05-31T07:31:46","modified_gmt":"2017-05-31T06:31:46","slug":"home","status":"publish","type":"page","link":"https:\/\/www.mcbinary.com\/es\/","title":{"rendered":"Bienvenido a Mc Binary \u2013 Su recurso para la comercializaci\u00f3n de opciones binarias"},"content":{"rendered":"<p>\u00a1En McBinary.com usted puede aprender todo acerca de las opciones binarias! Las opciones binarias son uno de los productos financieros m\u00e1s innovadores y son adecuados para todos. La comercializaci\u00f3n es muy f\u00e1cil, ya que usted s\u00f3lo dispone de unas cuantas alternativas posibles: usted puede apostar a que el precio de un activo subyacente se mover\u00e1 hacia arriba o hacia abajo en un plazo muy corto de tiempo. \u00a1Con este tipo de apuestas, usted puede alcanzar rendimientos de hasta el 90%! Por lo tanto, las opciones binarias ofrecen altos rendimientos potenciales en un per\u00edodo de tiempo muy corto \u2013 incluso hay negocios disponibles de solo 60 segundos. \u00a1Tantas oportunidades para alcanzar altos rendimientos no hab\u00edan existido nunca antes!<\/p>\n<p>Si usted no puede esperar para ver c\u00f3mo funciona esto tambi\u00e9n puede visitar al corredor de opciones binarias m\u00e1s grande del mundo: IQ Option! All\u00ed usted puede comercializar con tan s\u00f3lo $10 y con cualquier opci\u00f3n que usted prefiera. No importa si se trata de opciones de 60 segundos, con toque, altas o bajas, este corredor ofrece todo lo que usted necesita.<\/p>\n<p style=\"text-align: center\"><a class=\"gocta\" href=\"https:\/\/www.mcbinary.com\/es\/link\/iqoption\" target=\"_blank\" rel=\"nofollow\">\u00a1Simplemente haga clic aqu\u00ed para echar un vistazo por s\u00ed mismo!<\/a><strong><\/strong><br \/>\n<i>ADVERTENCIA DE PELIGRO: TU CAPITAL PUEDE ESTAR EN RIESGO<\/i>\n<\/p>\n<h2>Comparaci\u00f3n de corredores de opciones binarias<\/h2>\n<p>En McBinary.com hemos establecido como nuestra misi\u00f3n presentarle los mejores corredores en gran detalle y ofrecerle una comparaci\u00f3n entre ellos. Usted no debe contratar al siguiente mejor corredor, sino compararlos y escoger el que m\u00e1s le convenga.<\/p>\n<p>A pesar de que el mercado est\u00e1 saturado y que cada semana est\u00e1n entrando nuevos corredores en el negocio, es importante no elegir un corredor al azar o por simpat\u00eda. Realmente existen intermediarios que son mucho peores que otros en t\u00e9rminos de pagos. Estos corredores deben ofrecer mucho con el fin de compensar esta desventaja. Porque al final del d\u00eda lo \u00fanico que importa es el retorno sobre su inversi\u00f3n (ROI), el cual se ve muy afectado por la estructura de pagos. As\u00ed que no haga m\u00e1s dif\u00edcil para usted el ganar dinero y elija un corredor que le ofrezca un alto porcentaje de pago.<\/p>\n<p>Por supuesto, este no es el \u00fanico criterio. Un corredor con un alto porcentaje de pago que tenga un mal servicio al cliente, una plataforma de negociaci\u00f3n de dif\u00edcil uso o grandes obst\u00e1culos para cobrar sus ganancias constituye tambi\u00e9n una mala elecci\u00f3n.<\/p>\n<h2>La comercializaci\u00f3n de las opciones binarias<\/h2>\n<p>Una vez que haya encontrado el corredor adecuado solo hay una cosa que importa: su utilidad. Es cierto que el comercio en l\u00ednea tambi\u00e9n es divertido y ofrece un mont\u00f3n de emociones. Pero cada comerciante quiere obtener una ganancia.<\/p>\n<p>En McBinary.com usted encontrar\u00e1 todo lo necesario para convertirse en un operador profesional. Si usted es un principiante, le mostramos c\u00f3mo dar los primeros pasos, c\u00f3mo hacer sus primeros negocios, qu\u00e9 tipos de diferentes opciones puede elegir, d\u00f3nde est\u00e1n las ventajas de las opciones binarias, etc. Para los operadores avanzados nuestros art\u00edculos de estrategia discuten cu\u00e1les son las diferencias entre la comercializaci\u00f3n de Forex, acciones, \u00edndices y productos b\u00e1sicos. Estas cuatro clases de activos son aquellas que por lo general pueden ser comercializadas por un corredor de opciones binarias. Tenga en cuenta que hay algunas diferencias fundamentales entre estas clases de activos. En McBinary.com tambi\u00e9n se pueden encontrar art\u00edculos sobre la gesti\u00f3n de riesgos y lo esencial del an\u00e1lisis fundamental y del t\u00e9cnico.<\/p>\n","protected":false},"excerpt":{"rendered":"<p>\u00a1En McBinary.com usted puede aprender todo acerca de las opciones binarias! Las opciones binarias son uno de los productos financieros m\u00e1s innovadores y son adecuados para todos. La comercializaci\u00f3n es muy f\u00e1cil, ya que usted s\u00f3lo dispone de unas cuantas alternativas posibles: usted puede apostar a que el precio de un activo subyacente se mover\u00e1 hacia arriba o hacia abajo en un plazo muy corto de tiempo. \u00a1Con este tipo de apuestas, usted puede alcanzar rendimientos de hasta el 90%! &#8230;<\/p>\n","protected":false},"author":1,"featured_media":0,"parent":0,"menu_order":0,"comment_status":"open","ping_status":"open","template":"","meta":[],"yoast_head":"<!-- This site is optimized with the Yoast SEO plugin v19.0 - https:\/\/yoast.com\/wordpress\/plugins\/seo\/ -->\n<title>Bienvenido a McBinary Espa\u00f1a |<\/title>\n<meta name=\"robots\" content=\"index, follow, max-snippet:-1, max-image-preview:large, max-video-preview:-1\" \/>\n<link rel=\"canonical\" href=\"https:\/\/www.mcbinary.com\/es\/\" \/>\n<meta property=\"og:locale\" content=\"en_US\" \/>\n<meta property=\"og:type\" content=\"article\" \/>\n<meta property=\"og:title\" content=\"Bienvenido a McBinary Espa\u00f1a |\" \/>\n<meta property=\"og:description\" content=\"\u00a1En McBinary.com usted puede aprender todo acerca de las opciones binarias! Las opciones binarias son uno de los productos financieros m\u00e1s innovadores y son adecuados para todos. La comercializaci\u00f3n es muy f\u00e1cil, ya que usted s\u00f3lo dispone de unas cuantas alternativas posibles: usted puede apostar a que el precio de un activo subyacente se mover\u00e1 hacia arriba o hacia abajo en un plazo muy corto de tiempo. \u00a1Con este tipo de apuestas, usted puede alcanzar rendimientos de hasta el 90%! ...\" \/>\n<meta property=\"og:url\" content=\"https:\/\/www.mcbinary.com\/es\/\" \/>\n<meta property=\"og:site_name\" content=\"Mc Binary\" \/>\n<meta property=\"article:modified_time\" content=\"2017-05-31T06:31:46+00:00\" \/>\n<meta name=\"twitter:label1\" content=\"Est. reading time\" \/>\n\t<meta name=\"twitter:data1\" content=\"3 minutes\" \/>\n<script type=\"application\/ld+json\" class=\"yoast-schema-graph\">{\"@context\":\"https:\/\/schema.org\",\"@graph\":[{\"@type\":\"WebSite\",\"@id\":\"https:\/\/www.mcbinary.com\/es\/#website\",\"url\":\"https:\/\/www.mcbinary.com\/es\/\",\"name\":\"Mc Binary\",\"description\":\"Opcions Bin\u0430ries\",\"potentialAction\":[{\"@type\":\"SearchAction\",\"target\":{\"@type\":\"EntryPoint\",\"urlTemplate\":\"https:\/\/www.mcbinary.com\/es\/?s={search_term_string}\"},\"query-input\":\"required name=search_term_string\"}],\"inLanguage\":\"en-US\"},{\"@type\":\"WebPage\",\"@id\":\"https:\/\/www.mcbinary.com\/es\/#webpage\",\"url\":\"https:\/\/www.mcbinary.com\/es\/\",\"name\":\"Bienvenido a McBinary Espa\u00f1a |\",\"isPartOf\":{\"@id\":\"https:\/\/www.mcbinary.com\/es\/#website\"},\"datePublished\":\"2014-07-22T13:36:39+00:00\",\"dateModified\":\"2017-05-31T06:31:46+00:00\",\"breadcrumb\":{\"@id\":\"https:\/\/www.mcbinary.com\/es\/#breadcrumb\"},\"inLanguage\":\"en-US\",\"potentialAction\":[{\"@type\":\"ReadAction\",\"target\":[\"https:\/\/www.mcbinary.com\/es\/\"]}]},{\"@type\":\"BreadcrumbList\",\"@id\":\"https:\/\/www.mcbinary.com\/es\/#breadcrumb\",\"itemListElement\":[{\"@type\":\"ListItem\",\"position\":1,\"name\":\"Home\",\"item\":\"https:\/\/www.mcbinary.com\/es\/\"},{\"@type\":\"ListItem\",\"position\":2,\"name\":\"Bienvenido a Mc Binary \u2013 Su recurso para la comercializaci\u00f3n de opciones binarias\"}]}]}<\/script>\n<!-- \/ Yoast SEO plugin. -->","yoast_head_json":{"title":"Bienvenido a McBinary Espa\u00f1a |","robots":{"index":"index","follow":"follow","max-snippet":"max-snippet:-1","max-image-preview":"max-image-preview:large","max-video-preview":"max-video-preview:-1"},"canonical":"https:\/\/www.mcbinary.com\/es\/","og_locale":"en_US","og_type":"article","og_title":"Bienvenido a McBinary Espa\u00f1a |","og_description":"\u00a1En McBinary.com usted puede aprender todo acerca de las opciones binarias! Las opciones binarias son uno de los productos financieros m\u00e1s innovadores y son adecuados para todos. La comercializaci\u00f3n es muy f\u00e1cil, ya que usted s\u00f3lo dispone de unas cuantas alternativas posibles: usted puede apostar a que el precio de un activo subyacente se mover\u00e1 hacia arriba o hacia abajo en un plazo muy corto de tiempo. \u00a1Con este tipo de apuestas, usted puede alcanzar rendimientos de hasta el 90%! ...","og_url":"https:\/\/www.mcbinary.com\/es\/","og_site_name":"Mc Binary","article_modified_time":"2017-05-31T06:31:46+00:00","twitter_misc":{"Est. reading time":"3 minutes"},"schema":{"@context":"https:\/\/schema.org","@graph":[{"@type":"WebSite","@id":"https:\/\/www.mcbinary.com\/es\/#website","url":"https:\/\/www.mcbinary.com\/es\/","name":"Mc Binary","description":"Opcions Bin\u0430ries","potentialAction":[{"@type":"SearchAction","target":{"@type":"EntryPoint","urlTemplate":"https:\/\/www.mcbinary.com\/es\/?s={search_term_string}"},"query-input":"required name=search_term_string"}],"inLanguage":"en-US"},{"@type":"WebPage","@id":"https:\/\/www.mcbinary.com\/es\/#webpage","url":"https:\/\/www.mcbinary.com\/es\/","name":"Bienvenido a McBinary Espa\u00f1a |","isPartOf":{"@id":"https:\/\/www.mcbinary.com\/es\/#website"},"datePublished":"2014-07-22T13:36:39+00:00","dateModified":"2017-05-31T06:31:46+00:00","breadcrumb":{"@id":"https:\/\/www.mcbinary.com\/es\/#breadcrumb"},"inLanguage":"en-US","potentialAction":[{"@type":"ReadAction","target":["https:\/\/www.mcbinary.com\/es\/"]}]},{"@type":"BreadcrumbList","@id":"https:\/\/www.mcbinary.com\/es\/#breadcrumb","itemListElement":[{"@type":"ListItem","position":1,"name":"Home","item":"https:\/\/www.mcbinary.com\/es\/"},{"@type":"ListItem","position":2,"name":"Bienvenido a Mc Binary \u2013 Su recurso para la comercializaci\u00f3n de opciones binarias"}]}]}},"_links":{"self":[{"href":"https:\/\/www.mcbinary.com\/es\/wp-json\/wp\/v2\/pages\/5"}],"collection":[{"href":"https:\/\/www.mcbinary.com\/es\/wp-json\/wp\/v2\/pages"}],"about":[{"href":"https:\/\/www.mcbinary.com\/es\/wp-json\/wp\/v2\/types\/page"}],"author":[{"embeddable":true,"href":"https:\/\/www.mcbinary.com\/es\/wp-json\/wp\/v2\/users\/1"}],"replies":[{"embeddable":true,"href":"https:\/\/www.mcbinary.com\/es\/wp-json\/wp\/v2\/comments?post=5"}],"version-history":[{"count":12,"href":"https:\/\/www.mcbinary.com\/es\/wp-json\/wp\/v2\/pages\/5\/revisions"}],"predecessor-version":[{"id":251,"href":"https:\/\/www.mcbinary.com\/es\/wp-json\/wp\/v2\/pages\/5\/revisions\/251"}],"wp:attachment":[{"href":"https:\/\/www.mcbinary.com\/es\/wp-json\/wp\/v2\/media?parent=5"}],"curies":[{"name":"wp","href":"https:\/\/api.w.org\/{rel}","templated":true}]}}