{"id":206,"date":"2014-10-29T13:01:10","date_gmt":"2014-10-29T13:01:10","guid":{"rendered":"http:\/\/www.mcbinary.com\/es\/?page_id=206"},"modified":"2014-10-29T13:07:54","modified_gmt":"2014-10-29T13:07:54","slug":"opciones-con-android","status":"publish","type":"page","link":"https:\/\/www.mcbinary.com\/es\/movil\/opciones-con-android\/","title":{"rendered":"Negociar opciones binarias con el Android"},"content":{"rendered":"<p>Cuando se trata de tel\u00e9fonos inteligentes y su uso, el nombre de Android simplemente no se puede evitar. El n\u00famero de smartphones que tienen Android como su sistema operativo superan por completo todas las otras grandes empresas, en su conjunto, tanto en el n\u00famero de art\u00edculos vendidos y las marcas de tel\u00e9fonos que utilizan Android. De hecho, m\u00e1s de un mill\u00f3n de aplicaciones para Android se han desarrollado y publicado. Es seguro decir que los tel\u00e9fonos m\u00f3viles basados \u200b\u200ben Android est\u00e1n tan dispersos y tienen tantos prop\u00f3sitos m\u00faltiples que pueden, m\u00e1s o menos ser un sustituto \u00fatil para los computadores. \u00bfHay algo que usted haya estado haciendo en su computador de escritorio \/ port\u00e1til o incluso manualmente? Probablemente hay una aplicaci\u00f3n de Android para ello. Y hay una cosa m\u00e1s que usted puede hacer en su tel\u00e9fono Android y nos gustar\u00eda contarle al respecto en este art\u00edculo. Usted puede negociar opciones binarias en su tel\u00e9fono m\u00f3vil Android. Las opciones binarias son una forma eficiente y relativamente sencilla de ganar dinero y no son un mero juego de azar, ya que no se basan en la suerte o el azar, sino m\u00e1s bien en el conocimiento y la capacidad de pronosticar.<\/p>\n<p><a href=\"https:\/\/www.mcbinary.com\/es\/link\/24option\" rel=\"nofollow\"><img loading=\"lazy\" class=\"aligncenter\" src=\"https:\/\/www.mcbinary.com\/wp-content\/uploads\/2014\/06\/android-app.png\" alt=\"\" width=\"311\" height=\"467\" \/><\/a><\/p>\n<p>No importa si usted est\u00e1 negociando con un tel\u00e9fono inteligente o una tableta Android, 24Option es la mejor opci\u00f3n para ambos dispositivos. Ellos fueron uno de los primeros corredores que desarrollaron aplicaciones para Android y constantemente mejoran su oferta. \u00a1Haga clic aqu\u00ed para empezar a operar con su dispositivo Android con el mejor corredor!<\/p>\n<h2>Los fundamentos de las opciones binarias<\/h2>\n<p>Incluso si usted no sabe mucho acerca de las opciones binarias y no ha probado antes el comercio de opciones binarias, esta es una raz\u00f3n m\u00e1s para que usted aprenda. Ver\u00e1 que las opciones binarias son muy simples y, muchos dir\u00edan, que son una forma efectiva de ganar dinero. El objetivo, b\u00e1sicamente, es predecir el movimiento del valor de un activo determinado, si se trata de \u00edndices, commodities como el oro y la plata, las acciones de las empresas populares, tales como Nike y Coca-Cola, o pares de divisas como el EUR \/ $ . El punto es que usted no tiene que tener un mont\u00f3n de tiempo libre o estar en casa \/ estacionado en alg\u00fan lugar. Ahora usted puede operar y, lo m\u00e1s importante ganar mucho dinero si usted negocia con prudencia, sobre la marcha, en su tel\u00e9fono inteligente o tableta Android.<\/p>\n<h2>\u00a0Disponibilidad de opciones binarias en Android<\/h2>\n<p>Ahora usted seguramente se preguntar\u00e1 si hay alguna diferencia entre el comercio de opciones binarias en su computadora y su tel\u00e9fono inteligente Android. Bueno, si la hay, usted puede llevar su tel\u00e9fono a todas partes, as\u00ed que b\u00e1sicamente usted puede operar en todas partes. Tambi\u00e9n puede realizar un seguimiento de los resultados de sus operaciones anteriores, mientras que decide que negociar a continuaci\u00f3n. Todos los principales sitios web de comercio de opciones binarias ofrecen la negociaci\u00f3n v\u00eda Android y tienen razones muy fuertes para hacerlo. Lo ofrecen porque sus clientes est\u00e1n interesados en ello \u200b\u200by el n\u00famero de personas que negocian en sus tel\u00e9fonos es cada vez mayor. Literalmente no hay limitaciones en lo que usted puede negociar en su tel\u00e9fono inteligente Android en comparaci\u00f3n con su computador.<\/p>\n<h2>Versiones descargables y de navegador disponibles<\/h2>\n<p>La mayor\u00eda de los principales sitios web de opciones binarias le mostrar\u00e1 un enlace a la aplicaci\u00f3n de Android para su sitio web y usted puede simplemente descargarla en su tel\u00e9fono y comenzar a operar. Pero incluso si no lo hace, no hay necesidad de preocuparse, ya que s\u00f3lo tiene que acceder al sitio web desde su tel\u00e9fono, como lo har\u00eda desde su computador y comenzar a operar. Sin embargo, la mayor\u00eda de la gente le va a sugerir la aplicaci\u00f3n como una mejor opci\u00f3n.<\/p>\n<p><a href=\"https:\/\/www.mcbinary.com\/es\/link\/24option\" rel=\"nofollow\"><img loading=\"lazy\" class=\"aligncenter\" src=\"https:\/\/www.mcbinary.com\/wp-content\/uploads\/2014\/06\/24option_login.png\" alt=\"\" width=\"360\" height=\"640\" \/><\/a><\/p>\n<h2>Preocupaciones posibles<\/h2>\n<p>\u00bfHay algo de verdad de lo que usted debiera estar preocupado en lo referente al comercio de opciones binarias con un tel\u00e9fono inteligente o tableta Android? Bueno, s\u00ed lo hay, usted necesita asegurarse de que tenga una conexi\u00f3n estable al internet. Adem\u00e1s, le gustar\u00eda pasar alg\u00fan tiempo navegando y buscando a trav\u00e9s de la aplicaci\u00f3n sin hacer sus primeros negocios, solo con el objetivo de entender su funcionamiento. Usted no quisiera elegir una opci\u00f3n que no estaba planeando, s\u00f3lo porque a\u00fan no se ha acostumbrado a la aplicaci\u00f3n.<\/p>\n<h2>Conclusi\u00f3n<\/h2>\n<p>En resumen, el comercio de opciones binarias con Android es simple, sencillo y divertido y, sobre todo, una manera de ganar algo de dinero extra. Sin duda, el tama\u00f1o de la pantalla no se puede comparar con el tama\u00f1o de la pantalla en su computador de escritorio, pero si usted puede leer mensajes de correo electr\u00f3nico y comunicarse a trav\u00e9s de los medios sociales en su Android, entonces seguramente usted ser\u00e1 tambi\u00e9n capaz de negociar opciones binarias.<\/p>\n<h2><\/h2>\n","protected":false},"excerpt":{"rendered":"<p>Cuando se trata de tel\u00e9fonos inteligentes y su uso, el nombre de Android simplemente no se puede evitar. El n\u00famero de smartphones que tienen Android como su sistema operativo superan por completo todas las otras grandes empresas, en su conjunto, tanto en el n\u00famero de art\u00edculos vendidos y las marcas de tel\u00e9fonos que utilizan Android. De hecho, m\u00e1s de un mill\u00f3n de aplicaciones para Android se han desarrollado y publicado. Es seguro decir que los tel\u00e9fonos m\u00f3viles basados \u200b\u200ben Android &#8230;<\/p>\n","protected":false},"author":1,"featured_media":0,"parent":201,"menu_order":0,"comment_status":"open","ping_status":"open","template":"","meta":[],"yoast_head":"<!-- This site is optimized with the Yoast SEO plugin v19.0 - https:\/\/yoast.com\/wordpress\/plugins\/seo\/ -->\n<title>Negociar opciones binarias con el Android - Mc Binary<\/title>\n<meta name=\"robots\" content=\"index, follow, max-snippet:-1, max-image-preview:large, max-video-preview:-1\" \/>\n<link rel=\"canonical\" href=\"https:\/\/www.mcbinary.com\/es\/movil\/opciones-con-android\/\" \/>\n<meta property=\"og:locale\" content=\"en_US\" \/>\n<meta property=\"og:type\" content=\"article\" \/>\n<meta property=\"og:title\" content=\"Negociar opciones binarias con el Android - Mc Binary\" \/>\n<meta property=\"og:description\" content=\"Cuando se trata de tel\u00e9fonos inteligentes y su uso, el nombre de Android simplemente no se puede evitar. El n\u00famero de smartphones que tienen Android como su sistema operativo superan por completo todas las otras grandes empresas, en su conjunto, tanto en el n\u00famero de art\u00edculos vendidos y las marcas de tel\u00e9fonos que utilizan Android. De hecho, m\u00e1s de un mill\u00f3n de aplicaciones para Android se han desarrollado y publicado. Es seguro decir que los tel\u00e9fonos m\u00f3viles basados \u200b\u200ben Android ...\" \/>\n<meta property=\"og:url\" content=\"https:\/\/www.mcbinary.com\/es\/movil\/opciones-con-android\/\" \/>\n<meta property=\"og:site_name\" content=\"Mc Binary\" \/>\n<meta property=\"article:modified_time\" content=\"2014-10-29T13:07:54+00:00\" \/>\n<meta property=\"og:image\" content=\"https:\/\/www.mcbinary.com\/wp-content\/uploads\/2014\/06\/android-app.png\" \/>\n<meta name=\"twitter:label1\" content=\"Est. reading time\" \/>\n\t<meta name=\"twitter:data1\" content=\"4 minutes\" \/>\n<script type=\"application\/ld+json\" class=\"yoast-schema-graph\">{\"@context\":\"https:\/\/schema.org\",\"@graph\":[{\"@type\":\"WebSite\",\"@id\":\"https:\/\/www.mcbinary.com\/es\/#website\",\"url\":\"https:\/\/www.mcbinary.com\/es\/\",\"name\":\"Mc Binary\",\"description\":\"Opcions Bin\u0430ries\",\"potentialAction\":[{\"@type\":\"SearchAction\",\"target\":{\"@type\":\"EntryPoint\",\"urlTemplate\":\"https:\/\/www.mcbinary.com\/es\/?s={search_term_string}\"},\"query-input\":\"required name=search_term_string\"}],\"inLanguage\":\"en-US\"},{\"@type\":\"ImageObject\",\"inLanguage\":\"en-US\",\"@id\":\"https:\/\/www.mcbinary.com\/es\/movil\/opciones-con-android\/#primaryimage\",\"url\":\"https:\/\/www.mcbinary.com\/wp-content\/uploads\/2014\/06\/android-app.png\",\"contentUrl\":\"https:\/\/www.mcbinary.com\/wp-content\/uploads\/2014\/06\/android-app.png\"},{\"@type\":\"WebPage\",\"@id\":\"https:\/\/www.mcbinary.com\/es\/movil\/opciones-con-android\/#webpage\",\"url\":\"https:\/\/www.mcbinary.com\/es\/movil\/opciones-con-android\/\",\"name\":\"Negociar opciones binarias con el Android - Mc Binary\",\"isPartOf\":{\"@id\":\"https:\/\/www.mcbinary.com\/es\/#website\"},\"primaryImageOfPage\":{\"@id\":\"https:\/\/www.mcbinary.com\/es\/movil\/opciones-con-android\/#primaryimage\"},\"datePublished\":\"2014-10-29T13:01:10+00:00\",\"dateModified\":\"2014-10-29T13:07:54+00:00\",\"breadcrumb\":{\"@id\":\"https:\/\/www.mcbinary.com\/es\/movil\/opciones-con-android\/#breadcrumb\"},\"inLanguage\":\"en-US\",\"potentialAction\":[{\"@type\":\"ReadAction\",\"target\":[\"https:\/\/www.mcbinary.com\/es\/movil\/opciones-con-android\/\"]}]},{\"@type\":\"BreadcrumbList\",\"@id\":\"https:\/\/www.mcbinary.com\/es\/movil\/opciones-con-android\/#breadcrumb\",\"itemListElement\":[{\"@type\":\"ListItem\",\"position\":1,\"name\":\"Home\",\"item\":\"https:\/\/www.mcbinary.com\/es\/\"},{\"@type\":\"ListItem\",\"position\":2,\"name\":\"Comercio m\u00f3vil de opciones binarias\",\"item\":\"https:\/\/www.mcbinary.com\/es\/movil\/\"},{\"@type\":\"ListItem\",\"position\":3,\"name\":\"Negociar opciones binarias con el Android\"}]}]}<\/script>\n<!-- \/ Yoast SEO plugin. -->","yoast_head_json":{"title":"Negociar opciones binarias con el Android - Mc Binary","robots":{"index":"index","follow":"follow","max-snippet":"max-snippet:-1","max-image-preview":"max-image-preview:large","max-video-preview":"max-video-preview:-1"},"canonical":"https:\/\/www.mcbinary.com\/es\/movil\/opciones-con-android\/","og_locale":"en_US","og_type":"article","og_title":"Negociar opciones binarias con el Android - Mc Binary","og_description":"Cuando se trata de tel\u00e9fonos inteligentes y su uso, el nombre de Android simplemente no se puede evitar. El n\u00famero de smartphones que tienen Android como su sistema operativo superan por completo todas las otras grandes empresas, en su conjunto, tanto en el n\u00famero de art\u00edculos vendidos y las marcas de tel\u00e9fonos que utilizan Android. De hecho, m\u00e1s de un mill\u00f3n de aplicaciones para Android se han desarrollado y publicado. Es seguro decir que los tel\u00e9fonos m\u00f3viles basados \u200b\u200ben Android ...","og_url":"https:\/\/www.mcbinary.com\/es\/movil\/opciones-con-android\/","og_site_name":"Mc Binary","article_modified_time":"2014-10-29T13:07:54+00:00","og_image":[{"url":"https:\/\/www.mcbinary.com\/wp-content\/uploads\/2014\/06\/android-app.png"}],"twitter_misc":{"Est. reading time":"4 minutes"},"schema":{"@context":"https:\/\/schema.org","@graph":[{"@type":"WebSite","@id":"https:\/\/www.mcbinary.com\/es\/#website","url":"https:\/\/www.mcbinary.com\/es\/","name":"Mc Binary","description":"Opcions Bin\u0430ries","potentialAction":[{"@type":"SearchAction","target":{"@type":"EntryPoint","urlTemplate":"https:\/\/www.mcbinary.com\/es\/?s={search_term_string}"},"query-input":"required name=search_term_string"}],"inLanguage":"en-US"},{"@type":"ImageObject","inLanguage":"en-US","@id":"https:\/\/www.mcbinary.com\/es\/movil\/opciones-con-android\/#primaryimage","url":"https:\/\/www.mcbinary.com\/wp-content\/uploads\/2014\/06\/android-app.png","contentUrl":"https:\/\/www.mcbinary.com\/wp-content\/uploads\/2014\/06\/android-app.png"},{"@type":"WebPage","@id":"https:\/\/www.mcbinary.com\/es\/movil\/opciones-con-android\/#webpage","url":"https:\/\/www.mcbinary.com\/es\/movil\/opciones-con-android\/","name":"Negociar opciones binarias con el Android - Mc Binary","isPartOf":{"@id":"https:\/\/www.mcbinary.com\/es\/#website"},"primaryImageOfPage":{"@id":"https:\/\/www.mcbinary.com\/es\/movil\/opciones-con-android\/#primaryimage"},"datePublished":"2014-10-29T13:01:10+00:00","dateModified":"2014-10-29T13:07:54+00:00","breadcrumb":{"@id":"https:\/\/www.mcbinary.com\/es\/movil\/opciones-con-android\/#breadcrumb"},"inLanguage":"en-US","potentialAction":[{"@type":"ReadAction","target":["https:\/\/www.mcbinary.com\/es\/movil\/opciones-con-android\/"]}]},{"@type":"BreadcrumbList","@id":"https:\/\/www.mcbinary.com\/es\/movil\/opciones-con-android\/#breadcrumb","itemListElement":[{"@type":"ListItem","position":1,"name":"Home","item":"https:\/\/www.mcbinary.com\/es\/"},{"@type":"ListItem","position":2,"name":"Comercio m\u00f3vil de opciones binarias","item":"https:\/\/www.mcbinary.com\/es\/movil\/"},{"@type":"ListItem","position":3,"name":"Negociar opciones binarias con el Android"}]}]}},"_links":{"self":[{"href":"https:\/\/www.mcbinary.com\/es\/wp-json\/wp\/v2\/pages\/206"}],"collection":[{"href":"https:\/\/www.mcbinary.com\/es\/wp-json\/wp\/v2\/pages"}],"about":[{"href":"https:\/\/www.mcbinary.com\/es\/wp-json\/wp\/v2\/types\/page"}],"author":[{"embeddable":true,"href":"https:\/\/www.mcbinary.com\/es\/wp-json\/wp\/v2\/users\/1"}],"replies":[{"embeddable":true,"href":"https:\/\/www.mcbinary.com\/es\/wp-json\/wp\/v2\/comments?post=206"}],"version-history":[{"count":1,"href":"https:\/\/www.mcbinary.com\/es\/wp-json\/wp\/v2\/pages\/206\/revisions"}],"predecessor-version":[{"id":207,"href":"https:\/\/www.mcbinary.com\/es\/wp-json\/wp\/v2\/pages\/206\/revisions\/207"}],"up":[{"embeddable":true,"href":"https:\/\/www.mcbinary.com\/es\/wp-json\/wp\/v2\/pages\/201"}],"wp:attachment":[{"href":"https:\/\/www.mcbinary.com\/es\/wp-json\/wp\/v2\/media?parent=206"}],"curies":[{"name":"wp","href":"https:\/\/api.w.org\/{rel}","templated":true}]}}