{"id":201,"date":"2014-10-29T12:56:47","date_gmt":"2014-10-29T12:56:47","guid":{"rendered":"http:\/\/www.mcbinary.com\/es\/?page_id=201"},"modified":"2014-10-29T13:07:19","modified_gmt":"2014-10-29T13:07:19","slug":"movil","status":"publish","type":"page","link":"https:\/\/www.mcbinary.com\/es\/movil\/","title":{"rendered":"Comercio m\u00f3vil de opciones binarias"},"content":{"rendered":"<p>Ya hay muchas plataformas de opciones binarias que han sido optimizadas para el uso m\u00f3vil. Hay tanto aplicaciones nativas que cada usuario de iPhone o Android conoce o Web-Apps que trabajan directamente en el navegador del smartphone y que son independientes de su sistema operativo. Las Web-Apps se est\u00e1n haciendo muy populares y un mont\u00f3n de operadores de opciones binarias ofrecen una plataforma de este tipo y le facilitan el comercio con su aparato m\u00f3vil.<\/p>\n<p>El desarrollo de los tel\u00e9fonos inteligentes de gran alcance, con muchas de las capacidades de una computadora port\u00e1til, tambi\u00e9n ha hecho mucho m\u00e1s f\u00e1cil la transici\u00f3n para el comerciante de opciones binarias del hogar al comercio m\u00f3vil. Esto significa que los comerciantes no s\u00f3lo est\u00e1n disponibles para vigilar sus posiciones dondequiera que se encuentren, sino que la capacidad de detectar nuevas oportunidades se convierte en una posibilidad real independientemente de la ubicaci\u00f3n y sin la necesidad de una conexi\u00f3n WiFi o internet fija. Muchos corredores de opciones binarias se han dado cuenta de que este es un gran beneficio para sus clientes y han invertido en plataformas m\u00f3viles de alta tecnolog\u00eda y las aplicaciones web para apoyar esta transici\u00f3n.<\/p>\n<p>Un corredor que cubre todo a la perfecci\u00f3n es Anyoption. All\u00ed usted puede negociar con web-apps o descargar aplicaciones nativas para iPhone y Android. No importa si usted est\u00e1 utilizando el iPhone, Android o iPad &#8211; usted tendr\u00e1 una gran experiencia comercial en Anyoption.<\/p>\n<p style=\"text-align: center\"><a class=\"gocta\" href=\"https:\/\/www.mcbinary.com\/es\/link\/24option\" rel=\"nofollow\">\u00a1Haga clic aqu\u00ed para empezar a operar con el m\u00f3vil de inmediato!<\/a><\/p>\n<h2>\u00bfPor qu\u00e9 debe negociar con su equipo m\u00f3vil?<\/h2>\n<p><img loading=\"lazy\" class=\"alignright\" src=\"https:\/\/www.mcbinary.com\/wp-content\/uploads\/2012\/11\/tablet-e1353584368422.jpg\" alt=\"\" width=\"222\" height=\"266\" \/><\/p>\n<p>Las opciones binarias son muy f\u00e1ciles de comercializar y no hay muchos requisitos de plataforma. Es por eso que pueden ser f\u00e1cilmente negociadas con los tel\u00e9fonos m\u00f3viles. Una plataforma de opciones binarias es muy sencilla y los comerciantes no necesitan de muchas funciones &#8211; en comparaci\u00f3n con el comercio tradicional de Forex o CFD. Usted s\u00f3lo tiene un gr\u00e1fico y los detalles acerca de las opciones seleccionadas como fecha de vencimiento, los activos, pago, etc. Entonces usted tiene dos botones y una interfaz para escribir la cantidad que desea transar.<\/p>\n<p>La comercializaci\u00f3n de opciones binarias con su m\u00f3vil es muy simple y en realidad no es mucha diferencia entre el comercio m\u00f3vil y el comercio con la computadora. As\u00ed que usted puede operar c\u00f3modamente con su iPhone, iPad o Android Smartphone, o tableta donde quiera y cuando quiera.<\/p>\n<h2>\u00bfQu\u00e9 Smartphones son compatibles?<\/h2>\n<p>Atr\u00e1s quedaron los d\u00edas cuando se utilizaba un tel\u00e9fono m\u00f3vil para cualquier cosa, menos para hablar y enviar mensajes de texto en una pantalla verde pixelada de 2cm. La clase actual de tel\u00e9fonos m\u00f3viles inteligentes no s\u00f3lo ofrecen pantallas que hacen viable el ver pel\u00edculas, sino que tambi\u00e9n, sobre todo para el caso de las opciones binarias, el comercio y el an\u00e1lisis gr\u00e1fico. Esto ha creado una especie de revoluci\u00f3n entre los operadores de opciones binarias que ya no tienen que sentarse en una computadora personal de escritorio o en un port\u00e1til para controlar sus posiciones o esperar por la configuraci\u00f3n perfecta. En cambio, estas pueden ser negociadas directamente a trav\u00e9s de una aplicaci\u00f3n Android o iPhone como si fuera un computador. Las innovaciones recientes en tabletas altamente m\u00f3viles tambi\u00e9n han creado oportunidades para el comercio de las opciones binarias en diferentes contextos y estas son especialmente \u00fatiles para aquellos que requieren de gr\u00e1ficos un poco m\u00e1s detallados de lo que muchos corredores de opciones binarias ofrecen actualmente.<\/p>\n<p>Uno tiene que distinguir entre corredores con aplicaciones y corredores sin aplicaciones. Como ya se ha mencionado, hay br\u00f3keres que ofrecen aplicaciones para iPhone o Android. Estas aplicaciones s\u00f3lo se han desarrollado para estos sistemas operativos y no para otros. En caso de que un corredor s\u00f3lo ofrezca una aplicaci\u00f3n para iPhone y nada m\u00e1s no se puede comerciar con sus tel\u00e9fonos inteligentes Android. Luego est\u00e1n los corredores con web-apps. Estas son aplicaciones que funcionan directamente en su navegador y que son independientes del sistema operativo. As\u00ed que no importa si usted tiene un iPhone, Blackberry, Android o un tel\u00e9fono m\u00f3vil 7 de Windows &#8211; siempre y cuando lo que realmente sea es un tel\u00e9fono inteligente y no s\u00f3lo un tel\u00e9fono Nokia de hace 10 a\u00f1os, usted puede negociar opciones binarias con \u00e9l.<\/p>\n<h2>Negociando con su iPhone<\/h2>\n<p><img loading=\"lazy\" class=\"alignleft\" src=\"https:\/\/www.mcbinary.com\/wp-content\/uploads\/2012\/11\/tablet-trader-e1353584407464.jpg\" alt=\"\" width=\"225\" height=\"149\" \/><\/p>\n<p>Aunque el iPhone no es el l\u00edder del mercado hoy en d\u00eda, a\u00fan sigue siendo el m\u00f3vil m\u00e1s extendido en el mundo. Sus funciones y tecnolog\u00eda son de primera categor\u00eda y siempre establecen est\u00e1ndares. Todos los iPhones funcionan con el mismo iOS, que es el sistema operativo para iPhone y es muy f\u00e1cil de usar y navegar. Esto hace que el iPhone sea \u00fanico y mejor que otros tel\u00e9fonos inteligentes. Tambi\u00e9n es muy f\u00e1cil la negociaci\u00f3n de opciones binarias con su iPhone y le recomendamos un br\u00f3ker que ofrezca una aplicaci\u00f3n nativa para el iPhone tal y como lo hace Anyoption.<\/p>\n<h2>Los tel\u00e9fonos inteligentes Android<\/h2>\n<p>Android es una historia diferente, pero tambi\u00e9n exitosa. Se puede considerar a Android como el l\u00edder del mercado de sistemas operativos m\u00f3viles, pero s\u00f3lo porque un mont\u00f3n de diferentes fabricantes trabajan con Android. Todos los tel\u00e9fonos inteligentes de Samsung, HTC o Sony Ericsson trabajan con Android y cuando se combinan todos estos fabricantes con todos sus diferentes tel\u00e9fonos inteligentes, Android se convierte en el l\u00edder en el mercado, y es por eso que los corredores de opciones binarias no tienen otra opci\u00f3n que no sea tambi\u00e9n la creaci\u00f3n de aplicaciones para Android. Pero la mayor\u00eda de los br\u00f3keres ofrecen simplemente una aplicaci\u00f3n basada en un navegador que tambi\u00e9n funciona a la perfecci\u00f3n con todos los tel\u00e9fonos inteligentes y las tabletas Android.<\/p>\n","protected":false},"excerpt":{"rendered":"<p>Ya hay muchas plataformas de opciones binarias que han sido optimizadas para el uso m\u00f3vil. Hay tanto aplicaciones nativas que cada usuario de iPhone o Android conoce o Web-Apps que trabajan directamente en el navegador del smartphone y que son independientes de su sistema operativo. Las Web-Apps se est\u00e1n haciendo muy populares y un mont\u00f3n de operadores de opciones binarias ofrecen una plataforma de este tipo y le facilitan el comercio con su aparato m\u00f3vil.<br \/>\nEl desarrollo de los tel\u00e9fonos &#8230;<\/p>\n","protected":false},"author":1,"featured_media":0,"parent":0,"menu_order":0,"comment_status":"open","ping_status":"open","template":"","meta":[],"yoast_head":"<!-- This site is optimized with the Yoast SEO plugin v19.0 - https:\/\/yoast.com\/wordpress\/plugins\/seo\/ -->\n<title>Comercio m\u00f3vil de opciones binarias - Mc Binary<\/title>\n<meta name=\"robots\" content=\"index, follow, max-snippet:-1, max-image-preview:large, max-video-preview:-1\" \/>\n<link rel=\"canonical\" href=\"https:\/\/www.mcbinary.com\/es\/movil\/\" \/>\n<meta property=\"og:locale\" content=\"en_US\" \/>\n<meta property=\"og:type\" content=\"article\" \/>\n<meta property=\"og:title\" content=\"Comercio m\u00f3vil de opciones binarias - Mc Binary\" \/>\n<meta property=\"og:description\" content=\"Ya hay muchas plataformas de opciones binarias que han sido optimizadas para el uso m\u00f3vil. Hay tanto aplicaciones nativas que cada usuario de iPhone o Android conoce o Web-Apps que trabajan directamente en el navegador del smartphone y que son independientes de su sistema operativo. Las Web-Apps se est\u00e1n haciendo muy populares y un mont\u00f3n de operadores de opciones binarias ofrecen una plataforma de este tipo y le facilitan el comercio con su aparato m\u00f3vil. El desarrollo de los tel\u00e9fonos ...\" \/>\n<meta property=\"og:url\" content=\"https:\/\/www.mcbinary.com\/es\/movil\/\" \/>\n<meta property=\"og:site_name\" content=\"Mc Binary\" \/>\n<meta property=\"article:modified_time\" content=\"2014-10-29T13:07:19+00:00\" \/>\n<meta property=\"og:image\" content=\"https:\/\/www.mcbinary.com\/wp-content\/uploads\/2012\/11\/tablet-e1353584368422.jpg\" \/>\n<meta name=\"twitter:label1\" content=\"Est. reading time\" \/>\n\t<meta name=\"twitter:data1\" content=\"5 minutes\" \/>\n<script type=\"application\/ld+json\" class=\"yoast-schema-graph\">{\"@context\":\"https:\/\/schema.org\",\"@graph\":[{\"@type\":\"WebSite\",\"@id\":\"https:\/\/www.mcbinary.com\/es\/#website\",\"url\":\"https:\/\/www.mcbinary.com\/es\/\",\"name\":\"Mc Binary\",\"description\":\"Opcions Bin\u0430ries\",\"potentialAction\":[{\"@type\":\"SearchAction\",\"target\":{\"@type\":\"EntryPoint\",\"urlTemplate\":\"https:\/\/www.mcbinary.com\/es\/?s={search_term_string}\"},\"query-input\":\"required name=search_term_string\"}],\"inLanguage\":\"en-US\"},{\"@type\":\"ImageObject\",\"inLanguage\":\"en-US\",\"@id\":\"https:\/\/www.mcbinary.com\/es\/movil\/#primaryimage\",\"url\":\"https:\/\/www.mcbinary.com\/wp-content\/uploads\/2012\/11\/tablet-e1353584368422.jpg\",\"contentUrl\":\"https:\/\/www.mcbinary.com\/wp-content\/uploads\/2012\/11\/tablet-e1353584368422.jpg\"},{\"@type\":\"WebPage\",\"@id\":\"https:\/\/www.mcbinary.com\/es\/movil\/#webpage\",\"url\":\"https:\/\/www.mcbinary.com\/es\/movil\/\",\"name\":\"Comercio m\u00f3vil de opciones binarias - Mc Binary\",\"isPartOf\":{\"@id\":\"https:\/\/www.mcbinary.com\/es\/#website\"},\"primaryImageOfPage\":{\"@id\":\"https:\/\/www.mcbinary.com\/es\/movil\/#primaryimage\"},\"datePublished\":\"2014-10-29T12:56:47+00:00\",\"dateModified\":\"2014-10-29T13:07:19+00:00\",\"breadcrumb\":{\"@id\":\"https:\/\/www.mcbinary.com\/es\/movil\/#breadcrumb\"},\"inLanguage\":\"en-US\",\"potentialAction\":[{\"@type\":\"ReadAction\",\"target\":[\"https:\/\/www.mcbinary.com\/es\/movil\/\"]}]},{\"@type\":\"BreadcrumbList\",\"@id\":\"https:\/\/www.mcbinary.com\/es\/movil\/#breadcrumb\",\"itemListElement\":[{\"@type\":\"ListItem\",\"position\":1,\"name\":\"Home\",\"item\":\"https:\/\/www.mcbinary.com\/es\/\"},{\"@type\":\"ListItem\",\"position\":2,\"name\":\"Comercio m\u00f3vil de opciones binarias\"}]}]}<\/script>\n<!-- \/ Yoast SEO plugin. -->","yoast_head_json":{"title":"Comercio m\u00f3vil de opciones binarias - Mc Binary","robots":{"index":"index","follow":"follow","max-snippet":"max-snippet:-1","max-image-preview":"max-image-preview:large","max-video-preview":"max-video-preview:-1"},"canonical":"https:\/\/www.mcbinary.com\/es\/movil\/","og_locale":"en_US","og_type":"article","og_title":"Comercio m\u00f3vil de opciones binarias - Mc Binary","og_description":"Ya hay muchas plataformas de opciones binarias que han sido optimizadas para el uso m\u00f3vil. Hay tanto aplicaciones nativas que cada usuario de iPhone o Android conoce o Web-Apps que trabajan directamente en el navegador del smartphone y que son independientes de su sistema operativo. Las Web-Apps se est\u00e1n haciendo muy populares y un mont\u00f3n de operadores de opciones binarias ofrecen una plataforma de este tipo y le facilitan el comercio con su aparato m\u00f3vil. El desarrollo de los tel\u00e9fonos ...","og_url":"https:\/\/www.mcbinary.com\/es\/movil\/","og_site_name":"Mc Binary","article_modified_time":"2014-10-29T13:07:19+00:00","og_image":[{"url":"https:\/\/www.mcbinary.com\/wp-content\/uploads\/2012\/11\/tablet-e1353584368422.jpg"}],"twitter_misc":{"Est. reading time":"5 minutes"},"schema":{"@context":"https:\/\/schema.org","@graph":[{"@type":"WebSite","@id":"https:\/\/www.mcbinary.com\/es\/#website","url":"https:\/\/www.mcbinary.com\/es\/","name":"Mc Binary","description":"Opcions Bin\u0430ries","potentialAction":[{"@type":"SearchAction","target":{"@type":"EntryPoint","urlTemplate":"https:\/\/www.mcbinary.com\/es\/?s={search_term_string}"},"query-input":"required name=search_term_string"}],"inLanguage":"en-US"},{"@type":"ImageObject","inLanguage":"en-US","@id":"https:\/\/www.mcbinary.com\/es\/movil\/#primaryimage","url":"https:\/\/www.mcbinary.com\/wp-content\/uploads\/2012\/11\/tablet-e1353584368422.jpg","contentUrl":"https:\/\/www.mcbinary.com\/wp-content\/uploads\/2012\/11\/tablet-e1353584368422.jpg"},{"@type":"WebPage","@id":"https:\/\/www.mcbinary.com\/es\/movil\/#webpage","url":"https:\/\/www.mcbinary.com\/es\/movil\/","name":"Comercio m\u00f3vil de opciones binarias - Mc Binary","isPartOf":{"@id":"https:\/\/www.mcbinary.com\/es\/#website"},"primaryImageOfPage":{"@id":"https:\/\/www.mcbinary.com\/es\/movil\/#primaryimage"},"datePublished":"2014-10-29T12:56:47+00:00","dateModified":"2014-10-29T13:07:19+00:00","breadcrumb":{"@id":"https:\/\/www.mcbinary.com\/es\/movil\/#breadcrumb"},"inLanguage":"en-US","potentialAction":[{"@type":"ReadAction","target":["https:\/\/www.mcbinary.com\/es\/movil\/"]}]},{"@type":"BreadcrumbList","@id":"https:\/\/www.mcbinary.com\/es\/movil\/#breadcrumb","itemListElement":[{"@type":"ListItem","position":1,"name":"Home","item":"https:\/\/www.mcbinary.com\/es\/"},{"@type":"ListItem","position":2,"name":"Comercio m\u00f3vil de opciones binarias"}]}]}},"_links":{"self":[{"href":"https:\/\/www.mcbinary.com\/es\/wp-json\/wp\/v2\/pages\/201"}],"collection":[{"href":"https:\/\/www.mcbinary.com\/es\/wp-json\/wp\/v2\/pages"}],"about":[{"href":"https:\/\/www.mcbinary.com\/es\/wp-json\/wp\/v2\/types\/page"}],"author":[{"embeddable":true,"href":"https:\/\/www.mcbinary.com\/es\/wp-json\/wp\/v2\/users\/1"}],"replies":[{"embeddable":true,"href":"https:\/\/www.mcbinary.com\/es\/wp-json\/wp\/v2\/comments?post=201"}],"version-history":[{"count":1,"href":"https:\/\/www.mcbinary.com\/es\/wp-json\/wp\/v2\/pages\/201\/revisions"}],"predecessor-version":[{"id":202,"href":"https:\/\/www.mcbinary.com\/es\/wp-json\/wp\/v2\/pages\/201\/revisions\/202"}],"wp:attachment":[{"href":"https:\/\/www.mcbinary.com\/es\/wp-json\/wp\/v2\/media?parent=201"}],"curies":[{"name":"wp","href":"https:\/\/api.w.org\/{rel}","templated":true}]}}