{"id":191,"date":"2014-10-29T12:31:14","date_gmt":"2014-10-29T12:31:14","guid":{"rendered":"http:\/\/www.mcbinary.com\/es\/?page_id=191"},"modified":"2017-05-31T07:45:09","modified_gmt":"2017-05-31T06:45:09","slug":"basicos","status":"publish","type":"page","link":"https:\/\/www.mcbinary.com\/es\/basicos\/","title":{"rendered":"B\u00e1sicos"},"content":{"rendered":"<h2>Introducci\u00f3n<\/h2>\n<ul class=\"lcp_catlist\" id=\"lcp_instance_0\"><\/ul>\n<h2>Br\u00f3kers<\/h2>\n<ul class=\"lcp_catlist\" id=\"lcp_instance_0\">\n<li><a href=\"https:\/\/www.mcbinary.com\/es\/base\/escogiendo-corredor\/depositos-y-retiros\/\">\u00bfC\u00f3mo depositar y retirar fondos?<\/a><\/li>\n<li><a href=\"https:\/\/www.mcbinary.com\/es\/base\/escogiendo-corredor\/elegir-un-corredor\/\">\u00bfQu\u00e9 considerar cuando escoge a un corredor?<\/a><\/li>\n<li><a href=\"https:\/\/www.mcbinary.com\/es\/base\/escogiendo-corredor\/bonificaciones\/\">Bonificaciones de las opciones binarias<\/a><\/li>\n<li><a href=\"https:\/\/www.mcbinary.com\/es\/base\/escogiendo-corredor\/paypal\/\">Br\u00f3ker de opciones binarias con Paypal<\/a><\/li>\n<li><a href=\"https:\/\/www.mcbinary.com\/es\/base\/escogiendo-corredor\/cuentas-demo\/\">Cuentas de demostraci\u00f3n de opciones binarias gratuitas e ilimitadas<\/a><\/li>\n<li><a href=\"https:\/\/www.mcbinary.com\/es\/base\/escogiendo-corredor\/deposito-minimo\/\">Dep\u00f3sito m\u00ednimo<\/a><\/li>\n<li><a href=\"https:\/\/www.mcbinary.com\/es\/base\/escogiendo-corredor\/metodos-de-pagos\/\">M\u00e9todos de pagos de los br\u00f3keres de opciones binarias<\/a><\/li>\n<li><a href=\"https:\/\/www.mcbinary.com\/es\/base\/escogiendo-corredor\/skrill-moneybookers\/\">Negociando con Skrill (Moneybookers)<\/a><\/li>\n<\/ul>\n<h2>Activos<\/h2>\n<ul class=\"lcp_catlist\" id=\"lcp_instance_0\"><\/ul>\n","protected":false},"excerpt":{"rendered":"<p>\nMoneybookers es uno de los procesadores de pago en l\u00ednea m\u00e1s grandes, pero desaparecer\u00e1 pronto. Bueno, todav\u00eda se prestar\u00e1n los servicios, pero la marca &#8220;Moneybookers&#8221; desaparecer\u00e1. La gerencia de Moneybookers decidi\u00f3 cambiar el nombre de su servicio por Skrill. Decidieron adoptar un enfoque lento con respecto al cambio de marca. M\u00e1s de un a\u00f1o despu\u00e9s del cambio de nombre, el t\u00e9rmino &#8220;Moneybookers&#8221; sigue presente en su p\u00e1gina web y, probablemente, sea m\u00e1s conocido que Skrill. Pero es s\u00f3lo una &#8230;<\/p>\n","protected":false},"author":1,"featured_media":0,"parent":0,"menu_order":0,"comment_status":"open","ping_status":"open","template":"template_rightsidebar_horizontalnav.php","meta":[],"yoast_head":"<!-- This site is optimized with the Yoast SEO plugin v19.0 - https:\/\/yoast.com\/wordpress\/plugins\/seo\/ -->\n<title>B\u00e1sicos - Mc Binary<\/title>\n<meta name=\"robots\" content=\"index, follow, max-snippet:-1, max-image-preview:large, max-video-preview:-1\" \/>\n<link rel=\"canonical\" href=\"https:\/\/www.mcbinary.com\/es\/basicos\/\" \/>\n<meta property=\"og:locale\" content=\"en_US\" \/>\n<meta property=\"og:type\" content=\"article\" \/>\n<meta property=\"og:title\" content=\"B\u00e1sicos - Mc Binary\" \/>\n<meta property=\"og:description\" content=\"Moneybookers es uno de los procesadores de pago en l\u00ednea m\u00e1s grandes, pero desaparecer\u00e1 pronto. Bueno, todav\u00eda se prestar\u00e1n los servicios, pero la marca &#8220;Moneybookers&#8221; desaparecer\u00e1. La gerencia de Moneybookers decidi\u00f3 cambiar el nombre de su servicio por Skrill. Decidieron adoptar un enfoque lento con respecto al cambio de marca. M\u00e1s de un a\u00f1o despu\u00e9s del cambio de nombre, el t\u00e9rmino &#8220;Moneybookers&#8221; sigue presente en su p\u00e1gina web y, probablemente, sea m\u00e1s conocido que Skrill. Pero es s\u00f3lo una ...\" \/>\n<meta property=\"og:url\" content=\"https:\/\/www.mcbinary.com\/es\/basicos\/\" \/>\n<meta property=\"og:site_name\" content=\"Mc Binary\" \/>\n<meta property=\"article:modified_time\" content=\"2017-05-31T06:45:09+00:00\" \/>\n<script type=\"application\/ld+json\" class=\"yoast-schema-graph\">{\"@context\":\"https:\/\/schema.org\",\"@graph\":[{\"@type\":\"WebSite\",\"@id\":\"https:\/\/www.mcbinary.com\/es\/#website\",\"url\":\"https:\/\/www.mcbinary.com\/es\/\",\"name\":\"Mc Binary\",\"description\":\"Opcions Bin\u0430ries\",\"potentialAction\":[{\"@type\":\"SearchAction\",\"target\":{\"@type\":\"EntryPoint\",\"urlTemplate\":\"https:\/\/www.mcbinary.com\/es\/?s={search_term_string}\"},\"query-input\":\"required name=search_term_string\"}],\"inLanguage\":\"en-US\"},{\"@type\":\"WebPage\",\"@id\":\"https:\/\/www.mcbinary.com\/es\/basicos\/#webpage\",\"url\":\"https:\/\/www.mcbinary.com\/es\/basicos\/\",\"name\":\"B\u00e1sicos - Mc Binary\",\"isPartOf\":{\"@id\":\"https:\/\/www.mcbinary.com\/es\/#website\"},\"datePublished\":\"2014-10-29T12:31:14+00:00\",\"dateModified\":\"2017-05-31T06:45:09+00:00\",\"breadcrumb\":{\"@id\":\"https:\/\/www.mcbinary.com\/es\/basicos\/#breadcrumb\"},\"inLanguage\":\"en-US\",\"potentialAction\":[{\"@type\":\"ReadAction\",\"target\":[\"https:\/\/www.mcbinary.com\/es\/basicos\/\"]}]},{\"@type\":\"BreadcrumbList\",\"@id\":\"https:\/\/www.mcbinary.com\/es\/basicos\/#breadcrumb\",\"itemListElement\":[{\"@type\":\"ListItem\",\"position\":1,\"name\":\"Home\",\"item\":\"https:\/\/www.mcbinary.com\/es\/\"},{\"@type\":\"ListItem\",\"position\":2,\"name\":\"B\u00e1sicos\"}]}]}<\/script>\n<!-- \/ Yoast SEO plugin. -->","yoast_head_json":{"title":"B\u00e1sicos - Mc Binary","robots":{"index":"index","follow":"follow","max-snippet":"max-snippet:-1","max-image-preview":"max-image-preview:large","max-video-preview":"max-video-preview:-1"},"canonical":"https:\/\/www.mcbinary.com\/es\/basicos\/","og_locale":"en_US","og_type":"article","og_title":"B\u00e1sicos - Mc Binary","og_description":"Moneybookers es uno de los procesadores de pago en l\u00ednea m\u00e1s grandes, pero desaparecer\u00e1 pronto. Bueno, todav\u00eda se prestar\u00e1n los servicios, pero la marca &#8220;Moneybookers&#8221; desaparecer\u00e1. La gerencia de Moneybookers decidi\u00f3 cambiar el nombre de su servicio por Skrill. Decidieron adoptar un enfoque lento con respecto al cambio de marca. M\u00e1s de un a\u00f1o despu\u00e9s del cambio de nombre, el t\u00e9rmino &#8220;Moneybookers&#8221; sigue presente en su p\u00e1gina web y, probablemente, sea m\u00e1s conocido que Skrill. Pero es s\u00f3lo una ...","og_url":"https:\/\/www.mcbinary.com\/es\/basicos\/","og_site_name":"Mc Binary","article_modified_time":"2017-05-31T06:45:09+00:00","schema":{"@context":"https:\/\/schema.org","@graph":[{"@type":"WebSite","@id":"https:\/\/www.mcbinary.com\/es\/#website","url":"https:\/\/www.mcbinary.com\/es\/","name":"Mc Binary","description":"Opcions Bin\u0430ries","potentialAction":[{"@type":"SearchAction","target":{"@type":"EntryPoint","urlTemplate":"https:\/\/www.mcbinary.com\/es\/?s={search_term_string}"},"query-input":"required name=search_term_string"}],"inLanguage":"en-US"},{"@type":"WebPage","@id":"https:\/\/www.mcbinary.com\/es\/basicos\/#webpage","url":"https:\/\/www.mcbinary.com\/es\/basicos\/","name":"B\u00e1sicos - Mc Binary","isPartOf":{"@id":"https:\/\/www.mcbinary.com\/es\/#website"},"datePublished":"2014-10-29T12:31:14+00:00","dateModified":"2017-05-31T06:45:09+00:00","breadcrumb":{"@id":"https:\/\/www.mcbinary.com\/es\/basicos\/#breadcrumb"},"inLanguage":"en-US","potentialAction":[{"@type":"ReadAction","target":["https:\/\/www.mcbinary.com\/es\/basicos\/"]}]},{"@type":"BreadcrumbList","@id":"https:\/\/www.mcbinary.com\/es\/basicos\/#breadcrumb","itemListElement":[{"@type":"ListItem","position":1,"name":"Home","item":"https:\/\/www.mcbinary.com\/es\/"},{"@type":"ListItem","position":2,"name":"B\u00e1sicos"}]}]}},"_links":{"self":[{"href":"https:\/\/www.mcbinary.com\/es\/wp-json\/wp\/v2\/pages\/191"}],"collection":[{"href":"https:\/\/www.mcbinary.com\/es\/wp-json\/wp\/v2\/pages"}],"about":[{"href":"https:\/\/www.mcbinary.com\/es\/wp-json\/wp\/v2\/types\/page"}],"author":[{"embeddable":true,"href":"https:\/\/www.mcbinary.com\/es\/wp-json\/wp\/v2\/users\/1"}],"replies":[{"embeddable":true,"href":"https:\/\/www.mcbinary.com\/es\/wp-json\/wp\/v2\/comments?post=191"}],"version-history":[{"count":6,"href":"https:\/\/www.mcbinary.com\/es\/wp-json\/wp\/v2\/pages\/191\/revisions"}],"predecessor-version":[{"id":250,"href":"https:\/\/www.mcbinary.com\/es\/wp-json\/wp\/v2\/pages\/191\/revisions\/250"}],"wp:attachment":[{"href":"https:\/\/www.mcbinary.com\/es\/wp-json\/wp\/v2\/media?parent=191"}],"curies":[{"name":"wp","href":"https:\/\/api.w.org\/{rel}","templated":true}]}}