{"id":168,"date":"2014-10-31T12:10:44","date_gmt":"2014-10-31T11:10:44","guid":{"rendered":"http:\/\/www.mcbinary.com\/es\/?page_id=168"},"modified":"2015-11-24T16:31:16","modified_gmt":"2015-11-24T15:31:16","slug":"optionfair","status":"publish","type":"page","link":"https:\/\/www.mcbinary.com\/es\/corredors\/optionfair\/","title":{"rendered":"optionFair"},"content":{"rendered":"<p>optionFair es uno de los principales corredores de opciones binarias en el mundo. El sitio web y el software de comercializaci\u00f3n est\u00e1n disponibles en 14 idiomas diferentes, lo que demuestra que este corredor est\u00e1 operando a una escala global.<\/p>\n<p>El corredor hace parte de Mika Holding, que es propiedad de un grupo de inversores con experiencia en las \u00e1reas de cambio de divisas y operaciones con acciones. Mientras Mika Holding tiene su sede en las Islas V\u00edrgenes Brit\u00e1nicas, optionFair tiene oficinas ubicadas en la Uni\u00f3n Europea, en Chipre.<\/p>\n<p>Al igual que todos los proveedores de opciones digitales, este corredor tambi\u00e9n es relativamente joven. Pero en comparaci\u00f3n con otros corredores optionFair ya se puede considerar como una empresa establecida. El sitio web fue lanzado en el 2009 y hoy en d\u00eda es uno de los 60,000 sitios m\u00e1s visitados en todo el mundo.<\/p>\n<p style=\"text-align: center\"><strong><a class=\"gocta\" href=\"https:\/\/www.mcbinary.com\/es\/link\/optionfair\" rel=\"nofollow\">Visita www.optionfair.com ahora &gt;&gt;<\/a><\/strong><\/p>\n<h2>Plataforma de Operaciones<\/h2>\n<p>optionFair ofrece los tres tipos t\u00edpicos de opciones binarias. Debido a que la comercializaci\u00f3n se lleva a cabo en su totalidad en el navegador, no es necesaria la instalaci\u00f3n previa de un programa. Por lo tanto, tambi\u00e9n es posible negociar opciones en un Smartphone \/ iPhone o en un computador sin derechos de administrador.<\/p>\n<h3>Tipos de Operaciones<\/h3>\n<p>En optionFair usted puede negociar con opciones alta \/ baja, de un solo toque y de l\u00edmite.<\/p>\n<h3>Duraci\u00f3n<\/h3>\n<p>Todas las opciones disponibles tienen una duraci\u00f3n de menos de media hora. Tambi\u00e9n es posible entrar en las opciones en curso, por lo que la duraci\u00f3n promedio en este caso es de s\u00f3lo unos pocos minutos. Adem\u00e1s, optionFair ofrece opciones de 60 segundos, en algunos \u00edndices, divisas y commodities seleccionados. Con esas opciones altamente especulativas es posible alcanzar una\u00a0 utilidad del 70% en s\u00f3lo un minuto.<\/p>\n<h2>Cantidades m\u00e1ximas y m\u00ednimas de negociaci\u00f3n<\/h2>\n<p>optionFair es perfecta para los comerciantes principiantes debido a que la cantidad m\u00ednima que un comerciante debe invertir en una opci\u00f3n es de s\u00f3lo 25 d\u00f3lares (o euros, dependiendo de la divisa de la cuenta). El monto m\u00e1ximo por transacci\u00f3n es de 15,000 d\u00f3lares.<\/p>\n<p>&nbsp;<\/p>\n<h2>Pantallazos de optionFair<\/h2>\n<p><a href=\"https:\/\/www.mcbinary.com\/es\/link\/optionfair\" rel=\"nofollow\"><img loading=\"lazy\" src=\"https:\/\/www.mcbinary.com\/es\/wp-content\/uploads\/2014\/10\/optionfair-es-screenshot.png\" alt=\"optionfair-es-screenshot\" width=\"880\" height=\"252\" class=\"aligncenter size-full wp-image-170\" srcset=\"https:\/\/www.mcbinary.com\/es\/wp-content\/uploads\/2014\/10\/optionfair-es-screenshot.png 880w, https:\/\/www.mcbinary.com\/es\/wp-content\/uploads\/2014\/10\/optionfair-es-screenshot-300x85.png 300w\" sizes=\"(max-width: 880px) 100vw, 880px\" \/><\/a><\/p>\n<h2>Activos Subyacentes negociables en optionFair<\/h2>\n<p>Usted puede elegir entre cerca de 50 diferentes opciones entre las clases de activos: divisas, acciones, \u00edndices y commodities.<\/p>\n<p>Forex: Hay opciones de 60 segundos sobre EUR \/ USD, GBP \/ USD, USD \/ JPY y EUR \/ JPY. Adem\u00e1s de esto, usted puede negociar opciones con una duraci\u00f3n de 20 minutos en 15 pares de divisas diferentes. Estas opciones tambi\u00e9n se pueden comprar hasta 5 minutos antes de la hora de vencimiento.<\/p>\n<p>Acciones: Aqu\u00ed usted puede elegir entre m\u00e1s de 20 acciones diferentes, tales como Microsoft, Apple, Google y Facebook.<\/p>\n<p>\u00cdndices: En cuanto a los \u00edndices est\u00e1n disponibles cerca de diez opciones diferentes en optionFair. Estos incluyen los \u00edndices populares, tales como Dow Jones, Nasdaq y el \u00edndice DAX-alem\u00e1n.<\/p>\n<p>Commodities: En cuanto a los commodities, la elecci\u00f3n en optionFair es limitada. Sin embargo, este es tambi\u00e9n el caso con los dem\u00e1s corredores de opciones binarias. Adem\u00e1s de las opciones est\u00e1ndar sobre el petr\u00f3leo, el oro y la plata, tambi\u00e9n se pueden negociar opciones de 60 segundos sobre el petr\u00f3leo y la plata.<\/p>\n<h2>Porcentajes de retorno<\/h2>\n<p>Para opciones que terminan in-the-money (ITM) optionFair paga hasta el 85%. Este es el caso de los pares de divisas m\u00e1s comunes como el EUR \/ USD, GBP \/ USD y GBP \/ JPY. Si la opci\u00f3n est\u00e1 out-of-the-money (OTM) usted recibir\u00e1 hasta el 15% de la cantidad invertida. Al hacer clic en un valor en el software de comercializaci\u00f3n usted podr\u00e1 ver de inmediato los pagos ITM \/ OTM. Debido a que los pagos pueden cambiar y a que los diferentes activos subyacentes tienen tasas diferentes, siempre se deben comprobar los porcentajes de retorno antes de invertir en una opci\u00f3n. La informaci\u00f3n acerca de los retornos &#8220;in the money (en el dinero)&#8221; y &#8220;out of the money (fuera del dinero)&#8221; aparecen de forma destacada en la plataforma de negociaci\u00f3n.<\/p>\n<h2>Dep\u00f3sito m\u00ednimo y formas de pago<\/h2>\n<p>El dep\u00f3sito m\u00ednimo a trav\u00e9s de tarjeta de cr\u00e9dito o a trav\u00e9s de Skrill (anteriormente Moneybookers) en optionFair es de $200 (o \u20ac200 si usted elige el Euro como la divisa de su cuenta). Esta es una cantidad promedio en comparaci\u00f3n con otros corredores y en nuestra opini\u00f3n sigue siendo una cantidad aceptable para los principiantes. Otras opciones para dep\u00f3sito exigen mayores cantidades m\u00ednimas de dep\u00f3sito (transferencia bancaria: $500, Western Union: $ 1,500).<\/p>\n<p>El monto m\u00ednimo para los retiros es de $100. Por razones de seguridad, se hacen retiros de la misma cuenta que se utiliz\u00f3 para hacer el dep\u00f3sito inicial. Si esto no es posible, entonces las ganancias ser\u00e1n transferidas a la cuenta bancaria del comerciante. Un retiro por mes es gratis, y los retiros adicionales en el mismo mes cuestan $30 cada uno.<\/p>\n<p>En comparaci\u00f3n con otros corredores, optionFair ofrece una amplia gama de opciones de pago: tarjetas de cr\u00e9dito (Visa, Master Card), Liberty Reserve, Western Union, transferencia bancaria y el popular Moneybookers (ahora Skrill) son algunas de las maneras de depositar o retirar fondos en optionFair.<\/p>\n<h2>Soporte en optionFair<\/h2>\n<p>optionFair ofrece una funci\u00f3n de ayuda en l\u00ednea detallada y una secci\u00f3n de preguntas m\u00e1s frecuentes. Adem\u00e1s de esto, tienen un chat en vivo en siete idiomas diferentes. El servicio de atenci\u00f3n al cliente tambi\u00e9n puede ser contactado por\u00a0 medio de correo electr\u00f3nico y por tel\u00e9fono (en el momento de la rese\u00f1a escrita: en ingl\u00e9s, espa\u00f1ol, italiano, franc\u00e9s y \u00e1rabe).<\/p>\n<h2>Bonos<\/h2>\n<p>optionFair ofrece una bonificaci\u00f3n de hasta el 30% en el primer dep\u00f3sito. El porcentaje de la bonificaci\u00f3n depende de la cantidad del primer dep\u00f3sito. Para los dep\u00f3sitos por encima de $1,000, el comerciante recibe un bono del 30% hasta $1,500.<\/p>\n<h2>En conclusi\u00f3n<\/h2>\n<p>optionFair es una muy buena opci\u00f3n si desea entrar en el mundo de la comercializaci\u00f3n de opciones binarias. La comercializaci\u00f3n es muy f\u00e1cil de aprender y los pagos de hasta el 85% son altos. Gracias a la baja inversi\u00f3n m\u00ednima de $25 por negocio los principiantes que quieren arriesgar s\u00f3lo una peque\u00f1a cantidad de dinero tambi\u00e9n pueden comenzar a operar aqu\u00ed.<\/p>\n<p style=\"text-align: center\"><strong><a class=\"gocta\" href=\"https:\/\/www.mcbinary.com\/es\/link\/optionfair\" rel=\"nofollow\">Dele un vistazo al software de comercializaci\u00f3n de optionFair ahora &gt;&gt;<\/a><\/strong><\/p>\n<p>&nbsp;<\/p>\n<div class=\"message_karma_silver colored_box\" style=\"font-size:16px;\"><div><strong>Rating<\/strong><\/div>\n<div itemscope itemtype=\"http:\/\/schema.org\/Review\">\n<div itemprop=\"author\" itemscope itemtype=\"http:\/\/schema.org\/Person\">\nRevisi\u00f3n de: <span itemprop=\"name\">McBinary.com<\/span><\/div>\n<div itemprop=\"itemReviewed\" itemscope itemtype=\"http:\/\/schema.org\/Thing\">\n<span itemprop=\"name\">optionFair<\/span><\/div>\n<div itemprop=\"reviewRating\" itemscope itemtype=\"http:\/\/schema.org\/Rating\"><span style=\"color: #ffff00;\">&#9733;&#9733;&#9733;&#9733;&#9734;<\/span>&nbsp; (<meta itemprop=\"worstRating\" content=\"0\"><span itemprop=\"ratingValue\">4<\/span> \/ <span itemprop=\"bestRating\">5<\/span>)<\/div>\n<\/div>\n<\/div><br class=\"clear\" \/><p>&nbsp;<\/p>\n","protected":false},"excerpt":{"rendered":"<p>optionFair es uno de los principales corredores de opciones binarias en el mundo. El sitio web y el software de comercializaci\u00f3n est\u00e1n disponibles en 14 idiomas diferentes, lo que demuestra que este corredor est\u00e1 operando a una escala global.<br \/>\nEl corredor hace parte de Mika Holding, que es propiedad de un grupo de inversores con experiencia en las \u00e1reas de cambio de divisas y operaciones con acciones. Mientras Mika Holding tiene su sede en las Islas V\u00edrgenes Brit\u00e1nicas, optionFair tiene &#8230;<\/p>\n","protected":false},"author":1,"featured_media":0,"parent":162,"menu_order":0,"comment_status":"open","ping_status":"open","template":"","meta":[],"yoast_head":"<!-- This site is optimized with the Yoast SEO plugin v19.0 - https:\/\/yoast.com\/wordpress\/plugins\/seo\/ -->\n<title>optionFair - Mc Binary<\/title>\n<meta name=\"robots\" content=\"index, follow, max-snippet:-1, max-image-preview:large, max-video-preview:-1\" \/>\n<link rel=\"canonical\" href=\"https:\/\/www.mcbinary.com\/es\/corredors\/optionfair\/\" \/>\n<meta property=\"og:locale\" content=\"en_US\" \/>\n<meta property=\"og:type\" content=\"article\" \/>\n<meta property=\"og:title\" content=\"optionFair - Mc Binary\" \/>\n<meta property=\"og:description\" content=\"optionFair es uno de los principales corredores de opciones binarias en el mundo. El sitio web y el software de comercializaci\u00f3n est\u00e1n disponibles en 14 idiomas diferentes, lo que demuestra que este corredor est\u00e1 operando a una escala global. El corredor hace parte de Mika Holding, que es propiedad de un grupo de inversores con experiencia en las \u00e1reas de cambio de divisas y operaciones con acciones. Mientras Mika Holding tiene su sede en las Islas V\u00edrgenes Brit\u00e1nicas, optionFair tiene ...\" \/>\n<meta property=\"og:url\" content=\"https:\/\/www.mcbinary.com\/es\/corredors\/optionfair\/\" \/>\n<meta property=\"og:site_name\" content=\"Mc Binary\" \/>\n<meta property=\"article:modified_time\" content=\"2015-11-24T15:31:16+00:00\" \/>\n<meta property=\"og:image\" content=\"https:\/\/www.mcbinary.com\/es\/wp-content\/uploads\/2014\/10\/optionfair-es-screenshot.png\" \/>\n<meta name=\"twitter:label1\" content=\"Est. reading time\" \/>\n\t<meta name=\"twitter:data1\" content=\"5 minutes\" \/>\n<script type=\"application\/ld+json\" class=\"yoast-schema-graph\">{\"@context\":\"https:\/\/schema.org\",\"@graph\":[{\"@type\":\"WebSite\",\"@id\":\"https:\/\/www.mcbinary.com\/es\/#website\",\"url\":\"https:\/\/www.mcbinary.com\/es\/\",\"name\":\"Mc Binary\",\"description\":\"Opcions Bin\u0430ries\",\"potentialAction\":[{\"@type\":\"SearchAction\",\"target\":{\"@type\":\"EntryPoint\",\"urlTemplate\":\"https:\/\/www.mcbinary.com\/es\/?s={search_term_string}\"},\"query-input\":\"required name=search_term_string\"}],\"inLanguage\":\"en-US\"},{\"@type\":\"ImageObject\",\"inLanguage\":\"en-US\",\"@id\":\"https:\/\/www.mcbinary.com\/es\/corredors\/optionfair\/#primaryimage\",\"url\":\"https:\/\/www.mcbinary.com\/es\/wp-content\/uploads\/2014\/10\/optionfair-es-screenshot.png\",\"contentUrl\":\"https:\/\/www.mcbinary.com\/es\/wp-content\/uploads\/2014\/10\/optionfair-es-screenshot.png\",\"width\":880,\"height\":252},{\"@type\":\"WebPage\",\"@id\":\"https:\/\/www.mcbinary.com\/es\/corredors\/optionfair\/#webpage\",\"url\":\"https:\/\/www.mcbinary.com\/es\/corredors\/optionfair\/\",\"name\":\"optionFair - Mc Binary\",\"isPartOf\":{\"@id\":\"https:\/\/www.mcbinary.com\/es\/#website\"},\"primaryImageOfPage\":{\"@id\":\"https:\/\/www.mcbinary.com\/es\/corredors\/optionfair\/#primaryimage\"},\"datePublished\":\"2014-10-31T11:10:44+00:00\",\"dateModified\":\"2015-11-24T15:31:16+00:00\",\"breadcrumb\":{\"@id\":\"https:\/\/www.mcbinary.com\/es\/corredors\/optionfair\/#breadcrumb\"},\"inLanguage\":\"en-US\",\"potentialAction\":[{\"@type\":\"ReadAction\",\"target\":[\"https:\/\/www.mcbinary.com\/es\/corredors\/optionfair\/\"]}]},{\"@type\":\"BreadcrumbList\",\"@id\":\"https:\/\/www.mcbinary.com\/es\/corredors\/optionfair\/#breadcrumb\",\"itemListElement\":[{\"@type\":\"ListItem\",\"position\":1,\"name\":\"Home\",\"item\":\"https:\/\/www.mcbinary.com\/es\/\"},{\"@type\":\"ListItem\",\"position\":2,\"name\":\"Corredores de opciones binarias \u2013 descripci\u00f3n general de los resultados de la pruebas\",\"item\":\"https:\/\/www.mcbinary.com\/es\/corredors\/\"},{\"@type\":\"ListItem\",\"position\":3,\"name\":\"optionFair\"}]}]}<\/script>\n<!-- \/ Yoast SEO plugin. -->","yoast_head_json":{"title":"optionFair - Mc Binary","robots":{"index":"index","follow":"follow","max-snippet":"max-snippet:-1","max-image-preview":"max-image-preview:large","max-video-preview":"max-video-preview:-1"},"canonical":"https:\/\/www.mcbinary.com\/es\/corredors\/optionfair\/","og_locale":"en_US","og_type":"article","og_title":"optionFair - Mc Binary","og_description":"optionFair es uno de los principales corredores de opciones binarias en el mundo. El sitio web y el software de comercializaci\u00f3n est\u00e1n disponibles en 14 idiomas diferentes, lo que demuestra que este corredor est\u00e1 operando a una escala global. El corredor hace parte de Mika Holding, que es propiedad de un grupo de inversores con experiencia en las \u00e1reas de cambio de divisas y operaciones con acciones. Mientras Mika Holding tiene su sede en las Islas V\u00edrgenes Brit\u00e1nicas, optionFair tiene ...","og_url":"https:\/\/www.mcbinary.com\/es\/corredors\/optionfair\/","og_site_name":"Mc Binary","article_modified_time":"2015-11-24T15:31:16+00:00","og_image":[{"url":"https:\/\/www.mcbinary.com\/es\/wp-content\/uploads\/2014\/10\/optionfair-es-screenshot.png"}],"twitter_misc":{"Est. reading time":"5 minutes"},"schema":{"@context":"https:\/\/schema.org","@graph":[{"@type":"WebSite","@id":"https:\/\/www.mcbinary.com\/es\/#website","url":"https:\/\/www.mcbinary.com\/es\/","name":"Mc Binary","description":"Opcions Bin\u0430ries","potentialAction":[{"@type":"SearchAction","target":{"@type":"EntryPoint","urlTemplate":"https:\/\/www.mcbinary.com\/es\/?s={search_term_string}"},"query-input":"required name=search_term_string"}],"inLanguage":"en-US"},{"@type":"ImageObject","inLanguage":"en-US","@id":"https:\/\/www.mcbinary.com\/es\/corredors\/optionfair\/#primaryimage","url":"https:\/\/www.mcbinary.com\/es\/wp-content\/uploads\/2014\/10\/optionfair-es-screenshot.png","contentUrl":"https:\/\/www.mcbinary.com\/es\/wp-content\/uploads\/2014\/10\/optionfair-es-screenshot.png","width":880,"height":252},{"@type":"WebPage","@id":"https:\/\/www.mcbinary.com\/es\/corredors\/optionfair\/#webpage","url":"https:\/\/www.mcbinary.com\/es\/corredors\/optionfair\/","name":"optionFair - Mc Binary","isPartOf":{"@id":"https:\/\/www.mcbinary.com\/es\/#website"},"primaryImageOfPage":{"@id":"https:\/\/www.mcbinary.com\/es\/corredors\/optionfair\/#primaryimage"},"datePublished":"2014-10-31T11:10:44+00:00","dateModified":"2015-11-24T15:31:16+00:00","breadcrumb":{"@id":"https:\/\/www.mcbinary.com\/es\/corredors\/optionfair\/#breadcrumb"},"inLanguage":"en-US","potentialAction":[{"@type":"ReadAction","target":["https:\/\/www.mcbinary.com\/es\/corredors\/optionfair\/"]}]},{"@type":"BreadcrumbList","@id":"https:\/\/www.mcbinary.com\/es\/corredors\/optionfair\/#breadcrumb","itemListElement":[{"@type":"ListItem","position":1,"name":"Home","item":"https:\/\/www.mcbinary.com\/es\/"},{"@type":"ListItem","position":2,"name":"Corredores de opciones binarias \u2013 descripci\u00f3n general de los resultados de la pruebas","item":"https:\/\/www.mcbinary.com\/es\/corredors\/"},{"@type":"ListItem","position":3,"name":"optionFair"}]}]}},"_links":{"self":[{"href":"https:\/\/www.mcbinary.com\/es\/wp-json\/wp\/v2\/pages\/168"}],"collection":[{"href":"https:\/\/www.mcbinary.com\/es\/wp-json\/wp\/v2\/pages"}],"about":[{"href":"https:\/\/www.mcbinary.com\/es\/wp-json\/wp\/v2\/types\/page"}],"author":[{"embeddable":true,"href":"https:\/\/www.mcbinary.com\/es\/wp-json\/wp\/v2\/users\/1"}],"replies":[{"embeddable":true,"href":"https:\/\/www.mcbinary.com\/es\/wp-json\/wp\/v2\/comments?post=168"}],"version-history":[{"count":4,"href":"https:\/\/www.mcbinary.com\/es\/wp-json\/wp\/v2\/pages\/168\/revisions"}],"predecessor-version":[{"id":227,"href":"https:\/\/www.mcbinary.com\/es\/wp-json\/wp\/v2\/pages\/168\/revisions\/227"}],"up":[{"embeddable":true,"href":"https:\/\/www.mcbinary.com\/es\/wp-json\/wp\/v2\/pages\/162"}],"wp:attachment":[{"href":"https:\/\/www.mcbinary.com\/es\/wp-json\/wp\/v2\/media?parent=168"}],"curies":[{"name":"wp","href":"https:\/\/api.w.org\/{rel}","templated":true}]}}