{"id":164,"date":"2015-11-24T15:38:52","date_gmt":"2015-11-24T14:38:52","guid":{"rendered":"http:\/\/www.mcbinary.com\/es\/?page_id=164"},"modified":"2015-11-24T16:33:11","modified_gmt":"2015-11-24T15:33:11","slug":"24option","status":"publish","type":"page","link":"https:\/\/www.mcbinary.com\/es\/corredors\/24option\/","title":{"rendered":"Comercializando opciones con 24Option"},"content":{"rendered":"<p>Hay otro gran corredor de opciones binarias que nos gustar\u00eda examinar en McBinary: 24Option. Al igual que muchos otros corredores se encuentra en Chipre (Europa) y pertenece a inversiones Yaymay, una empresa muy grande, con operaciones en todo el mundo. Usted ver\u00e1 inmediatamente el enfoque internacional de 24option cuando eche un vistazo a todos los idiomas que ofrecen (15 idiomas en total en el momento). Este enfoque internacional hace que este corredor sea uno de los mayores corredores de opciones binarias en el mercado.<\/p>\n<p style=\"text-align: center\"><a class=\"gocta\" href=\"https:\/\/www.mcbinary.com\/es\/link\/24option\" rel=\"nofollow\">Haga clic aqu\u00ed para echar un vistazo m\u00e1s de cerca a 24option.com &gt;&gt;<\/a><\/p>\n<h2>Plataforma de Operaciones &#8211; C\u00f3mo negociar<\/h2>\n<p>Con la plataforma de comercio de 24option usted puede comercializar con las opciones m\u00e1s populares como alta \/ baja, con un solo toque o cobertura. Usted no debe llamarlo software de comercializaci\u00f3n, ya que s\u00f3lo necesita un navegador con Javascript activado. Usted no tiene que descargar ni configurar ning\u00fan software y esto es perfecto cuando est\u00e1 en movimiento o en otro equipo en el que no cuenta con derechos de administrador. Con la plataforma 24Option usted s\u00f3lo tiene que entrar al sistema y comenzar a comerciar &#8211; no podr\u00eda ser m\u00e1s sencillo.<\/p>\n<h3>Tipos de operaciones<\/h3>\n<p>En 24option usted puede comerciar con opciones alta \/ baja, de un solo toque y de l\u00edmite \/ intervalo.<\/p>\n<p><strong>Duraciones <\/strong><\/p>\n<p>Usted puede negociar con duraciones muy cortas en 24Option. Este corredor fue uno de los primeros que introdujo opciones de 60 segundos que hacen que la comercializaci\u00f3n de opciones binarias sea bastante r\u00e1pida. Pero usted no tiene que comerciar con estas duraciones cortas y puede seleccionar casi cualquier alternativa entre 60 segundos y un par de horas. Nosotros recomendamos las opciones de 60 segundos s\u00f3lo para los operadores avanzados.<\/p>\n<p><strong>Negociaci\u00f3n m\u00ednima <\/strong><\/p>\n<p>24Option realmente ofrece cantidades para todos. \u00a1Usted puede comenzar a comerciar con $24 hasta $15,000 (alto \/ bajo) para una sola opci\u00f3n! Cuando usted quiera comerciar con otras opciones diferentes a las de alta \/ baja el m\u00e1ximo es de $5,000. Gracias a esto los comerciantes de gran dispersi\u00f3n con cualquier nivel de habilidad pueden operar c\u00f3modamente en 24Option.<\/p>\n<p>&nbsp;<\/p>\n<h3>Pantallazos de 24option<\/h3>\n<p><a href=\"https:\/\/www.mcbinary.com\/es\/link\/24option\" rel=\"nofollow\"><img loading=\"lazy\" src=\"https:\/\/www.mcbinary.com\/es\/wp-content\/uploads\/2014\/10\/screenshot-24option-es.png\" alt=\"screenshot-24option-es\" width=\"876\" height=\"300\" class=\"aligncenter size-full wp-image-166\" srcset=\"https:\/\/www.mcbinary.com\/es\/wp-content\/uploads\/2014\/10\/screenshot-24option-es.png 876w, https:\/\/www.mcbinary.com\/es\/wp-content\/uploads\/2014\/10\/screenshot-24option-es-300x102.png 300w\" sizes=\"(max-width: 876px) 100vw, 876px\" \/><\/a><\/p>\n<h2>Activos en 24Option<\/h2>\n<p>En 24Option usted puede elegir entre 50 diferentes activos con las siguientes categor\u00edas: Divisas (Forex), acciones, \u00edndices y materias primas. La oferta de divisas es la m\u00e1s grande. Este tambi\u00e9n es el caso con la mayor\u00eda de los corredores de opciones binarias.<\/p>\n<p>Forex: Usted puede negociar todos los pares de divisas populares como el EUR \/ USD, EUR \/ JPY, USD \/ JPY, GBP \/ USD y USD \/ CHF.<\/p>\n<p>Acciones: Todas las principales empresas p\u00fablicas con la mayor capitalizaci\u00f3n de mercado se pueden negociar en 24Option. Usted puede negociar con las compa\u00f1\u00edas europeas tales como France Telecom, Vodafone, BP o Societe General. As\u00ed como tambi\u00e9n con acciones como las de Apple, Amazon, Google o Facebook.<\/p>\n<p>\u00cdndices: Todos los \u00edndices populares como el \u00edndice Dow Jones, DAX, CAC, SMI y muchos m\u00e1s.<\/p>\n<p>Commodities: Usted puede negociar opciones binarias con los principales commodities: petr\u00f3leo crudo, oro y plata. \u00a1Tambi\u00e9n puede negociar el oro en EUR o JPY y eso es algo \u00fanico!<\/p>\n<h2>Pagos<\/h2>\n<p>24Option paga entre el 70 y el 85% para las opciones in-the-money. En t\u00e9rminos generales, cuanto m\u00e1s l\u00edquido sea un activo, mayor ser\u00e1 el pago. Para un par de divisas como el EUR \/ USD usted puede obtener un 85% de utilidad para las opciones que expiran in-the-money. Para las opciones de 60 segundos se puede obtener una utilidad del 70% &#8211; no est\u00e1 mal para un minuto, \u00bfcierto?<\/p>\n<p>No es posible describir todos los pagos en esta rese\u00f1a, puesto que \u00e9stos van a cambiar con el tiempo, se introducir\u00e1n nuevos activos, etc. Usted debe echar un vistazo a sus pagos antes de hacer su negocio. Todos los pagos ser\u00e1n visibles en la plataforma de negociaci\u00f3n, no s\u00f3lo los pagos in-the-money, sino tambi\u00e9n los pagos out-of-the-money.<\/p>\n<h2>Dep\u00f3sitos, retiros y dep\u00f3sito m\u00ednimo<\/h2>\n<p>El dep\u00f3sito m\u00ednimo en 24Option es de $ 250 en caso de que usted haga su dep\u00f3sito con tarjeta de cr\u00e9dito o pagos en l\u00ednea como Skrill (anteriormente Moneybookers) o Liberty Reserve. Si usted desea hacer el dep\u00f3sito a trav\u00e9s de una transferencia bancaria, el pago m\u00ednimo es de $1,000.<\/p>\n<p>Cuando usted efect\u00fae su primer retiro tendr\u00e1 que probar su identidad. Usted puede hacerlo en l\u00ednea subiendo una copia escaneada de su documento de identidad y una factura de servicios p\u00fablicos (por ejemplo, una factura de electricidad). Usted tiene que realizar\u00a0 un retiro con la opci\u00f3n de pago que ha elegido para su dep\u00f3sito. Este es un procedimiento de lucha contra el lavado de dinero que tendr\u00e1 que aceptar y tambi\u00e9n tendr\u00e1 que hacer lo mismo con todos los dem\u00e1s corredores.<\/p>\n<p>Usted puede retirar tambi\u00e9n cantidades muy peque\u00f1as como $10. Una salida de efectivo por mes es gratuita. Para retiros adicionales hay una cuota de $30.<\/p>\n<h2>Atenci\u00f3n al cliente<\/h2>\n<p>Hay una muy amplia secci\u00f3n de preguntas frecuentes donde se responder\u00e1n casi todas las preguntas. Si usted no encuentra la respuesta a su pregunta puede ponerse en contacto con 24Option a trav\u00e9s del &#8220;chat en vivo&#8221; o por correo electr\u00f3nico. Recomendamos el uso de su &#8220;chat en vivo&#8221;, ya que es la manera m\u00e1s r\u00e1pida y m\u00e1s eficiente para ponerse en contacto con ellos.<\/p>\n<h2>Bonos de 24Option<\/h2>\n<p>Hay ofertas de bonos en ocasiones, y usted recibir\u00e1 correos electr\u00f3nicos con determinadas ofertas. As\u00ed que aseg\u00farese de recibir el bolet\u00edn de 24option en caso de que usted est\u00e9 buscando ofertas de bonos atractivas y otras promociones.<\/p>\n<h2>En conclusi\u00f3n<\/h2>\n<p>24Option es otro gran corredor de opciones binarias y usted debe echar un vistazo m\u00e1s de cerca si quiere formar parte de este mercado de r\u00e1pido crecimiento. Sin embargo, recomendamos 24option para los comerciantes m\u00e1s avanzados debido al dep\u00f3sito m\u00ednimo de $250 y a la opci\u00f3n m\u00ednima de $24, y debido al hecho de que la mayor\u00eda de las promociones est\u00e1n dirigidas a los comerciantes con mayores recursos. Los operadores principiantes pueden preferir Anyoption sobre 24option por lo que sugerimos que usted les eche una mirada a ellos. Pero si usted es un comerciante avanzado listo para depositar un par de miles de d\u00f3lares, estar\u00e1 muy satisfecho con 24Option!<\/p>\n<p style=\"text-align: center\"><a class=\"gocta\" href=\"https:\/\/www.mcbinary.com\/es\/link\/24option\" rel=\"nofollow\">\u00a1Visite el sitio web www.24option.com ahora! &gt;&gt;<\/a><\/p>\n<p>&nbsp;<\/p>\n<div class=\"message_karma_silver colored_box\" style=\"font-size:16px;\"><div><strong>Rating<\/strong><\/div>\n<div itemscope itemtype=\"http:\/\/schema.org\/Review\">\n<div itemprop=\"author\" itemscope itemtype=\"http:\/\/schema.org\/Person\">\nRevisi\u00f3n de: <span itemprop=\"name\">McBinary.com<\/span><\/div>\n<div itemprop=\"itemReviewed\" itemscope itemtype=\"http:\/\/schema.org\/Thing\">\n<span itemprop=\"name\">24Option<\/span><\/div>\n<div itemprop=\"reviewRating\" itemscope itemtype=\"http:\/\/schema.org\/Rating\"><span style=\"color: #ffff00;\">&#9733;&#9733;&#9733;&#9733;&#9733;<\/span>&nbsp; (<meta itemprop=\"worstRating\" content=\"0\"><span itemprop=\"ratingValue\">5<\/span> \/ <span itemprop=\"bestRating\">5<\/span>)<\/div>\n<\/div>\n<\/div><br class=\"clear\" \/><p>&nbsp;<\/p>\n","protected":false},"excerpt":{"rendered":"<p>Hay otro gran corredor de opciones binarias que nos gustar\u00eda examinar en McBinary: 24Option. Al igual que muchos otros corredores se encuentra en Chipre (Europa) y pertenece a inversiones Yaymay, una empresa muy grande, con operaciones en todo el mundo. Usted ver\u00e1 inmediatamente el enfoque internacional de 24option cuando eche un vistazo a todos los idiomas que ofrecen (15 idiomas en total en el momento). Este enfoque internacional hace que este corredor sea uno de los mayores corredores de opciones &#8230;<\/p>\n","protected":false},"author":1,"featured_media":0,"parent":162,"menu_order":0,"comment_status":"open","ping_status":"open","template":"","meta":[],"yoast_head":"<!-- This site is optimized with the Yoast SEO plugin v19.0 - https:\/\/yoast.com\/wordpress\/plugins\/seo\/ -->\n<title>Comercializando opciones con 24Option - Mc Binary<\/title>\n<meta name=\"robots\" content=\"index, follow, max-snippet:-1, max-image-preview:large, max-video-preview:-1\" \/>\n<link rel=\"canonical\" href=\"https:\/\/www.mcbinary.com\/es\/corredors\/24option\/\" \/>\n<meta property=\"og:locale\" content=\"en_US\" \/>\n<meta property=\"og:type\" content=\"article\" \/>\n<meta property=\"og:title\" content=\"Comercializando opciones con 24Option - Mc Binary\" \/>\n<meta property=\"og:description\" content=\"Hay otro gran corredor de opciones binarias que nos gustar\u00eda examinar en McBinary: 24Option. Al igual que muchos otros corredores se encuentra en Chipre (Europa) y pertenece a inversiones Yaymay, una empresa muy grande, con operaciones en todo el mundo. Usted ver\u00e1 inmediatamente el enfoque internacional de 24option cuando eche un vistazo a todos los idiomas que ofrecen (15 idiomas en total en el momento). Este enfoque internacional hace que este corredor sea uno de los mayores corredores de opciones ...\" \/>\n<meta property=\"og:url\" content=\"https:\/\/www.mcbinary.com\/es\/corredors\/24option\/\" \/>\n<meta property=\"og:site_name\" content=\"Mc Binary\" \/>\n<meta property=\"article:modified_time\" content=\"2015-11-24T15:33:11+00:00\" \/>\n<meta property=\"og:image\" content=\"https:\/\/www.mcbinary.com\/es\/wp-content\/uploads\/2014\/10\/screenshot-24option-es.png\" \/>\n<meta name=\"twitter:label1\" content=\"Est. reading time\" \/>\n\t<meta name=\"twitter:data1\" content=\"6 minutes\" \/>\n<script type=\"application\/ld+json\" class=\"yoast-schema-graph\">{\"@context\":\"https:\/\/schema.org\",\"@graph\":[{\"@type\":\"WebSite\",\"@id\":\"https:\/\/www.mcbinary.com\/es\/#website\",\"url\":\"https:\/\/www.mcbinary.com\/es\/\",\"name\":\"Mc Binary\",\"description\":\"Opcions Bin\u0430ries\",\"potentialAction\":[{\"@type\":\"SearchAction\",\"target\":{\"@type\":\"EntryPoint\",\"urlTemplate\":\"https:\/\/www.mcbinary.com\/es\/?s={search_term_string}\"},\"query-input\":\"required name=search_term_string\"}],\"inLanguage\":\"en-US\"},{\"@type\":\"ImageObject\",\"inLanguage\":\"en-US\",\"@id\":\"https:\/\/www.mcbinary.com\/es\/corredors\/24option\/#primaryimage\",\"url\":\"https:\/\/www.mcbinary.com\/es\/wp-content\/uploads\/2014\/10\/screenshot-24option-es.png\",\"contentUrl\":\"https:\/\/www.mcbinary.com\/es\/wp-content\/uploads\/2014\/10\/screenshot-24option-es.png\",\"width\":876,\"height\":300},{\"@type\":\"WebPage\",\"@id\":\"https:\/\/www.mcbinary.com\/es\/corredors\/24option\/#webpage\",\"url\":\"https:\/\/www.mcbinary.com\/es\/corredors\/24option\/\",\"name\":\"Comercializando opciones con 24Option - Mc Binary\",\"isPartOf\":{\"@id\":\"https:\/\/www.mcbinary.com\/es\/#website\"},\"primaryImageOfPage\":{\"@id\":\"https:\/\/www.mcbinary.com\/es\/corredors\/24option\/#primaryimage\"},\"datePublished\":\"2015-11-24T14:38:52+00:00\",\"dateModified\":\"2015-11-24T15:33:11+00:00\",\"breadcrumb\":{\"@id\":\"https:\/\/www.mcbinary.com\/es\/corredors\/24option\/#breadcrumb\"},\"inLanguage\":\"en-US\",\"potentialAction\":[{\"@type\":\"ReadAction\",\"target\":[\"https:\/\/www.mcbinary.com\/es\/corredors\/24option\/\"]}]},{\"@type\":\"BreadcrumbList\",\"@id\":\"https:\/\/www.mcbinary.com\/es\/corredors\/24option\/#breadcrumb\",\"itemListElement\":[{\"@type\":\"ListItem\",\"position\":1,\"name\":\"Home\",\"item\":\"https:\/\/www.mcbinary.com\/es\/\"},{\"@type\":\"ListItem\",\"position\":2,\"name\":\"Corredores de opciones binarias \u2013 descripci\u00f3n general de los resultados de la pruebas\",\"item\":\"https:\/\/www.mcbinary.com\/es\/corredors\/\"},{\"@type\":\"ListItem\",\"position\":3,\"name\":\"Comercializando opciones con 24Option\"}]}]}<\/script>\n<!-- \/ Yoast SEO plugin. -->","yoast_head_json":{"title":"Comercializando opciones con 24Option - Mc Binary","robots":{"index":"index","follow":"follow","max-snippet":"max-snippet:-1","max-image-preview":"max-image-preview:large","max-video-preview":"max-video-preview:-1"},"canonical":"https:\/\/www.mcbinary.com\/es\/corredors\/24option\/","og_locale":"en_US","og_type":"article","og_title":"Comercializando opciones con 24Option - Mc Binary","og_description":"Hay otro gran corredor de opciones binarias que nos gustar\u00eda examinar en McBinary: 24Option. Al igual que muchos otros corredores se encuentra en Chipre (Europa) y pertenece a inversiones Yaymay, una empresa muy grande, con operaciones en todo el mundo. Usted ver\u00e1 inmediatamente el enfoque internacional de 24option cuando eche un vistazo a todos los idiomas que ofrecen (15 idiomas en total en el momento). Este enfoque internacional hace que este corredor sea uno de los mayores corredores de opciones ...","og_url":"https:\/\/www.mcbinary.com\/es\/corredors\/24option\/","og_site_name":"Mc Binary","article_modified_time":"2015-11-24T15:33:11+00:00","og_image":[{"url":"https:\/\/www.mcbinary.com\/es\/wp-content\/uploads\/2014\/10\/screenshot-24option-es.png"}],"twitter_misc":{"Est. reading time":"6 minutes"},"schema":{"@context":"https:\/\/schema.org","@graph":[{"@type":"WebSite","@id":"https:\/\/www.mcbinary.com\/es\/#website","url":"https:\/\/www.mcbinary.com\/es\/","name":"Mc Binary","description":"Opcions Bin\u0430ries","potentialAction":[{"@type":"SearchAction","target":{"@type":"EntryPoint","urlTemplate":"https:\/\/www.mcbinary.com\/es\/?s={search_term_string}"},"query-input":"required name=search_term_string"}],"inLanguage":"en-US"},{"@type":"ImageObject","inLanguage":"en-US","@id":"https:\/\/www.mcbinary.com\/es\/corredors\/24option\/#primaryimage","url":"https:\/\/www.mcbinary.com\/es\/wp-content\/uploads\/2014\/10\/screenshot-24option-es.png","contentUrl":"https:\/\/www.mcbinary.com\/es\/wp-content\/uploads\/2014\/10\/screenshot-24option-es.png","width":876,"height":300},{"@type":"WebPage","@id":"https:\/\/www.mcbinary.com\/es\/corredors\/24option\/#webpage","url":"https:\/\/www.mcbinary.com\/es\/corredors\/24option\/","name":"Comercializando opciones con 24Option - Mc Binary","isPartOf":{"@id":"https:\/\/www.mcbinary.com\/es\/#website"},"primaryImageOfPage":{"@id":"https:\/\/www.mcbinary.com\/es\/corredors\/24option\/#primaryimage"},"datePublished":"2015-11-24T14:38:52+00:00","dateModified":"2015-11-24T15:33:11+00:00","breadcrumb":{"@id":"https:\/\/www.mcbinary.com\/es\/corredors\/24option\/#breadcrumb"},"inLanguage":"en-US","potentialAction":[{"@type":"ReadAction","target":["https:\/\/www.mcbinary.com\/es\/corredors\/24option\/"]}]},{"@type":"BreadcrumbList","@id":"https:\/\/www.mcbinary.com\/es\/corredors\/24option\/#breadcrumb","itemListElement":[{"@type":"ListItem","position":1,"name":"Home","item":"https:\/\/www.mcbinary.com\/es\/"},{"@type":"ListItem","position":2,"name":"Corredores de opciones binarias \u2013 descripci\u00f3n general de los resultados de la pruebas","item":"https:\/\/www.mcbinary.com\/es\/corredors\/"},{"@type":"ListItem","position":3,"name":"Comercializando opciones con 24Option"}]}]}},"_links":{"self":[{"href":"https:\/\/www.mcbinary.com\/es\/wp-json\/wp\/v2\/pages\/164"}],"collection":[{"href":"https:\/\/www.mcbinary.com\/es\/wp-json\/wp\/v2\/pages"}],"about":[{"href":"https:\/\/www.mcbinary.com\/es\/wp-json\/wp\/v2\/types\/page"}],"author":[{"embeddable":true,"href":"https:\/\/www.mcbinary.com\/es\/wp-json\/wp\/v2\/users\/1"}],"replies":[{"embeddable":true,"href":"https:\/\/www.mcbinary.com\/es\/wp-json\/wp\/v2\/comments?post=164"}],"version-history":[{"count":3,"href":"https:\/\/www.mcbinary.com\/es\/wp-json\/wp\/v2\/pages\/164\/revisions"}],"predecessor-version":[{"id":230,"href":"https:\/\/www.mcbinary.com\/es\/wp-json\/wp\/v2\/pages\/164\/revisions\/230"}],"up":[{"embeddable":true,"href":"https:\/\/www.mcbinary.com\/es\/wp-json\/wp\/v2\/pages\/162"}],"wp:attachment":[{"href":"https:\/\/www.mcbinary.com\/es\/wp-json\/wp\/v2\/media?parent=164"}],"curies":[{"name":"wp","href":"https:\/\/api.w.org\/{rel}","templated":true}]}}