{"id":162,"date":"2014-10-29T11:56:00","date_gmt":"2014-10-29T11:56:00","guid":{"rendered":"http:\/\/www.mcbinary.com\/es\/?page_id=162"},"modified":"2017-05-31T07:30:53","modified_gmt":"2017-05-31T06:30:53","slug":"corredors","status":"publish","type":"page","link":"https:\/\/www.mcbinary.com\/es\/corredors\/","title":{"rendered":"Corredores de opciones binarias \u2013 descripci\u00f3n general de los resultados de la pruebas"},"content":{"rendered":"<table id=\"wp-table-reloaded-id-1-no-1\" class=\"wp-table-reloaded wp-table-reloaded-id-1\">\n<thead>\n<tr class=\"row-1 odd\">\n<th class=\"column-1\"><center><strong>Br\u00f3ker<\/strong><\/center><\/th>\n<th class=\"column-2\"><center><strong>Min.  $<\/strong><\/center><\/th>\n<th class=\"column-3\"><center><strong>Bonificaci\u00f3n<\/strong><\/center><\/th>\n<th class=\"column-4\"><center><strong>Rese\u00f1a<\/strong><\/center><\/th>\n<th class=\"column-5\"><center><strong>Sitio web<\/strong><\/center><\/th>\n<\/tr>\n<\/thead>\n<tbody>\n<tr class=\"row-2 even\">\n<td class=\"column-1\"><center><a href=\"https:\/\/www.mcbinary.com\/es\/link\/iqoption\" rel=\"nofollow\"><img src=\"https:\/\/www.mcbinary.com\/wp-content\/uploads\/grafic\/logo-iqoption.gif\" width=\"90\" height=\"50\"><\/a><\/center><\/td>\n<td class=\"column-2\"><center>10$<\/center><\/td>\n<td class=\"column-3\"><center>s\u00ed <\/center><\/td>\n<td class=\"column-4\"><center><a href=\"https:\/\/www.mcbinary.com\/es\/link\/iqoption\" rel=\"nofollow\">IQ Option Rese\u00f1a<\/a><\/center><\/td>\n<td class=\"column-5\"><center><a href=\"https:\/\/www.mcbinary.com\/es\/link\/iqoption\" rel=\"nofollow\">www.iqoption.com<\/a><\/center><\/td>\n<\/tr>\n<tr class=\"row-3 odd\">\n<td class=\"column-1\"><center><a href=\"https:\/\/www.mcbinary.com\/es\/link\/24option\" rel=\"nofollow\"><img src=\"https:\/\/www.mcbinary.com\/wp-content\/uploads\/grafic\/logo-24option.gif\" width=\"90\" height=\"50\"><\/a><\/center><\/td>\n<td class=\"column-2\"><center>250$<\/center><\/td>\n<td class=\"column-3\"><center>\u00ed <\/center><\/td>\n<td class=\"column-4\"><center><a href=\"https:\/\/www.mcbinary.com\/option-brokers\/24option\/\">24option Rese\u00f1a<\/a><\/center><\/td>\n<td class=\"column-5\"><center><a href=\"https:\/\/www.mcbinary.com\/es\/link\/24option\" rel=\"nofollow\">www.24option.com<\/a><\/center><\/td>\n<\/tr>\n<tr class=\"row-4 even\">\n<td class=\"column-1\"><center><a href=\"https:\/\/www.mcbinary.com\/es\/link\/optionfair\" rel=\"nofollow\"><img src=\"https:\/\/www.mcbinary.com\/wp-content\/uploads\/grafic\/logo-optionfair.gif\" width=\"90\" height=\"50\"><\/a><\/center><\/td>\n<td class=\"column-2\"><center>200$<\/center><\/td>\n<td class=\"column-3\"><center>30%<\/center><\/td>\n<td class=\"column-4\"><center><a href=\"https:\/\/www.mcbinary.com\/option-brokers\/optionfair\/\">OptionFair Rese\u00f1a<\/a><\/center><\/td>\n<td class=\"column-5\"><center><a href=\"https:\/\/www.mcbinary.com\/es\/link\/optionfair\" rel=\"nofollow\">www.optionfair.com<\/a><\/center><\/td>\n<\/tr>\n<tr class=\"row-5 odd\">\n<td class=\"column-1\"><center><a href=\"https:\/\/www.mcbinary.com\/es\/link\/bancdeswiss\" rel=\"nofollow\"><img src=\"https:\/\/www.mcbinary.com\/wp-content\/uploads\/grafic\/logo-bancdeswiss.gif\" width=\"90\" height=\"50\"><\/a><\/center><\/td>\n<td class=\"column-2\"><center>100$<\/center><\/td>\n<td class=\"column-3\"><center>no<\/center><\/td>\n<td class=\"column-4\"><center><a href=\"https:\/\/www.mcbinary.com\/es\/link\/bancdeswiss\">BDSwiss Rese\u00f1a<\/a><\/center><\/td>\n<td class=\"column-5\"><center><a href=\"https:\/\/www.mcbinary.com\/es\/link\/bancdeswiss\" rel=\"nofollow\">www.BDSwiss.com<\/a><\/center><\/td>\n<\/tr>\n<\/tbody>\n<\/table>\n<p>ADVERTENCIA DE PELIGRO: TU CAPITAL PUEDE ESTAR EN RIESGO <\/p>\n<h2>\u00bfQu\u00e9 hace a un buen corredor?<\/h2>\n<p>Si le hiciera esta pregunta a 100 comerciantes, probablemente obtendr\u00eda 100 respuestas diferentes. Tal vez existan algunas opiniones comunes, tales como que los retornos deban ser altos o que el servicio al cliente deba ser bueno. Pero en resumen, s\u00f3lo hay una respuesta correcta a la pregunta anterior: \u00a1Para un buen corredor de opciones binarias, <strong>los operadores son el centro de atenci\u00f3n<\/strong> y nada m\u00e1s! Cualquier persona que se registre con un buen corredor se sentir\u00e1 c\u00f3modo inmediatamente. \u00c9l recibir\u00e1 apoyo dondequiera que lo necesite; no tendr\u00e1 problemas para hacer un dep\u00f3sito e inmediatamente entender\u00e1 c\u00f3mo funciona la plataforma de negociaci\u00f3n.<\/p>\n<p>Y, por supuesto, un buen corredor tendr\u00e1 que ofrecer porcentajes de pago razonables. No decimos &#8220;los mejores pagos&#8221; porque aqu\u00ed es donde el corredor tendr\u00e1 que hacer un compromiso. Debido a que un corredor tambi\u00e9n debe invertir en su servicio al cliente, en el desarrollo de la plataforma de negociaci\u00f3n y en cosas por el estilo. Por lo tanto, simplemente no es posible ofrecer un retorno de 99% en el caso de las alternativas monetarias. En la medida de las posibilidades el criterio de &#8220;pago alto&#8221; debe ser relativizado por el de &#8220;pago justo&#8221;.<\/p>\n<h2>\u00bfQu\u00e9 plataformas de negociaci\u00f3n est\u00e1n disponibles?<\/h2>\n<p>Se podr\u00eda pensar que hay un sinn\u00famero de plataformas disponibles para el comercio de opciones binarias, pero ese no es el caso. La principal raz\u00f3n para ello es que el desarrollo de una plataforma de este tipo es muy costoso y existen muy buenas plataformas para las cuales un corredor nuevo puede comprar una soluci\u00f3n de marca blanca. Esto significa que un corredor adquiere el derecho a utilizar una determinada plataforma y le ofrece a sus clientes acceso a ella bajo su nombre de marca.<\/p>\n<p>Las plataformas comerciales m\u00e1s conocidas son sin duda SpotOption, Tradologic y OptionFair. A pesar de que este \u00faltimo es un corredor por s\u00ed mismo, otros corredores como 24Option utilizan la misma plataforma. SpotOption y Tradologic son ejemplos de plataformas de marca blanca de uso generalizado. Si elige un corredor al azar hoy, es muy probable que, este opere en la plataforma de SpotOption o en la plataforma de Tradologic. Sin embargo hay corredores que se han tomado la molestia de desarrollar una plataforma totalmente independiente como Anyoption.<\/p>\n","protected":false},"excerpt":{"rendered":"<p>ADVERTENCIA DE PELIGRO: TU CAPITAL PUEDE ESTAR EN RIESGO <br \/>\n\u00bfQu\u00e9 hace a un buen corredor?<br \/>\nSi le hiciera esta pregunta a 100 comerciantes, probablemente obtendr\u00eda 100 respuestas diferentes. Tal vez existan algunas opiniones comunes, tales como que los retornos deban ser altos o que el servicio al cliente deba ser bueno. Pero en resumen, s\u00f3lo hay una respuesta correcta a la pregunta anterior: \u00a1Para un buen corredor de opciones binarias, los operadores son el centro de atenci\u00f3n y nada &#8230;<\/p>\n","protected":false},"author":1,"featured_media":0,"parent":0,"menu_order":0,"comment_status":"open","ping_status":"open","template":"","meta":[],"yoast_head":"<!-- This site is optimized with the Yoast SEO plugin v19.0 - https:\/\/yoast.com\/wordpress\/plugins\/seo\/ -->\n<title>Corredores de opciones binarias \u2013 descripci\u00f3n general de los resultados de la pruebas - Mc Binary<\/title>\n<meta name=\"robots\" content=\"index, follow, max-snippet:-1, max-image-preview:large, max-video-preview:-1\" \/>\n<link rel=\"canonical\" href=\"https:\/\/www.mcbinary.com\/es\/corredors\/\" \/>\n<meta property=\"og:locale\" content=\"en_US\" \/>\n<meta property=\"og:type\" content=\"article\" \/>\n<meta property=\"og:title\" content=\"Corredores de opciones binarias \u2013 descripci\u00f3n general de los resultados de la pruebas - Mc Binary\" \/>\n<meta property=\"og:description\" content=\"ADVERTENCIA DE PELIGRO: TU CAPITAL PUEDE ESTAR EN RIESGO \u00bfQu\u00e9 hace a un buen corredor? Si le hiciera esta pregunta a 100 comerciantes, probablemente obtendr\u00eda 100 respuestas diferentes. Tal vez existan algunas opiniones comunes, tales como que los retornos deban ser altos o que el servicio al cliente deba ser bueno. Pero en resumen, s\u00f3lo hay una respuesta correcta a la pregunta anterior: \u00a1Para un buen corredor de opciones binarias, los operadores son el centro de atenci\u00f3n y nada ...\" \/>\n<meta property=\"og:url\" content=\"https:\/\/www.mcbinary.com\/es\/corredors\/\" \/>\n<meta property=\"og:site_name\" content=\"Mc Binary\" \/>\n<meta property=\"article:modified_time\" content=\"2017-05-31T06:30:53+00:00\" \/>\n<meta name=\"twitter:label1\" content=\"Est. reading time\" \/>\n\t<meta name=\"twitter:data1\" content=\"2 minutes\" \/>\n<script type=\"application\/ld+json\" class=\"yoast-schema-graph\">{\"@context\":\"https:\/\/schema.org\",\"@graph\":[{\"@type\":\"WebSite\",\"@id\":\"https:\/\/www.mcbinary.com\/es\/#website\",\"url\":\"https:\/\/www.mcbinary.com\/es\/\",\"name\":\"Mc Binary\",\"description\":\"Opcions Bin\u0430ries\",\"potentialAction\":[{\"@type\":\"SearchAction\",\"target\":{\"@type\":\"EntryPoint\",\"urlTemplate\":\"https:\/\/www.mcbinary.com\/es\/?s={search_term_string}\"},\"query-input\":\"required name=search_term_string\"}],\"inLanguage\":\"en-US\"},{\"@type\":\"WebPage\",\"@id\":\"https:\/\/www.mcbinary.com\/es\/corredors\/#webpage\",\"url\":\"https:\/\/www.mcbinary.com\/es\/corredors\/\",\"name\":\"Corredores de opciones binarias \u2013 descripci\u00f3n general de los resultados de la pruebas - Mc Binary\",\"isPartOf\":{\"@id\":\"https:\/\/www.mcbinary.com\/es\/#website\"},\"datePublished\":\"2014-10-29T11:56:00+00:00\",\"dateModified\":\"2017-05-31T06:30:53+00:00\",\"breadcrumb\":{\"@id\":\"https:\/\/www.mcbinary.com\/es\/corredors\/#breadcrumb\"},\"inLanguage\":\"en-US\",\"potentialAction\":[{\"@type\":\"ReadAction\",\"target\":[\"https:\/\/www.mcbinary.com\/es\/corredors\/\"]}]},{\"@type\":\"BreadcrumbList\",\"@id\":\"https:\/\/www.mcbinary.com\/es\/corredors\/#breadcrumb\",\"itemListElement\":[{\"@type\":\"ListItem\",\"position\":1,\"name\":\"Home\",\"item\":\"https:\/\/www.mcbinary.com\/es\/\"},{\"@type\":\"ListItem\",\"position\":2,\"name\":\"Corredores de opciones binarias \u2013 descripci\u00f3n general de los resultados de la pruebas\"}]}]}<\/script>\n<!-- \/ Yoast SEO plugin. -->","yoast_head_json":{"title":"Corredores de opciones binarias \u2013 descripci\u00f3n general de los resultados de la pruebas - Mc Binary","robots":{"index":"index","follow":"follow","max-snippet":"max-snippet:-1","max-image-preview":"max-image-preview:large","max-video-preview":"max-video-preview:-1"},"canonical":"https:\/\/www.mcbinary.com\/es\/corredors\/","og_locale":"en_US","og_type":"article","og_title":"Corredores de opciones binarias \u2013 descripci\u00f3n general de los resultados de la pruebas - Mc Binary","og_description":"ADVERTENCIA DE PELIGRO: TU CAPITAL PUEDE ESTAR EN RIESGO \u00bfQu\u00e9 hace a un buen corredor? Si le hiciera esta pregunta a 100 comerciantes, probablemente obtendr\u00eda 100 respuestas diferentes. Tal vez existan algunas opiniones comunes, tales como que los retornos deban ser altos o que el servicio al cliente deba ser bueno. Pero en resumen, s\u00f3lo hay una respuesta correcta a la pregunta anterior: \u00a1Para un buen corredor de opciones binarias, los operadores son el centro de atenci\u00f3n y nada ...","og_url":"https:\/\/www.mcbinary.com\/es\/corredors\/","og_site_name":"Mc Binary","article_modified_time":"2017-05-31T06:30:53+00:00","twitter_misc":{"Est. reading time":"2 minutes"},"schema":{"@context":"https:\/\/schema.org","@graph":[{"@type":"WebSite","@id":"https:\/\/www.mcbinary.com\/es\/#website","url":"https:\/\/www.mcbinary.com\/es\/","name":"Mc Binary","description":"Opcions Bin\u0430ries","potentialAction":[{"@type":"SearchAction","target":{"@type":"EntryPoint","urlTemplate":"https:\/\/www.mcbinary.com\/es\/?s={search_term_string}"},"query-input":"required name=search_term_string"}],"inLanguage":"en-US"},{"@type":"WebPage","@id":"https:\/\/www.mcbinary.com\/es\/corredors\/#webpage","url":"https:\/\/www.mcbinary.com\/es\/corredors\/","name":"Corredores de opciones binarias \u2013 descripci\u00f3n general de los resultados de la pruebas - Mc Binary","isPartOf":{"@id":"https:\/\/www.mcbinary.com\/es\/#website"},"datePublished":"2014-10-29T11:56:00+00:00","dateModified":"2017-05-31T06:30:53+00:00","breadcrumb":{"@id":"https:\/\/www.mcbinary.com\/es\/corredors\/#breadcrumb"},"inLanguage":"en-US","potentialAction":[{"@type":"ReadAction","target":["https:\/\/www.mcbinary.com\/es\/corredors\/"]}]},{"@type":"BreadcrumbList","@id":"https:\/\/www.mcbinary.com\/es\/corredors\/#breadcrumb","itemListElement":[{"@type":"ListItem","position":1,"name":"Home","item":"https:\/\/www.mcbinary.com\/es\/"},{"@type":"ListItem","position":2,"name":"Corredores de opciones binarias \u2013 descripci\u00f3n general de los resultados de la pruebas"}]}]}},"_links":{"self":[{"href":"https:\/\/www.mcbinary.com\/es\/wp-json\/wp\/v2\/pages\/162"}],"collection":[{"href":"https:\/\/www.mcbinary.com\/es\/wp-json\/wp\/v2\/pages"}],"about":[{"href":"https:\/\/www.mcbinary.com\/es\/wp-json\/wp\/v2\/types\/page"}],"author":[{"embeddable":true,"href":"https:\/\/www.mcbinary.com\/es\/wp-json\/wp\/v2\/users\/1"}],"replies":[{"embeddable":true,"href":"https:\/\/www.mcbinary.com\/es\/wp-json\/wp\/v2\/comments?post=162"}],"version-history":[{"count":3,"href":"https:\/\/www.mcbinary.com\/es\/wp-json\/wp\/v2\/pages\/162\/revisions"}],"predecessor-version":[{"id":252,"href":"https:\/\/www.mcbinary.com\/es\/wp-json\/wp\/v2\/pages\/162\/revisions\/252"}],"wp:attachment":[{"href":"https:\/\/www.mcbinary.com\/es\/wp-json\/wp\/v2\/media?parent=162"}],"curies":[{"name":"wp","href":"https:\/\/api.w.org\/{rel}","templated":true}]}}