{"id":9,"date":"2015-06-29T10:37:49","date_gmt":"2015-06-29T08:37:49","guid":{"rendered":"http:\/\/www.mcbinary.com\/de\/?page_id=9"},"modified":"2018-01-31T15:40:12","modified_gmt":"2018-01-31T14:40:12","slug":"optionen-broker","status":"publish","type":"page","link":"https:\/\/www.mcbinary.com\/de\/optionen-broker\/","title":{"rendered":"Bin\u00e4re Optionen Broker: Test \u00dcbersicht"},"content":{"rendered":"<p>Den richtigen Broker zu finden ist sehr wichtig, gerade beim Einstieg in den Handel. Wer sich hier gleich zu Beginn &#8220;vergreift&#8221; wird nicht nur schnell die Lust am Bin\u00e4roptionshandel verlieren sondern wom\u00f6glich nie wieder eine Option kaufen wollen. Sie brauchen einen Anbieter dem Sie voll vertrauen k\u00f6nnen und der eine Umgebung bietet wo Sie nicht nur unbeschwert und sicher handeln k\u00f6nnen, sondern der Sie dabei auch noch unterst\u00fctzt und Ihnen beim Lernzprozess hilft. Genau das trifft auf BDSwiss zu, der mittlerweile beliebteste Broker f\u00fcr alle deutschsprachigen Trader. BDSwiss ist auch unser Testsieger und \u00fcberzeugt vor allem durch einen ausgezeichneten Kundendienst und einer tollen Trading Plattform.<\/p>\n<p style=\"text-align: center\"><strong><a class=\"gocta\" href=\"https:\/\/www.mcbinary.com\/de\/link\/bancdeswiss\" rel=\"nofollow\">Klicken Sie hier um sich beim Marktf\u00fchrer in Deutschland anzumelden!<\/a><\/strong><\/p>\n<p style=\"text-align: center;\"><em>(Ihr Kapital unterliegt einem Risiko)<\/em><\/p>\n<h2>Tabelle mit den besten Brokern zum Handeln von Bin\u00e4ren Optionen<\/h2>\n<table id=\"wp-table-reloaded-id-1-no-1\" class=\"wp-table-reloaded wp-table-reloaded-id-1\">\n<thead>\n<tr class=\"row-1 odd\">\n<th class=\"column-1\"><center><strong>Broker<\/strong><\/center><\/th>\n<th class=\"column-2\"><center><strong>Min.  $<\/strong><\/center><\/th>\n<th class=\"column-3\"><center><strong>Testbericht<\/strong><\/center><\/th>\n<th class=\"column-4\"><center><strong>Webseite<\/strong><\/center><\/th>\n<\/tr>\n<\/thead>\n<tbody>\n<tr class=\"row-2 even\">\n<td class=\"column-1\"><center><a href=\"https:\/\/www.mcbinary.com\/de\/link\/bancdeswiss\" rel=\"nofollow\"><img src=\"https:\/\/www.mcbinary.com\/de\/wp-content\/uploads\/grafik\/logo-bancdeswiss.gif\" width=\"90\" height=\"50\"><\/a><\/center><\/td>\n<td class=\"column-2\"><center>100$<\/center><\/td>\n<td class=\"column-3\"><center><a href=\"https:\/\/www.mcbinary.com\/de\/optionen-broker\/bancdeswiss\/\">BDSwiss Test lesen<\/a><\/center><\/td>\n<td class=\"column-4\"><center><a href=\"https:\/\/www.mcbinary.com\/de\/link\/bancdeswiss\" rel=\"nofollow\">www.BDSwiss.com\/de<\/a><\/center><\/td>\n<\/tr>\n<tr class=\"row-3 odd\">\n<td class=\"column-1\"><center><a href=\"https:\/\/www.mcbinary.com\/de\/link\/iqoption\" rel=\"nofollow\"><img src=\"https:\/\/www.mcbinary.com\/wp-content\/uploads\/grafic\/logo-iqoption.gif\" width=\"90\" height=\"50\"><\/a><\/center><\/td>\n<td class=\"column-2\"><center>10$<\/center><\/td>\n<td class=\"column-3\"><center><a href=\"https:\/\/www.mcbinary.com\/de\/link\/iqoption\" rel=\"nofollow\">IQ Option Test lesen<\/a><\/center><\/td>\n<td class=\"column-4\"><center><a href=\"https:\/\/www.mcbinary.com\/de\/link\/iqoption\" rel=\"nofollow\">www.iqoption.com\/de<\/a><\/center><\/td>\n<\/tr>\n<tr class=\"row-4 even\">\n<td class=\"column-1\"><center><a href=\"https:\/\/www.mcbinary.com\/de\/link\/24option\" rel=\"nofollow\"><img src=\"https:\/\/www.mcbinary.com\/de\/wp-content\/uploads\/grafik\/logo-24option.gif\" width=\"90\" height=\"50\"><\/a><\/center><\/td>\n<td class=\"column-2\"><center>250$<\/center><\/td>\n<td class=\"column-3\"><center><a href=\"https:\/\/www.mcbinary.com\/de\/optionen-broker\/24option\/\">24option Test lesen<\/a><\/center><\/td>\n<td class=\"column-4\"><center><a href=\"https:\/\/www.mcbinary.com\/de\/link\/24option\" rel=\"nofollow\">www.24option.com\/de<\/a><\/center><\/td>\n<\/tr>\n<tr class=\"row-5 odd\">\n<td class=\"column-1\"><center><a href=\"https:\/\/www.mcbinary.com\/de\/link\/optionfair\" rel=\"nofollow\"><img src=\"https:\/\/www.mcbinary.com\/de\/wp-content\/uploads\/grafik\/logo-optionfair.gif\" width=\"90\" height=\"50\"><\/a><\/center><\/td>\n<td class=\"column-2\"><center>200$<\/center><\/td>\n<td class=\"column-3\"><center><a href=\"https:\/\/www.mcbinary.com\/de\/optionen-broker\/optionfair\/\">OptionFair Test lesen<\/a><\/center><\/td>\n<td class=\"column-4\"><center><a href=\"https:\/\/www.mcbinary.com\/de\/link\/optionfair\" rel=\"nofollow\">www.optionfair.com<\/a><\/center><\/td>\n<\/tr>\n<\/tbody>\n<\/table>\n<p>Risikowarnung: Ihr Kapital k\u00f6nnte gef\u00e4hrdet sein<\/p>\n<h2>Was macht einen guten Broker aus?<\/h2>\n<p>Wenn man 100 Trader diese Frage stellen w\u00fcrde, bekommt man wahrscheinlich 100 verschiedene Antworten. Vielleicht gibt es ein paar gemeinsame Meinungen wie zum Beispiel, dass die Auszahlung hoch sein oder der Kundendienst gut sein muss. Aber wenn man es genau nimmt ist nur eine Antwort richtig: <strong>Ein guter Broker stellt seinen Trader in den Mittelpunkt und sonst nichts!<\/strong> Wer sich bei einem guten Broker anmeldet findet sich sofort zurecht, er wird von der ersten Minute an bei allem was er macht unterst\u00fctzt, er hat keine Probleme eine Einzahlung vorzunehmen und findet sich sofort in die Trading Plattform ein. Und nat\u00fcrlich bietet ein guter Broker auch eine faire Auszahlung, wobei man hier Abstriche machen muss. Denn ein Broker muss irgendwie auch seinen Kundendienst, die Entwicklung der Plattform usw. finanzieren k\u00f6nnen. Es geht nunmal nicht wenn man 99% Auszahlung bei Optionen im Geld bietet. Insofern ist das auf alle F\u00e4lle ein Kriterium, das man relativieren muss.<\/p>\n<h2>Welche Plattformen gibt es?<\/h2>\n<p>Man m\u00f6chte meinen, dass es unz\u00e4hlige Plattformen f\u00fcr den Bin\u00e4roptionshandel gibt, aber das ist nicht der Fall. Der Grund ist vor allem der, dass die Entwicklung einer solchen Plattform sehr teuer ist und es bereits sehr gute Plattformen gibt f\u00fcr die man ein White Label erwerben kann als Broker. Das bedeutet, dass Sie als Broker das Recht erwerben Ihren Tradern eine bestimmte Plattform zur Verf\u00fcgung stellen zu k\u00f6nnen. Die bekanntesten sind auf alle F\u00e4lle SpotOption, Tradologic und OptionFair. Auch wenn letzteres selbst ein Broker ist, k\u00f6nnen andere Broker wie 24Option die gleiche Plattform verwenden. Spotoption und Tradologic sind Beispiele f\u00fcr weit verbreitete Plattformen. Wenn Sie heute einen x-beliebigen Broker ausw\u00e4hlen stehen die Chancen nicht schlecht, dass es sich entweder um SpotOption oder Tradologic handelt. Es gibt jedoch auch Broker, die sich die M\u00fche gemacht haben eine komplett eigene Plattform zu entwickeln wie etwa Anyoption.<\/p>\n<h2>Die besten Broker f\u00fcr deutsche Trader<\/h2>\n<p>M\u00f6chte man einen Broker finden, der f\u00fcr deutsche Trader am besten geeignet ist, gestaltet sich die Suche schon wesentlich schwieriger als wenn man diesen Fokus ausblenden w\u00fcrde. Denn der Bin\u00e4roptionshandel ist bisher vor allem in den USA weit verbreitet und in L\u00e4ndern wie Italien, Frankreich oder Spanien. In Deutschland erfreut sich der Bin\u00e4roptionshandel jedoch wachsender Beliebtheit und so gibt es immer mehr Broker, die diesen Markt ebenfalls bedienen. Jedoch ist es nicht damit getan die Seite einfach zu \u00fcbersetzen. Als Trader m\u00f6chtem an auch einen deutschen Kundendienst und ein Angebot, das extra auf deutsche Trader zugeschnitten ist. Das macht BDSwiss derzeit am besten und geh\u00f6rt daher auch schon zu den gr\u00f6\u00dften Brokern auf dem deutschen Markt.<\/p>\n","protected":false},"excerpt":{"rendered":"<p>Den richtigen Broker zu finden ist sehr wichtig, gerade beim Einstieg in den Handel. Wer sich hier gleich zu Beginn &#8220;vergreift&#8221; wird nicht nur schnell die Lust am Bin\u00e4roptionshandel verlieren sondern wom\u00f6glich nie wieder eine Option kaufen wollen. Sie brauchen einen Anbieter dem Sie voll vertrauen k\u00f6nnen und der eine Umgebung bietet wo Sie nicht nur unbeschwert und sicher handeln k\u00f6nnen, sondern der Sie dabei auch noch unterst\u00fctzt und Ihnen beim Lernzprozess hilft. Genau das trifft auf BDSwiss zu, der &#8230;<\/p>\n","protected":false},"author":1,"featured_media":0,"parent":0,"menu_order":0,"comment_status":"open","ping_status":"open","template":"template-full-width.php","meta":[],"yoast_head":"<!-- This site is optimized with the Yoast SEO plugin v19.0 - https:\/\/yoast.com\/wordpress\/plugins\/seo\/ -->\n<title>Bin\u00e4re Optionen Broker: Test \u00dcbersicht -<\/title>\n<meta name=\"robots\" content=\"index, follow, max-snippet:-1, max-image-preview:large, max-video-preview:-1\" \/>\n<link rel=\"canonical\" href=\"https:\/\/www.mcbinary.com\/de\/optionen-broker\/\" \/>\n<meta property=\"og:locale\" content=\"en_US\" \/>\n<meta property=\"og:type\" content=\"article\" \/>\n<meta property=\"og:title\" content=\"Bin\u00e4re Optionen Broker: Test \u00dcbersicht -\" \/>\n<meta property=\"og:description\" content=\"Den richtigen Broker zu finden ist sehr wichtig, gerade beim Einstieg in den Handel. Wer sich hier gleich zu Beginn &#8220;vergreift&#8221; wird nicht nur schnell die Lust am Bin\u00e4roptionshandel verlieren sondern wom\u00f6glich nie wieder eine Option kaufen wollen. Sie brauchen einen Anbieter dem Sie voll vertrauen k\u00f6nnen und der eine Umgebung bietet wo Sie nicht nur unbeschwert und sicher handeln k\u00f6nnen, sondern der Sie dabei auch noch unterst\u00fctzt und Ihnen beim Lernzprozess hilft. Genau das trifft auf BDSwiss zu, der ...\" \/>\n<meta property=\"og:url\" content=\"https:\/\/www.mcbinary.com\/de\/optionen-broker\/\" \/>\n<meta property=\"og:site_name\" content=\"Mc Binary\" \/>\n<meta property=\"article:modified_time\" content=\"2018-01-31T14:40:12+00:00\" \/>\n<meta name=\"twitter:label1\" content=\"Est. reading time\" \/>\n\t<meta name=\"twitter:data1\" content=\"3 minutes\" \/>\n<script type=\"application\/ld+json\" class=\"yoast-schema-graph\">{\"@context\":\"https:\/\/schema.org\",\"@graph\":[{\"@type\":\"WebSite\",\"@id\":\"https:\/\/www.mcbinary.com\/de\/#website\",\"url\":\"https:\/\/www.mcbinary.com\/de\/\",\"name\":\"Mc Binary\",\"description\":\"Alles zum Thema Bin\u00e4re Optionen\",\"potentialAction\":[{\"@type\":\"SearchAction\",\"target\":{\"@type\":\"EntryPoint\",\"urlTemplate\":\"https:\/\/www.mcbinary.com\/de\/?s={search_term_string}\"},\"query-input\":\"required name=search_term_string\"}],\"inLanguage\":\"en-US\"},{\"@type\":\"WebPage\",\"@id\":\"https:\/\/www.mcbinary.com\/de\/optionen-broker\/#webpage\",\"url\":\"https:\/\/www.mcbinary.com\/de\/optionen-broker\/\",\"name\":\"Bin\u00e4re Optionen Broker: Test \u00dcbersicht -\",\"isPartOf\":{\"@id\":\"https:\/\/www.mcbinary.com\/de\/#website\"},\"datePublished\":\"2015-06-29T08:37:49+00:00\",\"dateModified\":\"2018-01-31T14:40:12+00:00\",\"breadcrumb\":{\"@id\":\"https:\/\/www.mcbinary.com\/de\/optionen-broker\/#breadcrumb\"},\"inLanguage\":\"en-US\",\"potentialAction\":[{\"@type\":\"ReadAction\",\"target\":[\"https:\/\/www.mcbinary.com\/de\/optionen-broker\/\"]}]},{\"@type\":\"BreadcrumbList\",\"@id\":\"https:\/\/www.mcbinary.com\/de\/optionen-broker\/#breadcrumb\",\"itemListElement\":[{\"@type\":\"ListItem\",\"position\":1,\"name\":\"Home\",\"item\":\"https:\/\/www.mcbinary.com\/de\/\"},{\"@type\":\"ListItem\",\"position\":2,\"name\":\"Bin\u00e4re Optionen Broker: Test \u00dcbersicht\"}]}]}<\/script>\n<!-- \/ Yoast SEO plugin. -->","yoast_head_json":{"title":"Bin\u00e4re Optionen Broker: Test \u00dcbersicht -","robots":{"index":"index","follow":"follow","max-snippet":"max-snippet:-1","max-image-preview":"max-image-preview:large","max-video-preview":"max-video-preview:-1"},"canonical":"https:\/\/www.mcbinary.com\/de\/optionen-broker\/","og_locale":"en_US","og_type":"article","og_title":"Bin\u00e4re Optionen Broker: Test \u00dcbersicht -","og_description":"Den richtigen Broker zu finden ist sehr wichtig, gerade beim Einstieg in den Handel. Wer sich hier gleich zu Beginn &#8220;vergreift&#8221; wird nicht nur schnell die Lust am Bin\u00e4roptionshandel verlieren sondern wom\u00f6glich nie wieder eine Option kaufen wollen. Sie brauchen einen Anbieter dem Sie voll vertrauen k\u00f6nnen und der eine Umgebung bietet wo Sie nicht nur unbeschwert und sicher handeln k\u00f6nnen, sondern der Sie dabei auch noch unterst\u00fctzt und Ihnen beim Lernzprozess hilft. Genau das trifft auf BDSwiss zu, der ...","og_url":"https:\/\/www.mcbinary.com\/de\/optionen-broker\/","og_site_name":"Mc Binary","article_modified_time":"2018-01-31T14:40:12+00:00","twitter_misc":{"Est. reading time":"3 minutes"},"schema":{"@context":"https:\/\/schema.org","@graph":[{"@type":"WebSite","@id":"https:\/\/www.mcbinary.com\/de\/#website","url":"https:\/\/www.mcbinary.com\/de\/","name":"Mc Binary","description":"Alles zum Thema Bin\u00e4re Optionen","potentialAction":[{"@type":"SearchAction","target":{"@type":"EntryPoint","urlTemplate":"https:\/\/www.mcbinary.com\/de\/?s={search_term_string}"},"query-input":"required name=search_term_string"}],"inLanguage":"en-US"},{"@type":"WebPage","@id":"https:\/\/www.mcbinary.com\/de\/optionen-broker\/#webpage","url":"https:\/\/www.mcbinary.com\/de\/optionen-broker\/","name":"Bin\u00e4re Optionen Broker: Test \u00dcbersicht -","isPartOf":{"@id":"https:\/\/www.mcbinary.com\/de\/#website"},"datePublished":"2015-06-29T08:37:49+00:00","dateModified":"2018-01-31T14:40:12+00:00","breadcrumb":{"@id":"https:\/\/www.mcbinary.com\/de\/optionen-broker\/#breadcrumb"},"inLanguage":"en-US","potentialAction":[{"@type":"ReadAction","target":["https:\/\/www.mcbinary.com\/de\/optionen-broker\/"]}]},{"@type":"BreadcrumbList","@id":"https:\/\/www.mcbinary.com\/de\/optionen-broker\/#breadcrumb","itemListElement":[{"@type":"ListItem","position":1,"name":"Home","item":"https:\/\/www.mcbinary.com\/de\/"},{"@type":"ListItem","position":2,"name":"Bin\u00e4re Optionen Broker: Test \u00dcbersicht"}]}]}},"_links":{"self":[{"href":"https:\/\/www.mcbinary.com\/de\/wp-json\/wp\/v2\/pages\/9"}],"collection":[{"href":"https:\/\/www.mcbinary.com\/de\/wp-json\/wp\/v2\/pages"}],"about":[{"href":"https:\/\/www.mcbinary.com\/de\/wp-json\/wp\/v2\/types\/page"}],"author":[{"embeddable":true,"href":"https:\/\/www.mcbinary.com\/de\/wp-json\/wp\/v2\/users\/1"}],"replies":[{"embeddable":true,"href":"https:\/\/www.mcbinary.com\/de\/wp-json\/wp\/v2\/comments?post=9"}],"version-history":[{"count":19,"href":"https:\/\/www.mcbinary.com\/de\/wp-json\/wp\/v2\/pages\/9\/revisions"}],"predecessor-version":[{"id":607,"href":"https:\/\/www.mcbinary.com\/de\/wp-json\/wp\/v2\/pages\/9\/revisions\/607"}],"wp:attachment":[{"href":"https:\/\/www.mcbinary.com\/de\/wp-json\/wp\/v2\/media?parent=9"}],"curies":[{"name":"wp","href":"https:\/\/api.w.org\/{rel}","templated":true}]}}