{"id":500,"date":"2014-07-07T09:40:31","date_gmt":"2014-07-07T07:40:31","guid":{"rendered":"http:\/\/www.mcbinary.com\/de\/?page_id=500"},"modified":"2014-07-26T13:55:24","modified_gmt":"2014-07-26T11:55:24","slug":"ios","status":"publish","type":"page","link":"https:\/\/www.mcbinary.com\/de\/mobil\/ios\/","title":{"rendered":"Handeln von bin\u00e4ren Optionen \u00fcber iOS (iPhone, iPad)"},"content":{"rendered":"<p>Es gibt viele Dinge, die man \u00fcber die N\u00fctzlichkeit eines iPhones sagen kann. Viele Nutzer halten es sogar f\u00fcr das beste Smartphone \u00fcberhaupt, einige Menschen behaupten zudem, dass es die moderne, tragbare Technologie komplett ver\u00e4ndert hat. Auch \u00fcber das iPad, den &#8220;gro\u00dfen Bruder&#8221; des iPhones, lassen sich \u00e4hnliche Dinge sagen. Dabei k\u00f6nnten wir \u00fcber die Funktionen sprechen, die dieses Ger\u00e4t bieten kann, aber auch \u00fcber die Dinge, die man damit erledigen kann, die fast perfekte Touchscreen-Technik oder die sehr schnelle Ladezeit von Anwendungen. Kurz gesagt gibt es also viele Dinge, die man erw\u00e4hnen k\u00f6nnte, allerdings wei\u00df jeder Besitzer eines iPhones oder iPads, wie gut das eigene iPhone oder iPad tats\u00e4chlich ist. Wenn Sie sich also f\u00fcr bin\u00e4re Optionen interessieren oder schon einmal dar\u00fcber nachgedacht haben, in diesen Handel einzusteigen, sollten Sie den Handel mit bin\u00e4ren Optionen zu der Liste der Dinge hinzuf\u00fcgen, die Sie mit Ihrem iOS-Ger\u00e4t erledigen k\u00f6nnen. Dabei spielt es keine Rolle, ob es sich um ein iPhone oder um ein iPad handelt.<\/p>\n<p>Der meiner Meinung nach beste Broker f\u00fcr iPhone und iPad ist im Moment 24Option, einer der weltweiten Marktf\u00fchrer. Dort handeln Sie nicht nur sicher und mit bestem Kundensupport, sondern auch mit allen iPhone und iPad Generationen.<br \/>\n&nbsp;<\/p>\n<p style=\"text-align: center\"><strong><a class=\"gocta\" href=\"https:\/\/www.mcbinary.com\/de\/link\/24option\" rel=\"nofollow\">Klicken Sie hier um durchzustarten!<\/a><\/strong><\/p>\n<p>&nbsp;<\/p>\n<h2>Handel von bin\u00e4ren Optionen auf iPhone und iPad \u2013\u00a0ist das m\u00f6glich?<\/h2>\n<p><img loading=\"lazy\" class=\"alignright\" src=\"https:\/\/www.mcbinary.com\/wp-content\/uploads\/2014\/06\/ios_app.png\" alt=\"\" width=\"344\" height=\"610\" \/>Wenn Sie bereits mit bin\u00e4ren Optionen vertraut sind und vielleicht schon bei einem der bekannten Broker ein Konto er\u00f6ffnet haben, ben\u00f6tigen Sie kein zus\u00e4tzliches Konto, um auf Ihrem iOS-Ger\u00e4t in den mobilen Handel einsteigen zu k\u00f6nnen. Ihr Konto bietet Ihnen den Zugriff auf die gleichen Ressourcen und Optionen, unabh\u00e4ngig davon, ob Sie an Ihrem Schreibtisch sitzen und mit Ihrem Desktop-PC arbeiten oder ob Sie von unterwegs aus am Handel teilnehmen und sich von Ihrem iOS-Ger\u00e4t (iPhone oder iPad) in Ihrem Konto anmelden. Sobald Sie wissen, dass Sie nur ein Konto ben\u00f6tigen, ist alles andere ganz einfach.<\/p>\n<h2>Warum sollten Sie iPhone und iPad f\u00fcr den bin\u00e4ren Handel nutzen<\/h2>\n<p>Vielleicht fragen Sie sich, ob der bin\u00e4re Handel auf dem iPhone oder dem iPad genauso einfach wie auf einem normalen Computer ist. Einige Nutzer sagen, dass der Handel sogar noch besser ist und haben daf\u00fcr verschiedene Gr\u00fcnde. Zun\u00e4chst einmal ist diese Variante sehr komfortabel, da Sie jederzeit und von \u00fcberall aus handeln k\u00f6nnen. Egal, ob Sie gerade ins B\u00fcro fahren oder in einer Schlange warten m\u00fcssen, Sie ben\u00f6tigen nur eine Minute, in der Sie vielleicht ein wenig Geld verdienen k\u00f6nnen. Dar\u00fcber hinaus ist die Bedienung \u00fcber den Touchscreen eine sehr gute Variante und in vielen F\u00e4llen sogar besser als die Bedienung \u00fcber Maus und Tastatur. Sie k\u00f6nnen viel schneller agieren.<strong><br \/>\n<\/strong><\/p>\n<h2>Download einer App oder spezieller mobiler Bereich<\/h2>\n<p>Alle gro\u00dfen Broker f\u00fcr bin\u00e4re Optionen bieten eine eigene App, die f\u00fcr das iPhone und das iPad optimiert wurde. Diese Apps sind im App Store verf\u00fcgbar. Sie m\u00fcssen die jeweilige Anwendung nur herunterladen und sich mit Ihrem Konto anmelden oder ein neues Konto er\u00f6ffnen, falls Sie noch nicht \u00fcber eines verf\u00fcgen, um mit dem Handel loslegen zu k\u00f6nnen. Es ist wirklich einfach, au\u00dferdem sind die Apps kostenlos erh\u00e4ltlich. Einige Broker f\u00fcr bin\u00e4re Optionen bieten auch eine mobile Version ihrer Website an, auf die Sie mit dem Browser Ihres iPhones oder iPads zugreifen k\u00f6nnen. Egal, welche Alternative Sie nutzen, es ist auf keinen Fall kompliziert und Sie erhalten die gleichen Funktionen wie beim Handel \u00fcber den Computer.<\/p>\n<h2>Verbindung halten und Akku rechtzeitig laden<\/h2>\n<p>Wenn Sie die App bereits heruntergeladen haben, ben\u00f6tigen Sie nat\u00fcrlich eine stabile Verbindung zum Internet, wenn Sie handeln wollen. Wenn Sie also in einem Bereich sind, in dem die Verbindung schlecht ist oder so Sie keinen WALN-Zugang haben, k\u00f6nnen Sie nicht handeln. F\u00fcr den Fall, dass Sie mit einem WLAN verbunden sind, das nicht bei Ihnen zu Hause ist, sollten Sie herausfinden, ob es sich dabei um ein sicheres Netzwerk handelt. Schlie\u00dflich werden im Rahmen des Handels einige sensible Daten \u00fcber das Netzwerk \u00fcbertragen, auf die keine Unbefugten Zugriff erhalten sollten. Dar\u00fcber hinaus sollten Sie nat\u00fcrlich immer einen Blick auf Ihren Akku werfen und f\u00fcr den Fall der F\u00e4lle ein Ladeger\u00e4t mitnehmen. Schlie\u00dflich wollen Sie nicht mitten in einem Trade unterbrochen werden.<strong><br \/>\n<\/strong><\/p>\n<h2>Fazit<\/h2>\n<p>Ganz allgemein ist der Handel von bin\u00e4ren Optionen auf Ihrem iOS-Ger\u00e4t sehr einfach, vor allem dann, wenn Sie bereits am bin\u00e4ren Handel teilnehmen und mit den Grundlagen vertraut sind. Durch die st\u00e4ndigen Verbesserungen bei Design und Technik werden iOS-Ger\u00e4te von Apple immer nutzerfreundlicher, zudem werden die Grafiken immer besser. Deshalb gibt es f\u00fcr Nutzer, die bin\u00e4re Optionen \u00fcber ihr iPhone oder ihr iPad handeln wollen, keine Hindernisse.<\/p>\n<p><a href=\"https:\/\/www.mcbinary.com\/de\/link\/24option\" rel=\"nofollow\"><img loading=\"lazy\" class=\"aligncenter\" src=\"https:\/\/www.mcbinary.com\/wp-content\/uploads\/2014\/06\/24option_start.png\" alt=\"\" width=\"643\" height=\"416\" \/><\/a><\/p>\n","protected":false},"excerpt":{"rendered":"<p>Es gibt viele Dinge, die man \u00fcber die N\u00fctzlichkeit eines iPhones sagen kann. Viele Nutzer halten es sogar f\u00fcr das beste Smartphone \u00fcberhaupt, einige Menschen behaupten zudem, dass es die moderne, tragbare Technologie komplett ver\u00e4ndert hat. Auch \u00fcber das iPad, den &#8220;gro\u00dfen Bruder&#8221; des iPhones, lassen sich \u00e4hnliche Dinge sagen. Dabei k\u00f6nnten wir \u00fcber die Funktionen sprechen, die dieses Ger\u00e4t bieten kann, aber auch \u00fcber die Dinge, die man damit erledigen kann, die fast perfekte Touchscreen-Technik oder die sehr schnelle &#8230;<\/p>\n","protected":false},"author":2,"featured_media":0,"parent":498,"menu_order":0,"comment_status":"open","ping_status":"open","template":"","meta":[],"yoast_head":"<!-- This site is optimized with the Yoast SEO plugin v19.0 - https:\/\/yoast.com\/wordpress\/plugins\/seo\/ -->\n<title>Handeln von bin\u00e4ren Optionen \u00fcber iOS (iPhone, iPad) -<\/title>\n<meta name=\"robots\" content=\"index, follow, max-snippet:-1, max-image-preview:large, max-video-preview:-1\" \/>\n<link rel=\"canonical\" href=\"https:\/\/www.mcbinary.com\/de\/mobil\/ios\/\" \/>\n<meta property=\"og:locale\" content=\"en_US\" \/>\n<meta property=\"og:type\" content=\"article\" \/>\n<meta property=\"og:title\" content=\"Handeln von bin\u00e4ren Optionen \u00fcber iOS (iPhone, iPad) -\" \/>\n<meta property=\"og:description\" content=\"Es gibt viele Dinge, die man \u00fcber die N\u00fctzlichkeit eines iPhones sagen kann. Viele Nutzer halten es sogar f\u00fcr das beste Smartphone \u00fcberhaupt, einige Menschen behaupten zudem, dass es die moderne, tragbare Technologie komplett ver\u00e4ndert hat. Auch \u00fcber das iPad, den &#8220;gro\u00dfen Bruder&#8221; des iPhones, lassen sich \u00e4hnliche Dinge sagen. Dabei k\u00f6nnten wir \u00fcber die Funktionen sprechen, die dieses Ger\u00e4t bieten kann, aber auch \u00fcber die Dinge, die man damit erledigen kann, die fast perfekte Touchscreen-Technik oder die sehr schnelle ...\" \/>\n<meta property=\"og:url\" content=\"https:\/\/www.mcbinary.com\/de\/mobil\/ios\/\" \/>\n<meta property=\"og:site_name\" content=\"Mc Binary\" \/>\n<meta property=\"article:modified_time\" content=\"2014-07-26T11:55:24+00:00\" \/>\n<meta property=\"og:image\" content=\"https:\/\/www.mcbinary.com\/wp-content\/uploads\/2014\/06\/ios_app.png\" \/>\n<meta name=\"twitter:label1\" content=\"Est. reading time\" \/>\n\t<meta name=\"twitter:data1\" content=\"4 minutes\" \/>\n<script type=\"application\/ld+json\" class=\"yoast-schema-graph\">{\"@context\":\"https:\/\/schema.org\",\"@graph\":[{\"@type\":\"WebSite\",\"@id\":\"https:\/\/www.mcbinary.com\/de\/#website\",\"url\":\"https:\/\/www.mcbinary.com\/de\/\",\"name\":\"Mc Binary\",\"description\":\"Alles zum Thema Bin\u00e4re Optionen\",\"potentialAction\":[{\"@type\":\"SearchAction\",\"target\":{\"@type\":\"EntryPoint\",\"urlTemplate\":\"https:\/\/www.mcbinary.com\/de\/?s={search_term_string}\"},\"query-input\":\"required name=search_term_string\"}],\"inLanguage\":\"en-US\"},{\"@type\":\"ImageObject\",\"inLanguage\":\"en-US\",\"@id\":\"https:\/\/www.mcbinary.com\/de\/mobil\/ios\/#primaryimage\",\"url\":\"https:\/\/www.mcbinary.com\/wp-content\/uploads\/2014\/06\/ios_app.png\",\"contentUrl\":\"https:\/\/www.mcbinary.com\/wp-content\/uploads\/2014\/06\/ios_app.png\"},{\"@type\":\"WebPage\",\"@id\":\"https:\/\/www.mcbinary.com\/de\/mobil\/ios\/#webpage\",\"url\":\"https:\/\/www.mcbinary.com\/de\/mobil\/ios\/\",\"name\":\"Handeln von bin\u00e4ren Optionen \u00fcber iOS (iPhone, iPad) -\",\"isPartOf\":{\"@id\":\"https:\/\/www.mcbinary.com\/de\/#website\"},\"primaryImageOfPage\":{\"@id\":\"https:\/\/www.mcbinary.com\/de\/mobil\/ios\/#primaryimage\"},\"datePublished\":\"2014-07-07T07:40:31+00:00\",\"dateModified\":\"2014-07-26T11:55:24+00:00\",\"breadcrumb\":{\"@id\":\"https:\/\/www.mcbinary.com\/de\/mobil\/ios\/#breadcrumb\"},\"inLanguage\":\"en-US\",\"potentialAction\":[{\"@type\":\"ReadAction\",\"target\":[\"https:\/\/www.mcbinary.com\/de\/mobil\/ios\/\"]}]},{\"@type\":\"BreadcrumbList\",\"@id\":\"https:\/\/www.mcbinary.com\/de\/mobil\/ios\/#breadcrumb\",\"itemListElement\":[{\"@type\":\"ListItem\",\"position\":1,\"name\":\"Home\",\"item\":\"https:\/\/www.mcbinary.com\/de\/\"},{\"@type\":\"ListItem\",\"position\":2,\"name\":\"Mobiler Handel von bin\u00e4ren Optionen\",\"item\":\"https:\/\/www.mcbinary.com\/de\/mobil\/\"},{\"@type\":\"ListItem\",\"position\":3,\"name\":\"Handeln von bin\u00e4ren Optionen \u00fcber iOS (iPhone, iPad)\"}]}]}<\/script>\n<!-- \/ Yoast SEO plugin. -->","yoast_head_json":{"title":"Handeln von bin\u00e4ren Optionen \u00fcber iOS (iPhone, iPad) -","robots":{"index":"index","follow":"follow","max-snippet":"max-snippet:-1","max-image-preview":"max-image-preview:large","max-video-preview":"max-video-preview:-1"},"canonical":"https:\/\/www.mcbinary.com\/de\/mobil\/ios\/","og_locale":"en_US","og_type":"article","og_title":"Handeln von bin\u00e4ren Optionen \u00fcber iOS (iPhone, iPad) -","og_description":"Es gibt viele Dinge, die man \u00fcber die N\u00fctzlichkeit eines iPhones sagen kann. Viele Nutzer halten es sogar f\u00fcr das beste Smartphone \u00fcberhaupt, einige Menschen behaupten zudem, dass es die moderne, tragbare Technologie komplett ver\u00e4ndert hat. Auch \u00fcber das iPad, den &#8220;gro\u00dfen Bruder&#8221; des iPhones, lassen sich \u00e4hnliche Dinge sagen. Dabei k\u00f6nnten wir \u00fcber die Funktionen sprechen, die dieses Ger\u00e4t bieten kann, aber auch \u00fcber die Dinge, die man damit erledigen kann, die fast perfekte Touchscreen-Technik oder die sehr schnelle ...","og_url":"https:\/\/www.mcbinary.com\/de\/mobil\/ios\/","og_site_name":"Mc Binary","article_modified_time":"2014-07-26T11:55:24+00:00","og_image":[{"url":"https:\/\/www.mcbinary.com\/wp-content\/uploads\/2014\/06\/ios_app.png"}],"twitter_misc":{"Est. reading time":"4 minutes"},"schema":{"@context":"https:\/\/schema.org","@graph":[{"@type":"WebSite","@id":"https:\/\/www.mcbinary.com\/de\/#website","url":"https:\/\/www.mcbinary.com\/de\/","name":"Mc Binary","description":"Alles zum Thema Bin\u00e4re Optionen","potentialAction":[{"@type":"SearchAction","target":{"@type":"EntryPoint","urlTemplate":"https:\/\/www.mcbinary.com\/de\/?s={search_term_string}"},"query-input":"required name=search_term_string"}],"inLanguage":"en-US"},{"@type":"ImageObject","inLanguage":"en-US","@id":"https:\/\/www.mcbinary.com\/de\/mobil\/ios\/#primaryimage","url":"https:\/\/www.mcbinary.com\/wp-content\/uploads\/2014\/06\/ios_app.png","contentUrl":"https:\/\/www.mcbinary.com\/wp-content\/uploads\/2014\/06\/ios_app.png"},{"@type":"WebPage","@id":"https:\/\/www.mcbinary.com\/de\/mobil\/ios\/#webpage","url":"https:\/\/www.mcbinary.com\/de\/mobil\/ios\/","name":"Handeln von bin\u00e4ren Optionen \u00fcber iOS (iPhone, iPad) -","isPartOf":{"@id":"https:\/\/www.mcbinary.com\/de\/#website"},"primaryImageOfPage":{"@id":"https:\/\/www.mcbinary.com\/de\/mobil\/ios\/#primaryimage"},"datePublished":"2014-07-07T07:40:31+00:00","dateModified":"2014-07-26T11:55:24+00:00","breadcrumb":{"@id":"https:\/\/www.mcbinary.com\/de\/mobil\/ios\/#breadcrumb"},"inLanguage":"en-US","potentialAction":[{"@type":"ReadAction","target":["https:\/\/www.mcbinary.com\/de\/mobil\/ios\/"]}]},{"@type":"BreadcrumbList","@id":"https:\/\/www.mcbinary.com\/de\/mobil\/ios\/#breadcrumb","itemListElement":[{"@type":"ListItem","position":1,"name":"Home","item":"https:\/\/www.mcbinary.com\/de\/"},{"@type":"ListItem","position":2,"name":"Mobiler Handel von bin\u00e4ren Optionen","item":"https:\/\/www.mcbinary.com\/de\/mobil\/"},{"@type":"ListItem","position":3,"name":"Handeln von bin\u00e4ren Optionen \u00fcber iOS (iPhone, iPad)"}]}]}},"_links":{"self":[{"href":"https:\/\/www.mcbinary.com\/de\/wp-json\/wp\/v2\/pages\/500"}],"collection":[{"href":"https:\/\/www.mcbinary.com\/de\/wp-json\/wp\/v2\/pages"}],"about":[{"href":"https:\/\/www.mcbinary.com\/de\/wp-json\/wp\/v2\/types\/page"}],"author":[{"embeddable":true,"href":"https:\/\/www.mcbinary.com\/de\/wp-json\/wp\/v2\/users\/2"}],"replies":[{"embeddable":true,"href":"https:\/\/www.mcbinary.com\/de\/wp-json\/wp\/v2\/comments?post=500"}],"version-history":[{"count":3,"href":"https:\/\/www.mcbinary.com\/de\/wp-json\/wp\/v2\/pages\/500\/revisions"}],"predecessor-version":[{"id":517,"href":"https:\/\/www.mcbinary.com\/de\/wp-json\/wp\/v2\/pages\/500\/revisions\/517"}],"up":[{"embeddable":true,"href":"https:\/\/www.mcbinary.com\/de\/wp-json\/wp\/v2\/pages\/498"}],"wp:attachment":[{"href":"https:\/\/www.mcbinary.com\/de\/wp-json\/wp\/v2\/media?parent=500"}],"curies":[{"name":"wp","href":"https:\/\/api.w.org\/{rel}","templated":true}]}}