{"id":498,"date":"2014-07-07T09:39:10","date_gmt":"2014-07-07T07:39:10","guid":{"rendered":"http:\/\/www.mcbinary.com\/de\/?page_id=498"},"modified":"2017-05-31T11:16:46","modified_gmt":"2017-05-31T09:16:46","slug":"mobil","status":"publish","type":"page","link":"https:\/\/www.mcbinary.com\/de\/mobil\/","title":{"rendered":"Mobiler Handel von bin\u00e4ren Optionen"},"content":{"rendered":"<p><img loading=\"lazy\" class=\"alignright\" src=\"https:\/\/www.mcbinary.com\/wp-content\/uploads\/2014\/06\/anyoption-iphone.png\" alt=\"\" width=\"393\" height=\"378\" \/>Wir leben in einer Zeit, in der wir uns so sehr auf Technologie verlassen, dass unsere mobilen Ger\u00e4te nicht mehr nur f\u00fcr bestimmte Aktivit\u00e4ten genutzt werden, sondern als Ger\u00e4t dienen, das aus dem Alltag kaum mehr wegzudenken ist. In der Vergangenheit wurden Mobiltelefone ausschlie\u00dflich zum Telefonieren oder zum Verschicken von SMS genutzt, heutzutage ist es hingegen kaum mehr m\u00f6glich, alle Dinge aufzulisten, f\u00fcr die diese Ger\u00e4te genutzt werden. An dieser Stelle wollen wir dar\u00fcber sprechen, wie Sie mit Ihrem Smartphone Geld verdienen k\u00f6nnen \u2013\u00a0durch den mobilen Handel mit bin\u00e4ren Optionen.<\/p>\n<p>Wenn man bedenkt, dass bin\u00e4re Optionen immer beliebter werden und dass sich die mobile Technologie st\u00e4ndig weiterentwickelt, vor allem im Bereich Smartphones, ist es wenig \u00fcberraschend, dass auch der mobile Handel mit bin\u00e4ren Optionen immer beliebter wird. Bereits heute schlie\u00dfen Tausende von Nutzern jeden Tag Trades \u00fcber ihr Telefon ab und verdienen auf diese Weise Geld. Alle gro\u00dfen Broker f\u00fcr bin\u00e4re Optionen bieten Ihnen die Chance, mobil zu handeln, dabei spielt es keine Rolle, ob Sie ein Ger\u00e4t mit iOS oder Android als Betriebssystem nutzen. Die meisten Anbieter unterst\u00fctzen beide Varianten.<\/p>\n<p>Der meiner Meinung nach kompletteste Broker f\u00fcr mobile Ger\u00e4te ist zurzeit IQ Option, ohnehin eigentlich der Marktf\u00fchrer schlechthin. Ohne jeden Zweifel sind Sie dort in sicheren H\u00e4nden und k\u00f6nnen noch dazu bequem von unterwegs handeln &#8211; egal ob mit iPhone, iPad, Android oder Windows Phone. <a href=\"https:\/\/www.mcbinary.com\/de\/link\/iqoption\" rel=\"nofollow\">Klicken Sie dazu einfach hier!<\/a><\/p>\n<h2>Desktop\/Laptop oder mobiler Handel<\/h2>\n<p>Allgemein gibt es kaum einen Unterschied zwischen dem Handel mit bin\u00e4ren Optionen auf Ihrem Telefon und dem bin\u00e4ren Handel auf Ihrem Desktop-PC oder Laptop. Wenn Sie also bereits mit bin\u00e4ren Optionen vertraut sind, ist der mobile Handel dieser Optionen f\u00fcr Sie ganz einfach zu verstehen. Basiswerte (Rohstoffe, Aktien, Indizes oder W\u00e4hrungspaare) sowie die m\u00f6glichen Optionen (zum Beispiel Call oder Put) unterscheiden sich nicht. Nicht umsonst interessieren sich viele Menschen erst f\u00fcr den bin\u00e4ren Handel, seit es m\u00f6glich ist, diese Optionen auch mobil zu traden. Es ist wenig \u00fcberraschend, dass die meisten Anbieter von bin\u00e4ren Optionen den mobilen Handel immer weiter optimieren, um es ihren Kunden zu erlauben, jederzeit und von \u00fcberall aus an den M\u00e4rkten zu agieren.<br \/>\n&nbsp;<\/p>\n<p style=\"text-align: center\"><strong><a class=\"gocta\" href=\"https:\/\/www.mcbinary.com\/de\/link\/iqoption\" rel=\"nofollow\">Handeln Sie jetzt Ihre erste Option f\u00fcr nur 10 Euro!<\/a><\/strong><br \/>\n<i>Risikowarnung: Ihr Kapital k\u00f6nnte gef\u00e4hrdet sein<\/i>\n<\/p>\n<p>&nbsp;<\/p>\n<h2>Wie Sie mit bin\u00e4ren Optionen vom Smartphone aus handeln<\/h2>\n<p>Sie haben zwei M\u00f6glichkeiten, wenn Sie auf Ihrem Smartphone mit bin\u00e4ren Optionen handeln wollen; beide Varianten sind sehr einfach. Einerseits k\u00f6nnen Sie die entsprechende App herunterladen, also eine Apple-App f\u00fcr das iPhone oder eine Android-App, falls Sie mit einem solchen Ger\u00e4t arbeiten. Anschlie\u00dfend k\u00f6nnen Sie mit dem Handel per Smartphone beginnen. Wenn Sie nicht auf der Suche nach einer Download-Variante sind oder wenn auf einer Website keine spezielle App angeboten wird, k\u00f6nnen Sie auch auf die Website Ihres Brokers zugreifen, wie Sie es \u00fcber Ihren normalen Computer tun w\u00fcrden. Einige H\u00e4ndler bevorzugen das Herunterladen einer App und betonen, dass diese speziell f\u00fcr mobile Ger\u00e4te entwickelt wurde, andere Nutzer hingegen betonen, dass auch eine mobile Website sehr leicht zu bedienen ist.<\/p>\n<h2>Keine Begrenzung \u2013\u00a0jede Option ist verf\u00fcgbar<\/h2>\n<p><img loading=\"lazy\" class=\"alignright\" src=\"https:\/\/www.mcbinary.com\/wp-content\/uploads\/2014\/06\/24option_high_low.png\" alt=\"\" width=\"300\" height=\"531\" \/>Viele Nutzer, die mit bin\u00e4ren Optionen bereits vertraut sind und nun auch in den mobilen Handel einsteigen wollen, bef\u00fcrchten, dass ihnen bei dieser Variante nicht alle gewohnten M\u00f6glichkeiten zur Verf\u00fcgung stehen. Dar\u00fcber m\u00fcssen Sie sich jedoch keine Gedanken machen. Es gibt keine Begrenzungen beim mobilen Handel, Sie haben bei dieser Alternative die gleichen M\u00f6glichkeiten wie auf Ihrem Desktop-PC oder Ihrem Laptop. Es gibt keine Plattform, auf die Sie \u00fcber Ihr Smartphone nicht zugreifen k\u00f6nnen, zudem sind alle Basiswerte auch im mobilen Handel verf\u00fcgbar.<\/p>\n<p>Ein Aspekt, auf den jeder potenzielle Trader achten sollten, ist das Konto. In der Regel gibt es nur ein Konto, bei dem es keinen Unterschied macht, ob Sie sich von Ihrem Computer oder von Ihrem Telefon aus anmelden. Dadurch k\u00f6nnen Sie sich morgens von Ihrem Computer aus einloggen und einige Trades abschlie\u00dfen, bevor Sie diese Trades dann nachmittags vom Smartphone aus begutachten. Auf diese Weise k\u00f6nnen Sie auch auf dem Smartphone sehen, ob Sie Gewinne oder Verluste erzielt haben, zudem k\u00f6nnen Sie daf\u00fcr noch weitere Trades abschlie\u00dfen und diese dann sp\u00e4ter von zu Hause aus am Computer begutachten.<\/p>\n<h2>Fazit<\/h2>\n<p>Alles in allem ist der mobile Handel mit bin\u00e4ren Optionen die Zukunft. Diese Form des Handels ist sicher, einfach und sehr komfortabel. Wenn Sie sich f\u00fcr bin\u00e4re Optionen interessieren und vielleicht schon ein wenig Geld mit dem Handel verdient haben, gibt es keinen Grund, der gegen Trades von Ihrem Smartphone aus spricht. Au\u00dferdem k\u00f6nnen Sie, wenn Sie sich schon einmal mit bin\u00e4ren Optionen besch\u00e4ftigt haben und sich f\u00fcr diese Variante des Handels interessieren, sehr leicht in den mobilen Handel einsteigen. Das gilt selbst dann, wenn Sie selten zu Hause sind und im Prinzip nur von Ihrem Smartphone aus handeln k\u00f6nnen. Z\u00f6gern Sie also nicht und testen Sie es selbst; Sie werden sehen: Es lohnt sich!<\/p>\n","protected":false},"excerpt":{"rendered":"<p>Wir leben in einer Zeit, in der wir uns so sehr auf Technologie verlassen, dass unsere mobilen Ger\u00e4te nicht mehr nur f\u00fcr bestimmte Aktivit\u00e4ten genutzt werden, sondern als Ger\u00e4t dienen, das aus dem Alltag kaum mehr wegzudenken ist. In der Vergangenheit wurden Mobiltelefone ausschlie\u00dflich zum Telefonieren oder zum Verschicken von SMS genutzt, heutzutage ist es hingegen kaum mehr m\u00f6glich, alle Dinge aufzulisten, f\u00fcr die diese Ger\u00e4te genutzt werden. An dieser Stelle wollen wir dar\u00fcber sprechen, wie Sie mit Ihrem Smartphone &#8230;<\/p>\n","protected":false},"author":2,"featured_media":0,"parent":0,"menu_order":0,"comment_status":"open","ping_status":"open","template":"","meta":[],"yoast_head":"<!-- This site is optimized with the Yoast SEO plugin v19.0 - https:\/\/yoast.com\/wordpress\/plugins\/seo\/ -->\n<title>Mobiler Handel von bin\u00e4ren Optionen -<\/title>\n<meta name=\"robots\" content=\"index, follow, max-snippet:-1, max-image-preview:large, max-video-preview:-1\" \/>\n<link rel=\"canonical\" href=\"https:\/\/www.mcbinary.com\/de\/mobil\/\" \/>\n<meta property=\"og:locale\" content=\"en_US\" \/>\n<meta property=\"og:type\" content=\"article\" \/>\n<meta property=\"og:title\" content=\"Mobiler Handel von bin\u00e4ren Optionen -\" \/>\n<meta property=\"og:description\" content=\"Wir leben in einer Zeit, in der wir uns so sehr auf Technologie verlassen, dass unsere mobilen Ger\u00e4te nicht mehr nur f\u00fcr bestimmte Aktivit\u00e4ten genutzt werden, sondern als Ger\u00e4t dienen, das aus dem Alltag kaum mehr wegzudenken ist. In der Vergangenheit wurden Mobiltelefone ausschlie\u00dflich zum Telefonieren oder zum Verschicken von SMS genutzt, heutzutage ist es hingegen kaum mehr m\u00f6glich, alle Dinge aufzulisten, f\u00fcr die diese Ger\u00e4te genutzt werden. An dieser Stelle wollen wir dar\u00fcber sprechen, wie Sie mit Ihrem Smartphone ...\" \/>\n<meta property=\"og:url\" content=\"https:\/\/www.mcbinary.com\/de\/mobil\/\" \/>\n<meta property=\"og:site_name\" content=\"Mc Binary\" \/>\n<meta property=\"article:modified_time\" content=\"2017-05-31T09:16:46+00:00\" \/>\n<meta property=\"og:image\" content=\"https:\/\/www.mcbinary.com\/wp-content\/uploads\/2014\/06\/anyoption-iphone.png\" \/>\n<meta name=\"twitter:label1\" content=\"Est. reading time\" \/>\n\t<meta name=\"twitter:data1\" content=\"4 minutes\" \/>\n<script type=\"application\/ld+json\" class=\"yoast-schema-graph\">{\"@context\":\"https:\/\/schema.org\",\"@graph\":[{\"@type\":\"WebSite\",\"@id\":\"https:\/\/www.mcbinary.com\/de\/#website\",\"url\":\"https:\/\/www.mcbinary.com\/de\/\",\"name\":\"Mc Binary\",\"description\":\"Alles zum Thema Bin\u00e4re Optionen\",\"potentialAction\":[{\"@type\":\"SearchAction\",\"target\":{\"@type\":\"EntryPoint\",\"urlTemplate\":\"https:\/\/www.mcbinary.com\/de\/?s={search_term_string}\"},\"query-input\":\"required name=search_term_string\"}],\"inLanguage\":\"en-US\"},{\"@type\":\"ImageObject\",\"inLanguage\":\"en-US\",\"@id\":\"https:\/\/www.mcbinary.com\/de\/mobil\/#primaryimage\",\"url\":\"https:\/\/www.mcbinary.com\/wp-content\/uploads\/2014\/06\/anyoption-iphone.png\",\"contentUrl\":\"https:\/\/www.mcbinary.com\/wp-content\/uploads\/2014\/06\/anyoption-iphone.png\"},{\"@type\":\"WebPage\",\"@id\":\"https:\/\/www.mcbinary.com\/de\/mobil\/#webpage\",\"url\":\"https:\/\/www.mcbinary.com\/de\/mobil\/\",\"name\":\"Mobiler Handel von bin\u00e4ren Optionen -\",\"isPartOf\":{\"@id\":\"https:\/\/www.mcbinary.com\/de\/#website\"},\"primaryImageOfPage\":{\"@id\":\"https:\/\/www.mcbinary.com\/de\/mobil\/#primaryimage\"},\"datePublished\":\"2014-07-07T07:39:10+00:00\",\"dateModified\":\"2017-05-31T09:16:46+00:00\",\"breadcrumb\":{\"@id\":\"https:\/\/www.mcbinary.com\/de\/mobil\/#breadcrumb\"},\"inLanguage\":\"en-US\",\"potentialAction\":[{\"@type\":\"ReadAction\",\"target\":[\"https:\/\/www.mcbinary.com\/de\/mobil\/\"]}]},{\"@type\":\"BreadcrumbList\",\"@id\":\"https:\/\/www.mcbinary.com\/de\/mobil\/#breadcrumb\",\"itemListElement\":[{\"@type\":\"ListItem\",\"position\":1,\"name\":\"Home\",\"item\":\"https:\/\/www.mcbinary.com\/de\/\"},{\"@type\":\"ListItem\",\"position\":2,\"name\":\"Mobiler Handel von bin\u00e4ren Optionen\"}]}]}<\/script>\n<!-- \/ Yoast SEO plugin. -->","yoast_head_json":{"title":"Mobiler Handel von bin\u00e4ren Optionen -","robots":{"index":"index","follow":"follow","max-snippet":"max-snippet:-1","max-image-preview":"max-image-preview:large","max-video-preview":"max-video-preview:-1"},"canonical":"https:\/\/www.mcbinary.com\/de\/mobil\/","og_locale":"en_US","og_type":"article","og_title":"Mobiler Handel von bin\u00e4ren Optionen -","og_description":"Wir leben in einer Zeit, in der wir uns so sehr auf Technologie verlassen, dass unsere mobilen Ger\u00e4te nicht mehr nur f\u00fcr bestimmte Aktivit\u00e4ten genutzt werden, sondern als Ger\u00e4t dienen, das aus dem Alltag kaum mehr wegzudenken ist. In der Vergangenheit wurden Mobiltelefone ausschlie\u00dflich zum Telefonieren oder zum Verschicken von SMS genutzt, heutzutage ist es hingegen kaum mehr m\u00f6glich, alle Dinge aufzulisten, f\u00fcr die diese Ger\u00e4te genutzt werden. An dieser Stelle wollen wir dar\u00fcber sprechen, wie Sie mit Ihrem Smartphone ...","og_url":"https:\/\/www.mcbinary.com\/de\/mobil\/","og_site_name":"Mc Binary","article_modified_time":"2017-05-31T09:16:46+00:00","og_image":[{"url":"https:\/\/www.mcbinary.com\/wp-content\/uploads\/2014\/06\/anyoption-iphone.png"}],"twitter_misc":{"Est. reading time":"4 minutes"},"schema":{"@context":"https:\/\/schema.org","@graph":[{"@type":"WebSite","@id":"https:\/\/www.mcbinary.com\/de\/#website","url":"https:\/\/www.mcbinary.com\/de\/","name":"Mc Binary","description":"Alles zum Thema Bin\u00e4re Optionen","potentialAction":[{"@type":"SearchAction","target":{"@type":"EntryPoint","urlTemplate":"https:\/\/www.mcbinary.com\/de\/?s={search_term_string}"},"query-input":"required name=search_term_string"}],"inLanguage":"en-US"},{"@type":"ImageObject","inLanguage":"en-US","@id":"https:\/\/www.mcbinary.com\/de\/mobil\/#primaryimage","url":"https:\/\/www.mcbinary.com\/wp-content\/uploads\/2014\/06\/anyoption-iphone.png","contentUrl":"https:\/\/www.mcbinary.com\/wp-content\/uploads\/2014\/06\/anyoption-iphone.png"},{"@type":"WebPage","@id":"https:\/\/www.mcbinary.com\/de\/mobil\/#webpage","url":"https:\/\/www.mcbinary.com\/de\/mobil\/","name":"Mobiler Handel von bin\u00e4ren Optionen -","isPartOf":{"@id":"https:\/\/www.mcbinary.com\/de\/#website"},"primaryImageOfPage":{"@id":"https:\/\/www.mcbinary.com\/de\/mobil\/#primaryimage"},"datePublished":"2014-07-07T07:39:10+00:00","dateModified":"2017-05-31T09:16:46+00:00","breadcrumb":{"@id":"https:\/\/www.mcbinary.com\/de\/mobil\/#breadcrumb"},"inLanguage":"en-US","potentialAction":[{"@type":"ReadAction","target":["https:\/\/www.mcbinary.com\/de\/mobil\/"]}]},{"@type":"BreadcrumbList","@id":"https:\/\/www.mcbinary.com\/de\/mobil\/#breadcrumb","itemListElement":[{"@type":"ListItem","position":1,"name":"Home","item":"https:\/\/www.mcbinary.com\/de\/"},{"@type":"ListItem","position":2,"name":"Mobiler Handel von bin\u00e4ren Optionen"}]}]}},"_links":{"self":[{"href":"https:\/\/www.mcbinary.com\/de\/wp-json\/wp\/v2\/pages\/498"}],"collection":[{"href":"https:\/\/www.mcbinary.com\/de\/wp-json\/wp\/v2\/pages"}],"about":[{"href":"https:\/\/www.mcbinary.com\/de\/wp-json\/wp\/v2\/types\/page"}],"author":[{"embeddable":true,"href":"https:\/\/www.mcbinary.com\/de\/wp-json\/wp\/v2\/users\/2"}],"replies":[{"embeddable":true,"href":"https:\/\/www.mcbinary.com\/de\/wp-json\/wp\/v2\/comments?post=498"}],"version-history":[{"count":8,"href":"https:\/\/www.mcbinary.com\/de\/wp-json\/wp\/v2\/pages\/498\/revisions"}],"predecessor-version":[{"id":578,"href":"https:\/\/www.mcbinary.com\/de\/wp-json\/wp\/v2\/pages\/498\/revisions\/578"}],"wp:attachment":[{"href":"https:\/\/www.mcbinary.com\/de\/wp-json\/wp\/v2\/media?parent=498"}],"curies":[{"name":"wp","href":"https:\/\/api.w.org\/{rel}","templated":true}]}}