{"id":4,"date":"2012-06-27T06:44:32","date_gmt":"2012-06-27T06:44:32","guid":{"rendered":"http:\/\/mcbinary.com\/de\/?page_id=4"},"modified":"2018-04-24T08:48:03","modified_gmt":"2018-04-24T06:48:03","slug":"startseite","status":"publish","type":"page","link":"https:\/\/www.mcbinary.com\/de\/","title":{"rendered":"Bin\u00e4re Optionen online Handel und Vergleich"},"content":{"rendered":"<p>Auf <a href=\"https:\/\/www.mcbinary.com\/de\/\">McBinary.com<\/a> erfahren Sie alles zum Thema Bin\u00e4re Optionen! Bei Bin\u00e4ren Optionen handelt es sich um das innovativste Finanzprodukt, das f\u00fcr Jedermann geeignet ist. Der Handel ist deswegen so unkompliziert weil Sie bei Bin\u00e4ren Optionen nur wenige Auswahlm\u00f6glichkeiten haben: Sie k\u00f6nnen darauf setzen, dass der Kurs sp\u00e4ter h\u00f6her oder niedriger liegt und erzielen damit &#8220;Renditen von bis zu 90%&#8221; (im Falle eines erfolgreichen Trades)! Aus diesem Grund bieten Bin\u00e4re Optionen einmalige Chancen &#8211; inzwischen ist sogar ein 60 Sekunden-Handel m\u00f6glich und das hei\u00dft, dass jede Minute eine neue Option endet. Melden Sie sich am besten beim weltweiten Marktf\u00fchrer IQ Option an. Bei diesem Broker k\u00f6nnen Sie die wohl beste Plattform f\u00fcr den Bin\u00e4roptionshandel nutzen und sind als Einsteiger bestens aufgehoben.<\/p>\n<p style=\"text-align: center\"><strong><a class=\"gocta\" href=\"https:\/\/www.mcbinary.com\/de\/link\/iqoption\" rel=\"nofollow\">Handeln Sie hier Ihre erste Option mit nur 10 Euro!<\/a><\/strong><br \/>\n<i>Risikowarnung: Ihr Kapital k\u00f6nnte gef\u00e4hrdet sein<\/i><\/p>\n<h2>Bin\u00e4re Optionen Broker Vergleich<\/h2>\n<p>Auf McBinary.com haben wir es uns zur Aufgabe gemacht Ihnen <a title=\"Tabelle beste Broker\" href=\"https:\/\/www.mcbinary.com\/de\/optionen-broker\/\">die besten Broker<\/a> ausf\u00fchrlich vorzustellen und miteinander zu vergleichen. Sie sollen sich nicht mit dem n\u00e4chstbesten Anbieter zufrieden geben, sondern sich die M\u00fche machen zu vergleichen. Denn nur so k\u00f6nnen Sie denjenigen Broker finden, der am besten zu Ihnen passt.<\/p>\n<p>Auch wenn der Markt un\u00fcbersichtlich wird und jede Woche ein neuer Anbieter ins Gesch\u00e4ft einsteigt, ist es wichtig seinen Broker nicht nach dem Zufallsprinzip oder aus Sympathie auszuw\u00e4hlen. Es gibt wirklich Broker, die in Sachen Auszahlungen sehr viel schlechter sind als andere. Dieser muss schon sehr viel zu bieten haben damit er diesen Nachteil ausgleichen kann. Denn am Ende des Tages z\u00e4hlt nun einmal die Rendite und die wird stark von der Auszahlungsstruktur beeinflusst. Machen Sie es sich also nicht schwerer als n\u00f6tig und achten Sie bei der Wahl des Brokers darauf.<\/p>\n<p>Das ist allerdings nicht das einzigste Kriterium, denn was bringt Ihnen hohe Auszahlung wenn der Kundendienst bzw. Support schlecht ist oder Sie mit der Plattform nicht zurecht kommen. Auch die Zahlungsmethoden sind wichtig, schlie\u00dflich m\u00fcssen Sie irgendwie Geld auf und von Ihrem Konto erhalten.<\/p>\n<p>Als Anbieter haben sich bisher BDSwiss, Anyoption und OptionFair auf dem deutschen Markt sehr gut geschlagen. Sie bieten eine \u00fcbersichtliche Webseite, faire Auszahlungen, schnelle und verl\u00e4ssliche Kurse und eine ausgezeichnete Plattform.<\/p>\n<h2>Der Handel mit Bin\u00e4ren Optionen<\/h2>\n<p>Wenn Sie dann einmal den richtigen Broker gefunden haben z\u00e4hlt nur noch eins: Rendite. Ok, es ist denkbar, dass Sie aus Spa\u00df handeln und damit w\u00e4ren Sie bestimmt nicht allein. Denn der Bin\u00e4roptionshandel macht auch Spa\u00df und ist Unterhaltung pur wegen der Schnelllebigkeit und der hohen Varianz. Trotzdem kann man den Handel auch professionell betreiben und damit auf lange Sicht Renditen erwirtschaften.<\/p>\n<p>Auf McBinary.com finden Sie alles was Sie f\u00fcr den professionellen Handel brauchen. Einsteigern zeigen wir wie sie die ersten Schritte machen k\u00f6nnen, wie der Handel \u00fcberhaupt funktioniert, welche Arten von Optionen es gibt, wo die Vorteile bei Bin\u00e4ren Optionen liegen, usw. Fortgeschrittene k\u00f6nnen sich ausf\u00fchrlich die Unterschiede zwischen Devisen-, Aktien-, Indizes- und Rohstoffhandel ansehen. Diese vier Bereiche bilden die Grundlage f\u00fcr alle Basiswerte und unterscheiden sich stark voneinander. Au\u00dferdem finden sie Artikel zum Thema Risikomanagement und die Grundlagen f\u00fcr fundamentale und technische Analysen.<\/p>\n<h2>Was sind Bin\u00e4re Optionen?<\/h2>\n<p>Optionen sind im allgemeinen Kontrakte bei denen Sie das Recht erwerben oder die Pflicht haben etwas zu erf\u00fcllen. Zum Beispiel vereinbaren Sie 100 Facebook Aktien zum Preis von 30 Euro am 15.12. zu liefern wenn der Kurs h\u00f6her als 31 Euro ist. Das w\u00e4re eine der klassischen Optionen. Der neue Trend geht aber in Richtung Digitale Optionen (auf Englisch Binary Options) &#8211; Optionen, die sehr einfach definiert sind. Dabei handeln Sie auf Aktien, Rohstoffe oder W\u00e4hrungen wie den Euro (Forex) und legen fest ob der Kurs h\u00f6her oder niedriger sein wird als im Moment. Sie k\u00f6nnen dabei nicht nur Rohstoffe oder Forex handeln, sondern auch mit Indizes wie den DAX (es stehen Ihnen aber auch noch sehr viel weitere Basiswerte zur Verf\u00fcgung). Eine digitale Option ist sehr einfach gestrickt und ist die simpelste Form von Trading. Sie loggen sich einfach bei der Webseite einer Plattform ein, machen Ihre Einzahlung und legen fest ob der Kurs des Euro im Vergleich zum Dollar zum Beispiel in 60 Sekunden h\u00f6her oder niedriger sein wird als im Moment. Diese Optionen haben keinen Preis, sondern nur eine ung\u00fcnstige Auszahlung. Sie erhalten 85% Gewinn wenn die Option im Geld landet und Sie richtig liegen, aber 0% Gewinn wenn das nicht der Fall ist. Es geht also um alles oder nichts &#8211; so k\u00f6nnte man einen Trade auch bezeichnen. Wer langfristig erfolgreich sein m\u00f6chte braucht die richtige Strategie, deren Erwartungswert positiv ist. Nur so l\u00e4sst sich auf lange Sicht bei einem Anbieter Profit machen. Als Anleger braucht man also nicht nur den richtigen Anbieter, sondern eben auch die richtige Strategie. Diese kann sehr vielseitig sein. Es gibt auch Trader, die lediglich mit Nachrichten traden &#8211; sogenanntes News Trading. Von News Trading abgesehen gibt es aber auch noch viele weitere Wege zum Erfolg. Sie unterscheiden sich jedoch stark was die Risiken betrifft. F\u00fcr mehr Informationen schauen Sie sich in unserer <a href=\"https:\/\/www.mcbinary.com\/de\/strategie-uebersicht\/\">entsprechenden Sektion<\/a> um. Dort werden Sie die wichtigsten Strategien kennen lernen.<\/p>\n","protected":false},"excerpt":{"rendered":"<p>Auf McBinary.com erfahren Sie alles zum Thema Bin\u00e4re Optionen! Bei Bin\u00e4ren Optionen handelt es sich um das innovativste Finanzprodukt, das f\u00fcr Jedermann geeignet ist. Der Handel ist deswegen so unkompliziert weil Sie bei Bin\u00e4ren Optionen nur wenige Auswahlm\u00f6glichkeiten haben: Sie k\u00f6nnen darauf setzen, dass der Kurs sp\u00e4ter h\u00f6her oder niedriger liegt und erzielen damit &#8220;Renditen von bis zu 90%&#8221; (im Falle eines erfolgreichen Trades)! Aus diesem Grund bieten Bin\u00e4re Optionen einmalige Chancen &#8211; inzwischen ist sogar ein 60 Sekunden-Handel m\u00f6glich &#8230;<\/p>\n","protected":false},"author":1,"featured_media":0,"parent":0,"menu_order":0,"comment_status":"open","ping_status":"open","template":"","meta":[],"yoast_head":"<!-- This site is optimized with the Yoast SEO plugin v19.0 - https:\/\/yoast.com\/wordpress\/plugins\/seo\/ -->\n<title>Bin\u00e4re Optionen: Broker Tests und Strategie f\u00fcrs Handeln |<\/title>\n<meta name=\"description\" content=\"Auf McBinary finden Sie Tests von Brokern sowie eine Einf\u00fchrung und Strategie-Tipps f\u00fcr den Handel von Bin\u00e4ren Optionen\" \/>\n<meta name=\"robots\" content=\"index, follow, max-snippet:-1, max-image-preview:large, max-video-preview:-1\" \/>\n<link rel=\"canonical\" href=\"https:\/\/www.mcbinary.com\/de\/\" \/>\n<meta property=\"og:locale\" content=\"en_US\" \/>\n<meta property=\"og:type\" content=\"article\" \/>\n<meta property=\"og:title\" content=\"Bin\u00e4re Optionen: Broker Tests und Strategie f\u00fcrs Handeln |\" \/>\n<meta property=\"og:description\" content=\"Auf McBinary finden Sie Tests von Brokern sowie eine Einf\u00fchrung und Strategie-Tipps f\u00fcr den Handel von Bin\u00e4ren Optionen\" \/>\n<meta property=\"og:url\" content=\"https:\/\/www.mcbinary.com\/de\/\" \/>\n<meta property=\"og:site_name\" content=\"Mc Binary\" \/>\n<meta property=\"article:modified_time\" content=\"2018-04-24T06:48:03+00:00\" \/>\n<meta name=\"twitter:label1\" content=\"Est. reading time\" \/>\n\t<meta name=\"twitter:data1\" content=\"4 minutes\" \/>\n<script type=\"application\/ld+json\" class=\"yoast-schema-graph\">{\"@context\":\"https:\/\/schema.org\",\"@graph\":[{\"@type\":\"WebSite\",\"@id\":\"https:\/\/www.mcbinary.com\/de\/#website\",\"url\":\"https:\/\/www.mcbinary.com\/de\/\",\"name\":\"Mc Binary\",\"description\":\"Alles zum Thema Bin\u00e4re Optionen\",\"potentialAction\":[{\"@type\":\"SearchAction\",\"target\":{\"@type\":\"EntryPoint\",\"urlTemplate\":\"https:\/\/www.mcbinary.com\/de\/?s={search_term_string}\"},\"query-input\":\"required name=search_term_string\"}],\"inLanguage\":\"en-US\"},{\"@type\":\"WebPage\",\"@id\":\"https:\/\/www.mcbinary.com\/de\/#webpage\",\"url\":\"https:\/\/www.mcbinary.com\/de\/\",\"name\":\"Bin\u00e4re Optionen: Broker Tests und Strategie f\u00fcrs Handeln |\",\"isPartOf\":{\"@id\":\"https:\/\/www.mcbinary.com\/de\/#website\"},\"datePublished\":\"2012-06-27T06:44:32+00:00\",\"dateModified\":\"2018-04-24T06:48:03+00:00\",\"description\":\"Auf McBinary finden Sie Tests von Brokern sowie eine Einf\u00fchrung und Strategie-Tipps f\u00fcr den Handel von Bin\u00e4ren Optionen\",\"breadcrumb\":{\"@id\":\"https:\/\/www.mcbinary.com\/de\/#breadcrumb\"},\"inLanguage\":\"en-US\",\"potentialAction\":[{\"@type\":\"ReadAction\",\"target\":[\"https:\/\/www.mcbinary.com\/de\/\"]}]},{\"@type\":\"BreadcrumbList\",\"@id\":\"https:\/\/www.mcbinary.com\/de\/#breadcrumb\",\"itemListElement\":[{\"@type\":\"ListItem\",\"position\":1,\"name\":\"Home\",\"item\":\"https:\/\/www.mcbinary.com\/de\/\"},{\"@type\":\"ListItem\",\"position\":2,\"name\":\"Bin\u00e4re Optionen online Handel und Vergleich\"}]}]}<\/script>\n<!-- \/ Yoast SEO plugin. -->","yoast_head_json":{"title":"Bin\u00e4re Optionen: Broker Tests und Strategie f\u00fcrs Handeln |","description":"Auf McBinary finden Sie Tests von Brokern sowie eine Einf\u00fchrung und Strategie-Tipps f\u00fcr den Handel von Bin\u00e4ren Optionen","robots":{"index":"index","follow":"follow","max-snippet":"max-snippet:-1","max-image-preview":"max-image-preview:large","max-video-preview":"max-video-preview:-1"},"canonical":"https:\/\/www.mcbinary.com\/de\/","og_locale":"en_US","og_type":"article","og_title":"Bin\u00e4re Optionen: Broker Tests und Strategie f\u00fcrs Handeln |","og_description":"Auf McBinary finden Sie Tests von Brokern sowie eine Einf\u00fchrung und Strategie-Tipps f\u00fcr den Handel von Bin\u00e4ren Optionen","og_url":"https:\/\/www.mcbinary.com\/de\/","og_site_name":"Mc Binary","article_modified_time":"2018-04-24T06:48:03+00:00","twitter_misc":{"Est. reading time":"4 minutes"},"schema":{"@context":"https:\/\/schema.org","@graph":[{"@type":"WebSite","@id":"https:\/\/www.mcbinary.com\/de\/#website","url":"https:\/\/www.mcbinary.com\/de\/","name":"Mc Binary","description":"Alles zum Thema Bin\u00e4re Optionen","potentialAction":[{"@type":"SearchAction","target":{"@type":"EntryPoint","urlTemplate":"https:\/\/www.mcbinary.com\/de\/?s={search_term_string}"},"query-input":"required name=search_term_string"}],"inLanguage":"en-US"},{"@type":"WebPage","@id":"https:\/\/www.mcbinary.com\/de\/#webpage","url":"https:\/\/www.mcbinary.com\/de\/","name":"Bin\u00e4re Optionen: Broker Tests und Strategie f\u00fcrs Handeln |","isPartOf":{"@id":"https:\/\/www.mcbinary.com\/de\/#website"},"datePublished":"2012-06-27T06:44:32+00:00","dateModified":"2018-04-24T06:48:03+00:00","description":"Auf McBinary finden Sie Tests von Brokern sowie eine Einf\u00fchrung und Strategie-Tipps f\u00fcr den Handel von Bin\u00e4ren Optionen","breadcrumb":{"@id":"https:\/\/www.mcbinary.com\/de\/#breadcrumb"},"inLanguage":"en-US","potentialAction":[{"@type":"ReadAction","target":["https:\/\/www.mcbinary.com\/de\/"]}]},{"@type":"BreadcrumbList","@id":"https:\/\/www.mcbinary.com\/de\/#breadcrumb","itemListElement":[{"@type":"ListItem","position":1,"name":"Home","item":"https:\/\/www.mcbinary.com\/de\/"},{"@type":"ListItem","position":2,"name":"Bin\u00e4re Optionen online Handel und Vergleich"}]}]}},"_links":{"self":[{"href":"https:\/\/www.mcbinary.com\/de\/wp-json\/wp\/v2\/pages\/4"}],"collection":[{"href":"https:\/\/www.mcbinary.com\/de\/wp-json\/wp\/v2\/pages"}],"about":[{"href":"https:\/\/www.mcbinary.com\/de\/wp-json\/wp\/v2\/types\/page"}],"author":[{"embeddable":true,"href":"https:\/\/www.mcbinary.com\/de\/wp-json\/wp\/v2\/users\/1"}],"replies":[{"embeddable":true,"href":"https:\/\/www.mcbinary.com\/de\/wp-json\/wp\/v2\/comments?post=4"}],"version-history":[{"count":26,"href":"https:\/\/www.mcbinary.com\/de\/wp-json\/wp\/v2\/pages\/4\/revisions"}],"predecessor-version":[{"id":614,"href":"https:\/\/www.mcbinary.com\/de\/wp-json\/wp\/v2\/pages\/4\/revisions\/614"}],"wp:attachment":[{"href":"https:\/\/www.mcbinary.com\/de\/wp-json\/wp\/v2\/media?parent=4"}],"curies":[{"name":"wp","href":"https:\/\/api.w.org\/{rel}","templated":true}]}}