{"id":33,"date":"2012-06-27T09:47:38","date_gmt":"2012-06-27T07:47:38","guid":{"rendered":"http:\/\/www.mcbinary.com\/de\/?page_id=33"},"modified":"2014-06-17T12:54:41","modified_gmt":"2014-06-17T10:54:41","slug":"strategie-uebersicht","status":"publish","type":"page","link":"https:\/\/www.mcbinary.com\/de\/strategie-uebersicht\/","title":{"rendered":"Strategie \u00dcbersicht"},"content":{"rendered":"<p>Hier erfahren Sie mehr Trading Strategien, die fundamentale und die technische Analyse sowie \u00fcber das Risikomanagement.<\/p>\n<h2>Fundamentale Analyse<\/h2>\n<ul class=\"lcp_catlist\" id=\"lcp_instance_0\">\n<li><a href=\"https:\/\/www.mcbinary.com\/de\/strategie\/was-ist-das\/\">Was ist Fundamentale Analyse?<\/a><\/li>\n<li><a href=\"https:\/\/www.mcbinary.com\/de\/strategie\/quellen-fundamentale-analyse\/\">Was sind die besten Quellen f\u00fcr fundamentale Analysen?<\/a><\/li>\n<\/ul>\n<h2>Technische Analyse<\/h2>\n<ul class=\"lcp_catlist\" id=\"lcp_instance_0\">\n<li><a href=\"https:\/\/www.mcbinary.com\/de\/strategie\/charttechnik\/funktioniert-charttechnik\/\">Funktioniert die Charttechnik \u00fcberhaupt?<\/a><\/li>\n<li><a href=\"https:\/\/www.mcbinary.com\/de\/strategie\/charttechnik\/technische-analyse\/\">Was ist Technische Analyse<\/a><\/li>\n<li><a href=\"https:\/\/www.mcbinary.com\/de\/strategie\/beste-muster\/\">Was sind die besten Muster (Technische Analyse)?<\/a><\/li>\n<\/ul>\n<h2>Risikomanagement<\/h2>\n<ul class=\"lcp_catlist\" id=\"lcp_instance_0\">\n<li><a href=\"https:\/\/www.mcbinary.com\/de\/strategie\/risiko\/umgang-verluste\/\">Der Umgang mit Verlusten als Bin\u00e4re Optionen Trader<\/a><\/li>\n<li><a href=\"https:\/\/www.mcbinary.com\/de\/strategie\/risiko\/professionell-handeln\/\">Professionell handeln statt zu Zocken<\/a><\/li>\n<li><a href=\"https:\/\/www.mcbinary.com\/de\/strategie\/zocken\/\">Sind Bin\u00e4re Optionen nur etwas f\u00fcr Zocker?<\/a><\/li>\n<li><a href=\"https:\/\/www.mcbinary.com\/de\/strategie\/risiken\/\">Welche Risiken gibt es mit Bin\u00e4ren Optionen?<\/a><\/li>\n<\/ul>\n","protected":false},"excerpt":{"rendered":"<p>Obwohl es M\u00f6glichkeiten gibt das Risiko bei allen Finanzanlagen zu reduzieren, ist es eine Tatsache, dass es immer ein Risiko gibt &#8211; und Bin\u00e4re Optionen sind hier keine Ausnahme. Zun\u00e4chst einmal m\u00f6chten wir aber einmal erkl\u00e4ren was in der Finanzwelt als Risiko definiert wird: Die Schwankung um den Erwartungswert. Angenommen Sie investieren in eine Aktie, die normalerweise 10% Rendite pro Jahr abwirft. W\u00fcrde sie in einem Jahr nur 9%, im anderen daf\u00fcr 11% erwirtschaften ist das Risiko sehr \u00fcberschaubar. Aber &#8230;<\/p>\n","protected":false},"author":1,"featured_media":0,"parent":0,"menu_order":0,"comment_status":"open","ping_status":"open","template":"template_rightsidebar_horizontalnav.php","meta":[],"yoast_head":"<!-- This site is optimized with the Yoast SEO plugin v19.0 - https:\/\/yoast.com\/wordpress\/plugins\/seo\/ -->\n<title>Strategie \u00dcbersicht -<\/title>\n<meta name=\"robots\" content=\"index, follow, max-snippet:-1, max-image-preview:large, max-video-preview:-1\" \/>\n<link rel=\"canonical\" href=\"https:\/\/www.mcbinary.com\/de\/strategie-uebersicht\/\" \/>\n<meta property=\"og:locale\" content=\"en_US\" \/>\n<meta property=\"og:type\" content=\"article\" \/>\n<meta property=\"og:title\" content=\"Strategie \u00dcbersicht -\" \/>\n<meta property=\"og:description\" content=\"Obwohl es M\u00f6glichkeiten gibt das Risiko bei allen Finanzanlagen zu reduzieren, ist es eine Tatsache, dass es immer ein Risiko gibt &#8211; und Bin\u00e4re Optionen sind hier keine Ausnahme. Zun\u00e4chst einmal m\u00f6chten wir aber einmal erkl\u00e4ren was in der Finanzwelt als Risiko definiert wird: Die Schwankung um den Erwartungswert. Angenommen Sie investieren in eine Aktie, die normalerweise 10% Rendite pro Jahr abwirft. W\u00fcrde sie in einem Jahr nur 9%, im anderen daf\u00fcr 11% erwirtschaften ist das Risiko sehr \u00fcberschaubar. Aber ...\" \/>\n<meta property=\"og:url\" content=\"https:\/\/www.mcbinary.com\/de\/strategie-uebersicht\/\" \/>\n<meta property=\"og:site_name\" content=\"Mc Binary\" \/>\n<meta property=\"article:modified_time\" content=\"2014-06-17T10:54:41+00:00\" \/>\n<script type=\"application\/ld+json\" class=\"yoast-schema-graph\">{\"@context\":\"https:\/\/schema.org\",\"@graph\":[{\"@type\":\"WebSite\",\"@id\":\"https:\/\/www.mcbinary.com\/de\/#website\",\"url\":\"https:\/\/www.mcbinary.com\/de\/\",\"name\":\"Mc Binary\",\"description\":\"Alles zum Thema Bin\u00e4re Optionen\",\"potentialAction\":[{\"@type\":\"SearchAction\",\"target\":{\"@type\":\"EntryPoint\",\"urlTemplate\":\"https:\/\/www.mcbinary.com\/de\/?s={search_term_string}\"},\"query-input\":\"required name=search_term_string\"}],\"inLanguage\":\"en-US\"},{\"@type\":\"WebPage\",\"@id\":\"https:\/\/www.mcbinary.com\/de\/strategie-uebersicht\/#webpage\",\"url\":\"https:\/\/www.mcbinary.com\/de\/strategie-uebersicht\/\",\"name\":\"Strategie \u00dcbersicht -\",\"isPartOf\":{\"@id\":\"https:\/\/www.mcbinary.com\/de\/#website\"},\"datePublished\":\"2012-06-27T07:47:38+00:00\",\"dateModified\":\"2014-06-17T10:54:41+00:00\",\"breadcrumb\":{\"@id\":\"https:\/\/www.mcbinary.com\/de\/strategie-uebersicht\/#breadcrumb\"},\"inLanguage\":\"en-US\",\"potentialAction\":[{\"@type\":\"ReadAction\",\"target\":[\"https:\/\/www.mcbinary.com\/de\/strategie-uebersicht\/\"]}]},{\"@type\":\"BreadcrumbList\",\"@id\":\"https:\/\/www.mcbinary.com\/de\/strategie-uebersicht\/#breadcrumb\",\"itemListElement\":[{\"@type\":\"ListItem\",\"position\":1,\"name\":\"Home\",\"item\":\"https:\/\/www.mcbinary.com\/de\/\"},{\"@type\":\"ListItem\",\"position\":2,\"name\":\"Strategie \u00dcbersicht\"}]}]}<\/script>\n<!-- \/ Yoast SEO plugin. -->","yoast_head_json":{"title":"Strategie \u00dcbersicht -","robots":{"index":"index","follow":"follow","max-snippet":"max-snippet:-1","max-image-preview":"max-image-preview:large","max-video-preview":"max-video-preview:-1"},"canonical":"https:\/\/www.mcbinary.com\/de\/strategie-uebersicht\/","og_locale":"en_US","og_type":"article","og_title":"Strategie \u00dcbersicht -","og_description":"Obwohl es M\u00f6glichkeiten gibt das Risiko bei allen Finanzanlagen zu reduzieren, ist es eine Tatsache, dass es immer ein Risiko gibt &#8211; und Bin\u00e4re Optionen sind hier keine Ausnahme. Zun\u00e4chst einmal m\u00f6chten wir aber einmal erkl\u00e4ren was in der Finanzwelt als Risiko definiert wird: Die Schwankung um den Erwartungswert. Angenommen Sie investieren in eine Aktie, die normalerweise 10% Rendite pro Jahr abwirft. W\u00fcrde sie in einem Jahr nur 9%, im anderen daf\u00fcr 11% erwirtschaften ist das Risiko sehr \u00fcberschaubar. Aber ...","og_url":"https:\/\/www.mcbinary.com\/de\/strategie-uebersicht\/","og_site_name":"Mc Binary","article_modified_time":"2014-06-17T10:54:41+00:00","schema":{"@context":"https:\/\/schema.org","@graph":[{"@type":"WebSite","@id":"https:\/\/www.mcbinary.com\/de\/#website","url":"https:\/\/www.mcbinary.com\/de\/","name":"Mc Binary","description":"Alles zum Thema Bin\u00e4re Optionen","potentialAction":[{"@type":"SearchAction","target":{"@type":"EntryPoint","urlTemplate":"https:\/\/www.mcbinary.com\/de\/?s={search_term_string}"},"query-input":"required name=search_term_string"}],"inLanguage":"en-US"},{"@type":"WebPage","@id":"https:\/\/www.mcbinary.com\/de\/strategie-uebersicht\/#webpage","url":"https:\/\/www.mcbinary.com\/de\/strategie-uebersicht\/","name":"Strategie \u00dcbersicht -","isPartOf":{"@id":"https:\/\/www.mcbinary.com\/de\/#website"},"datePublished":"2012-06-27T07:47:38+00:00","dateModified":"2014-06-17T10:54:41+00:00","breadcrumb":{"@id":"https:\/\/www.mcbinary.com\/de\/strategie-uebersicht\/#breadcrumb"},"inLanguage":"en-US","potentialAction":[{"@type":"ReadAction","target":["https:\/\/www.mcbinary.com\/de\/strategie-uebersicht\/"]}]},{"@type":"BreadcrumbList","@id":"https:\/\/www.mcbinary.com\/de\/strategie-uebersicht\/#breadcrumb","itemListElement":[{"@type":"ListItem","position":1,"name":"Home","item":"https:\/\/www.mcbinary.com\/de\/"},{"@type":"ListItem","position":2,"name":"Strategie \u00dcbersicht"}]}]}},"_links":{"self":[{"href":"https:\/\/www.mcbinary.com\/de\/wp-json\/wp\/v2\/pages\/33"}],"collection":[{"href":"https:\/\/www.mcbinary.com\/de\/wp-json\/wp\/v2\/pages"}],"about":[{"href":"https:\/\/www.mcbinary.com\/de\/wp-json\/wp\/v2\/types\/page"}],"author":[{"embeddable":true,"href":"https:\/\/www.mcbinary.com\/de\/wp-json\/wp\/v2\/users\/1"}],"replies":[{"embeddable":true,"href":"https:\/\/www.mcbinary.com\/de\/wp-json\/wp\/v2\/comments?post=33"}],"version-history":[{"count":6,"href":"https:\/\/www.mcbinary.com\/de\/wp-json\/wp\/v2\/pages\/33\/revisions"}],"predecessor-version":[{"id":485,"href":"https:\/\/www.mcbinary.com\/de\/wp-json\/wp\/v2\/pages\/33\/revisions\/485"}],"wp:attachment":[{"href":"https:\/\/www.mcbinary.com\/de\/wp-json\/wp\/v2\/media?parent=33"}],"curies":[{"name":"wp","href":"https:\/\/api.w.org\/{rel}","templated":true}]}}