{"id":259,"date":"2015-11-24T14:34:26","date_gmt":"2015-11-24T13:34:26","guid":{"rendered":"http:\/\/www.mcbinary.com\/de\/?page_id=259"},"modified":"2016-12-30T10:57:24","modified_gmt":"2016-12-30T09:57:24","slug":"anyoption","status":"publish","type":"page","link":"https:\/\/www.mcbinary.com\/de\/optionen-broker\/anyoption\/","title":{"rendered":"Anyoption Erfahrungen und Testbericht"},"content":{"rendered":"<p>Anyoption geh\u00f6rt wirklich zu den alten Hasen sofern man das bei Brokern f\u00fcr Bin\u00e4re Optionen \u00fcberhaupt sagen kann. Denn obwohl Anyoption eine der \u00e4ltesten Broker ist, ist auch dieser erst seit 2008 online. In den letzten Jahren hat es dieser Broker geschafft sich als einer der gr\u00f6\u00dften Broker auf diesem noch jungen Markt zu etablieren. Mit einer eigenen Plattform und einem ausgezeichneten Kundenservice hebt sich Anyoption von der breiten Masse ab und bietet Bin\u00e4roptionshandel auf h\u00f6chstem Niveau.<\/p>\n<p style=\"text-align: center\"><a class=\"gocta\" href=\"https:\/\/www.mcbinary.com\/de\/link\/anyoption\" rel=\"nofollow\">Besuchen Sie jetzt die Webseite von Anyoption &gt;&gt;<\/a><\/p>\n<h2>Handelsplattform &#8211; Infos zum Trading<\/h2>\n<p>Die Anyoption Plattform wurde selbst entwickelt und greift nicht auf eine White Label L\u00f6sung wie SpotOption oder Tradologic zur\u00fcck. Damit kann sich Anyoption von vielen anderen Brokern abheben und auch die Plattform so zur Verf\u00fcgung stellen wie das die Trader w\u00fcnschen. Und jeder, der sich schon einmal die Plattform n\u00e4her angesehen hat kann das auch nachvollziehen und merkt, dass Anyoption hier sehr gute Arbeit leistet und in dieser Hinsicht sehr viel besser ist als viele andere Broker.<\/p>\n<h3>Arten von Trades<\/h3>\n<p>Als Trader hat man bei Anyoption die Qual der Wahl und man merkt sehr schnell, dass dieser Broker h\u00f6chsten Wert auf Innovation legt. So war man als erstes mit der Option+ auf dem Markt. Diese gibt dem Trader die M\u00f6glichkeit seine Option zur\u00fcckzukaufen wenn sich diese im Geld befindet. Das ist ein ideales Werkzeug um sein Risiko besser zu steuern. Stellen Sie sich vor Sie kaufen eine Option, die sich zu Beginn pr\u00e4chtig entwickelt und im Geld ist. Sp\u00e4ter kommt eine Nachricht, die diesen Verlauf negativ beeintr\u00e4chtigen k\u00f6nnte. Dann k\u00f6nnen Sie dank Option+ die Option einfach schon vorzeitig aufl\u00f6sen und eine Rendite erzielen. Zwar liegt die Rendite nat\u00fcrlich nicht so hoch als wenn die Option am Verfallszeitpunkt im Geld ist, aber daf\u00fcr geht man auch kein Risiko mehr ein.<\/p>\n<p>Ansonsten k\u00f6nnen bei Anyoption noch die \u00fcblichen Bin\u00e4ren Optionen wie High\/Low oder One Touch gehandelt werden. Weiter gibt es dort neuerdings auch Option+, ein Handelsinstrument, mit der man eine Option mit einer bestimmten Ablaufzeit kaufen kann, und diese jederzeit zur\u00fcck an Anyoption verkaufen kann. Zudem gibt es das Produkt &#8220;Bubble Trading&#8221;, wo sich die m\u00f6glichen Gewinne sek\u00fcndlich \u00e4ndern und angeblich Gewinne von bis zu 1000% pro Trade m\u00f6glich sind. Bei so hohen Gewinnversprechen sollte aber Bedacht werden, dass das Ausfallrisiko ebenfalls sehr hoch ist und hier mehr gezockt denn mit Strategie getradet werden kann.<\/p>\n<h3>Dauer<\/h3>\n<p>Anyoption ist kein Broker, der auf besonders niedrige Verfallszeiten setzt. Genauer gesagt beginnen die Optionen bei 15 Minuten und k\u00f6nnen auch mehrere Stunden betragen. So k\u00f6nnen Sie am Anfang des Handelstages eine Option mit dem Verfallszeitpunkt zum Handelsende erwerben. Das ist Day Trading par excellence!<\/p>\n<h3>Mindesteinsatz pro Trade<\/h3>\n<p>Anyoption ist ein Broker, der besonders gut f\u00fcr Einsteiger geeignet ist und deswegen betr\u00e4gt die Mindesteinzahlung lediglich $250. Die minimale Optionsgr\u00f6\u00dfe liegt bei $25. Das ist zwar im Vergleich zu den meisten anderen Brokern niedrig, aber wenn man ehrlich ist m\u00fcsste sie noch niedriger sein wenn man wirklich die absoluten Einsteiger ansprechen m\u00f6chte. Denn die k\u00f6nnen zwar $250 einzahlen, aber damit nicht wirklich komfortabel handeln. Deswegen muss man in dieser Hinsicht einen kleinen Minuspunkt geben. F\u00fcr Trader, die deutlich mehr einzahlen m\u00f6chten, ist eine solche Optionsgr\u00f6\u00dfe nat\u00fcrlich kein Problem und Anyoption eignet sich daf\u00fcr sehr gut.<\/p>\n<h2>Screenshots von Anyoption<\/h2>\n<p><img loading=\"lazy\" class=\"aligncenter size-full wp-image-260\" title=\"Anyoption Homepage\" src=\"https:\/\/www.mcbinary.com\/de\/wp-content\/uploads\/2012\/11\/Anyoption-Homepage-e1351938803955.png\" alt=\"\" width=\"601\" height=\"250\" \/><\/p>\n<h2>Handelbare Werte<\/h2>\n<p>Anyoption steht anderen Brokern f\u00fcr Bin\u00e4re Optionen in nichts nach und bietet den Handel mit 96 verschiedenen Basiswerten. Es ist davon auszugehen, dass sich diese Zahl in Zukunft noch erh\u00f6hen wird. Handelbar sind Devisen, Aktien und Indizes und Rohstoffe.<\/p>\n<h2>Auszahlungen in Prozent (im Geld \/ OTM)<\/h2>\n<p>Was die Auszahlungen betrifft ist Anyoption nicht unbedingt der g\u00fcnstigste Broker, daf\u00fcr bietet er aber auch viele Vorteile wie die eigene Plattform und einen ausgezeichneten Kundenservice. Und selbstverst\u00e4ndlich die R\u00fcckerstattung bei Optionen aus dem Geld. Das hei\u00dft, dass Sie bis zu 15% Ihres Einsatzes zur\u00fcck bekommen wenn die Option nicht im Geld landen sollte. Bei Optionen im Geld gibt es bis zu 71% Rendite. Es liegt letztlich bei Ihnen und Sie m\u00fcssen abw\u00e4gen ob Ihnen die 15% Verlustkompensation wichtiger ist oder eine hohe Rendite bei Optionen im Geld.<\/p>\n<h2>Mindesteinzahlung und Ein-\/Auszahlungsm\u00f6glichkeiten<\/h2>\n<p>Die Mindesteinzahlung bei Anyoption betr\u00e4gt lediglich $100 und damit geh\u00f6rt dieser Broker zu den g\u00fcnstigsten \u00fcberhaupt. F\u00fcr Einsteiger ist die niedrige Mindesteinzahlung nat\u00fcrlich ein Segen.<\/p>\n<p>Was die Zahlungsm\u00f6glichkeiten angeht so stellt einem Anyoption sicherlich keine Steine in den Weg und bietet eine gro\u00dfe Vielfalt an. Dazu geh\u00f6ren nat\u00fcrlich Bank\u00fcberweisung und Kreditkarten (Mastercard und Visa) sowie Skrill, Giropay und Ukash. Letzteres ist auf jeden Fall nur bei sehr wenigen Brokern zu finden und ist eine ideale Zahlungsmethode f\u00fcr Trader, die mit einer Prepaid Karte einzahlen m\u00f6chten.<\/p>\n<h2>Kundendienst<\/h2>\n<p>Wie bereits mehrfach angesprochen ist der Kundendienst bei Anyoption sicherlich einer der besten \u00fcberhaupt. Sie k\u00f6nnen nicht nur den Livechat nutzen oder den Support per Email kontaktieren, sondern auch einen R\u00fcckruf anfordern, bei dem Sie zu einer Ihnen gew\u00fcnschten Zeit von einem Mitarbeiter kontaktiert werden.<\/p>\n<h2>Fazit<\/h2>\n<p>Das Fazit ist eindeutig: Anyoption ist nicht umsonst einer der Marktf\u00fchrer und hat dies durch st\u00e4ndige Innovation und eine Ausrichtung an den Trader erreicht. Die geringe Mindesteinzahlung und die vielen Zahlungsmethoden machen es f\u00fcr Einsteiger m\u00f6glich sehr schnell und ohne Probleme mit dem Bin\u00e4roptionshandel zu starten. Des weiteren bietet Anyoption Apps f\u00fcr iPhone und Android an mit der man mobil handeln kann. Die Auzsahlung betr\u00e4gt bis zu 94%, wobei im Gegensatz zu fr\u00fcher keine Verlustabsicherung mehr gew\u00e4hrt wird.<br \/>\nIn der Summe ist dieser Broker einer der besten und sollte immer in die engere Auswahl kommen wenn man nach einem neuen Broker f\u00fcr Bin\u00e4re Optionen sucht.<\/p>\n<p style=\"text-align: center\"><a class=\"gocta\" href=\"https:\/\/www.mcbinary.com\/de\/link\/anyoption\" rel=\"nofollow\">Jetzt bei Anyoption anmelden &gt;&gt;<\/a><\/p>\n<p>&nbsp;<\/p>\n<div class=\"message_karma_silver colored_box\" style=\"font-size:16px;\"><div><strong>Gesamtbewertung<\/strong><\/div>\n<div itemscope itemtype=\"http:\/\/schema.org\/Review\">\n<div itemprop=\"author\" itemscope itemtype=\"http:\/\/schema.org\/Person\">\nBewertet durch: <span itemprop=\"name\">McBinary.com<\/span><\/div>\n<div itemprop=\"itemReviewed\" itemscope itemtype=\"http:\/\/schema.org\/Thing\">\n<span itemprop=\"name\">Anyoption<\/span><\/div>\n<div itemprop=\"reviewRating\" itemscope itemtype=\"http:\/\/schema.org\/Rating\"><span style=\"color: #ffff00;\">&#9733;&#9733;&#9733;&#9733;&#9733;<\/span>&nbsp; (<meta itemprop=\"worstRating\" content=\"0\"><span itemprop=\"ratingValue\">5<\/span> \/ <span itemprop=\"bestRating\">5<\/span>)<\/div>\n<\/div>\n<\/div><br class=\"clear\" \/><p>&nbsp;<\/p>\n","protected":false},"excerpt":{"rendered":"<p>Anyoption geh\u00f6rt wirklich zu den alten Hasen sofern man das bei Brokern f\u00fcr Bin\u00e4re Optionen \u00fcberhaupt sagen kann. Denn obwohl Anyoption eine der \u00e4ltesten Broker ist, ist auch dieser erst seit 2008 online. In den letzten Jahren hat es dieser Broker geschafft sich als einer der gr\u00f6\u00dften Broker auf diesem noch jungen Markt zu etablieren. Mit einer eigenen Plattform und einem ausgezeichneten Kundenservice hebt sich Anyoption von der breiten Masse ab und bietet Bin\u00e4roptionshandel auf h\u00f6chstem Niveau.<br \/>\nBesuchen Sie jetzt &#8230;<\/p>\n","protected":false},"author":2,"featured_media":0,"parent":9,"menu_order":0,"comment_status":"open","ping_status":"open","template":"","meta":[],"yoast_head":"<!-- This site is optimized with the Yoast SEO plugin v19.0 - https:\/\/yoast.com\/wordpress\/plugins\/seo\/ -->\n<title>Anyoption Erfahrungen und Testbericht -<\/title>\n<meta name=\"robots\" content=\"index, follow, max-snippet:-1, max-image-preview:large, max-video-preview:-1\" \/>\n<link rel=\"canonical\" href=\"https:\/\/www.mcbinary.com\/de\/optionen-broker\/anyoption\/\" \/>\n<meta property=\"og:locale\" content=\"en_US\" \/>\n<meta property=\"og:type\" content=\"article\" \/>\n<meta property=\"og:title\" content=\"Anyoption Erfahrungen und Testbericht -\" \/>\n<meta property=\"og:description\" content=\"Anyoption geh\u00f6rt wirklich zu den alten Hasen sofern man das bei Brokern f\u00fcr Bin\u00e4re Optionen \u00fcberhaupt sagen kann. Denn obwohl Anyoption eine der \u00e4ltesten Broker ist, ist auch dieser erst seit 2008 online. In den letzten Jahren hat es dieser Broker geschafft sich als einer der gr\u00f6\u00dften Broker auf diesem noch jungen Markt zu etablieren. Mit einer eigenen Plattform und einem ausgezeichneten Kundenservice hebt sich Anyoption von der breiten Masse ab und bietet Bin\u00e4roptionshandel auf h\u00f6chstem Niveau. Besuchen Sie jetzt ...\" \/>\n<meta property=\"og:url\" content=\"https:\/\/www.mcbinary.com\/de\/optionen-broker\/anyoption\/\" \/>\n<meta property=\"og:site_name\" content=\"Mc Binary\" \/>\n<meta property=\"article:modified_time\" content=\"2016-12-30T09:57:24+00:00\" \/>\n<meta property=\"og:image\" content=\"https:\/\/www.mcbinary.com\/de\/wp-content\/uploads\/2012\/11\/Anyoption-Homepage-e1351938803955.png\" \/>\n<meta name=\"twitter:label1\" content=\"Est. reading time\" \/>\n\t<meta name=\"twitter:data1\" content=\"5 minutes\" \/>\n<script type=\"application\/ld+json\" class=\"yoast-schema-graph\">{\"@context\":\"https:\/\/schema.org\",\"@graph\":[{\"@type\":\"WebSite\",\"@id\":\"https:\/\/www.mcbinary.com\/de\/#website\",\"url\":\"https:\/\/www.mcbinary.com\/de\/\",\"name\":\"Mc Binary\",\"description\":\"Alles zum Thema Bin\u00e4re Optionen\",\"potentialAction\":[{\"@type\":\"SearchAction\",\"target\":{\"@type\":\"EntryPoint\",\"urlTemplate\":\"https:\/\/www.mcbinary.com\/de\/?s={search_term_string}\"},\"query-input\":\"required name=search_term_string\"}],\"inLanguage\":\"en-US\"},{\"@type\":\"ImageObject\",\"inLanguage\":\"en-US\",\"@id\":\"https:\/\/www.mcbinary.com\/de\/optionen-broker\/anyoption\/#primaryimage\",\"url\":\"https:\/\/www.mcbinary.com\/de\/wp-content\/uploads\/2012\/11\/Anyoption-Homepage-e1351938803955.png\",\"contentUrl\":\"https:\/\/www.mcbinary.com\/de\/wp-content\/uploads\/2012\/11\/Anyoption-Homepage-e1351938803955.png\",\"width\":\"601\",\"height\":\"250\"},{\"@type\":\"WebPage\",\"@id\":\"https:\/\/www.mcbinary.com\/de\/optionen-broker\/anyoption\/#webpage\",\"url\":\"https:\/\/www.mcbinary.com\/de\/optionen-broker\/anyoption\/\",\"name\":\"Anyoption Erfahrungen und Testbericht -\",\"isPartOf\":{\"@id\":\"https:\/\/www.mcbinary.com\/de\/#website\"},\"primaryImageOfPage\":{\"@id\":\"https:\/\/www.mcbinary.com\/de\/optionen-broker\/anyoption\/#primaryimage\"},\"datePublished\":\"2015-11-24T13:34:26+00:00\",\"dateModified\":\"2016-12-30T09:57:24+00:00\",\"breadcrumb\":{\"@id\":\"https:\/\/www.mcbinary.com\/de\/optionen-broker\/anyoption\/#breadcrumb\"},\"inLanguage\":\"en-US\",\"potentialAction\":[{\"@type\":\"ReadAction\",\"target\":[\"https:\/\/www.mcbinary.com\/de\/optionen-broker\/anyoption\/\"]}]},{\"@type\":\"BreadcrumbList\",\"@id\":\"https:\/\/www.mcbinary.com\/de\/optionen-broker\/anyoption\/#breadcrumb\",\"itemListElement\":[{\"@type\":\"ListItem\",\"position\":1,\"name\":\"Home\",\"item\":\"https:\/\/www.mcbinary.com\/de\/\"},{\"@type\":\"ListItem\",\"position\":2,\"name\":\"Bin\u00e4re Optionen Broker: Test \u00dcbersicht\",\"item\":\"https:\/\/www.mcbinary.com\/de\/optionen-broker\/\"},{\"@type\":\"ListItem\",\"position\":3,\"name\":\"Anyoption Erfahrungen und Testbericht\"}]}]}<\/script>\n<!-- \/ Yoast SEO plugin. -->","yoast_head_json":{"title":"Anyoption Erfahrungen und Testbericht -","robots":{"index":"index","follow":"follow","max-snippet":"max-snippet:-1","max-image-preview":"max-image-preview:large","max-video-preview":"max-video-preview:-1"},"canonical":"https:\/\/www.mcbinary.com\/de\/optionen-broker\/anyoption\/","og_locale":"en_US","og_type":"article","og_title":"Anyoption Erfahrungen und Testbericht -","og_description":"Anyoption geh\u00f6rt wirklich zu den alten Hasen sofern man das bei Brokern f\u00fcr Bin\u00e4re Optionen \u00fcberhaupt sagen kann. Denn obwohl Anyoption eine der \u00e4ltesten Broker ist, ist auch dieser erst seit 2008 online. In den letzten Jahren hat es dieser Broker geschafft sich als einer der gr\u00f6\u00dften Broker auf diesem noch jungen Markt zu etablieren. Mit einer eigenen Plattform und einem ausgezeichneten Kundenservice hebt sich Anyoption von der breiten Masse ab und bietet Bin\u00e4roptionshandel auf h\u00f6chstem Niveau. Besuchen Sie jetzt ...","og_url":"https:\/\/www.mcbinary.com\/de\/optionen-broker\/anyoption\/","og_site_name":"Mc Binary","article_modified_time":"2016-12-30T09:57:24+00:00","og_image":[{"url":"https:\/\/www.mcbinary.com\/de\/wp-content\/uploads\/2012\/11\/Anyoption-Homepage-e1351938803955.png"}],"twitter_misc":{"Est. reading time":"5 minutes"},"schema":{"@context":"https:\/\/schema.org","@graph":[{"@type":"WebSite","@id":"https:\/\/www.mcbinary.com\/de\/#website","url":"https:\/\/www.mcbinary.com\/de\/","name":"Mc Binary","description":"Alles zum Thema Bin\u00e4re Optionen","potentialAction":[{"@type":"SearchAction","target":{"@type":"EntryPoint","urlTemplate":"https:\/\/www.mcbinary.com\/de\/?s={search_term_string}"},"query-input":"required name=search_term_string"}],"inLanguage":"en-US"},{"@type":"ImageObject","inLanguage":"en-US","@id":"https:\/\/www.mcbinary.com\/de\/optionen-broker\/anyoption\/#primaryimage","url":"https:\/\/www.mcbinary.com\/de\/wp-content\/uploads\/2012\/11\/Anyoption-Homepage-e1351938803955.png","contentUrl":"https:\/\/www.mcbinary.com\/de\/wp-content\/uploads\/2012\/11\/Anyoption-Homepage-e1351938803955.png","width":"601","height":"250"},{"@type":"WebPage","@id":"https:\/\/www.mcbinary.com\/de\/optionen-broker\/anyoption\/#webpage","url":"https:\/\/www.mcbinary.com\/de\/optionen-broker\/anyoption\/","name":"Anyoption Erfahrungen und Testbericht -","isPartOf":{"@id":"https:\/\/www.mcbinary.com\/de\/#website"},"primaryImageOfPage":{"@id":"https:\/\/www.mcbinary.com\/de\/optionen-broker\/anyoption\/#primaryimage"},"datePublished":"2015-11-24T13:34:26+00:00","dateModified":"2016-12-30T09:57:24+00:00","breadcrumb":{"@id":"https:\/\/www.mcbinary.com\/de\/optionen-broker\/anyoption\/#breadcrumb"},"inLanguage":"en-US","potentialAction":[{"@type":"ReadAction","target":["https:\/\/www.mcbinary.com\/de\/optionen-broker\/anyoption\/"]}]},{"@type":"BreadcrumbList","@id":"https:\/\/www.mcbinary.com\/de\/optionen-broker\/anyoption\/#breadcrumb","itemListElement":[{"@type":"ListItem","position":1,"name":"Home","item":"https:\/\/www.mcbinary.com\/de\/"},{"@type":"ListItem","position":2,"name":"Bin\u00e4re Optionen Broker: Test \u00dcbersicht","item":"https:\/\/www.mcbinary.com\/de\/optionen-broker\/"},{"@type":"ListItem","position":3,"name":"Anyoption Erfahrungen und Testbericht"}]}]}},"_links":{"self":[{"href":"https:\/\/www.mcbinary.com\/de\/wp-json\/wp\/v2\/pages\/259"}],"collection":[{"href":"https:\/\/www.mcbinary.com\/de\/wp-json\/wp\/v2\/pages"}],"about":[{"href":"https:\/\/www.mcbinary.com\/de\/wp-json\/wp\/v2\/types\/page"}],"author":[{"embeddable":true,"href":"https:\/\/www.mcbinary.com\/de\/wp-json\/wp\/v2\/users\/2"}],"replies":[{"embeddable":true,"href":"https:\/\/www.mcbinary.com\/de\/wp-json\/wp\/v2\/comments?post=259"}],"version-history":[{"count":10,"href":"https:\/\/www.mcbinary.com\/de\/wp-json\/wp\/v2\/pages\/259\/revisions"}],"predecessor-version":[{"id":571,"href":"https:\/\/www.mcbinary.com\/de\/wp-json\/wp\/v2\/pages\/259\/revisions\/571"}],"up":[{"embeddable":true,"href":"https:\/\/www.mcbinary.com\/de\/wp-json\/wp\/v2\/pages\/9"}],"wp:attachment":[{"href":"https:\/\/www.mcbinary.com\/de\/wp-json\/wp\/v2\/media?parent=259"}],"curies":[{"name":"wp","href":"https:\/\/api.w.org\/{rel}","templated":true}]}}