{"id":232,"date":"2012-10-16T15:14:25","date_gmt":"2012-10-16T13:14:25","guid":{"rendered":"http:\/\/www.mcbinary.com\/de\/?page_id=232"},"modified":"2014-06-17T12:54:52","modified_gmt":"2014-06-17T10:54:52","slug":"glossar","status":"publish","type":"page","link":"https:\/\/www.mcbinary.com\/de\/glossar\/","title":{"rendered":"Glossar &#8211; W\u00f6rterbuch f\u00fcr Bin\u00e4re Optionen"},"content":{"rendered":"<p><strong>Aktueller Preis<\/strong>: Der zuletzt erzielte Preis eines Assets.<\/p>\n<p><strong>Asset<\/strong>: Verm\u00f6genswerte wie W\u00e4hrungspaare, Aktien, Indizes oder Rohstoffe<\/p>\n<p><strong>At-the-money<\/strong>: Wenn der Kaufpreis einer Option gleich dem Aus\u00fcbungspreis ist. In diesem Fall erh\u00e4lt der Trader in der Regel seine urspr\u00fcngliche Investition vollst\u00e4ndig zur\u00fcckerstattet.<\/p>\n<p><strong>Call (\u00fcber \/ Kauf) Option<\/strong>: Eine Option, die dem Trader einen festgelegten Gewinn bietet, wenn der Wert des Assets am Ende der Laufzeit h\u00f6her ist als zum Zeitpunkt des Kaufs.<\/p>\n<p><strong>Digitale Optionen<\/strong>: Dies ist eine andere Bezeichnung f\u00fcr Bin\u00e4re Optionen. Digitale Optionen beziehen sich auf bin\u00e4re Optionen, die feste Quoten haben.<\/p>\n<p><strong>Expiry Time (Ablaufzeit)<\/strong>: Zeit und Datum, bei dem eine Option ausl\u00e4uft und der Trade in-the-money (Gewinnzone) oder out-of-the-money (Verlustzone) ist.<\/p>\n<p><strong>Forex (Devisenhandel)<\/strong>: Der gleichzeitige Kauf einer W\u00e4hrung und Verkauf einer anderen W\u00e4hrung.<\/p>\n<p><strong>Fundamentale Analyse<\/strong>: Analyse von fundamentalen Daten (wie z.B. wirtschaftliche Entwicklung, Inflation, Zinsniveau u.a.), um daraus R\u00fcckschl\u00fcsse auf die Kursentwicklung von Aktien, Devisen oder Rohstoffen zu machen.<\/p>\n<p><strong>Hoch\/Tief Option<\/strong>: Eine der drei verbreiteten Bin\u00e4ren Optionen. Hier geht es darum, vorherzusagen, ob der Kurs bei Verfall \u00fcber oder unter dem aktuellen Marktpreis geschlossen wird.<\/p>\n<p><strong>In-the-money<\/strong>: Bedeutet, dass der Trader im Geld ist und Gewinn macht. Bei Call-Optionen ist dieser der Fall, wenn der Wert \u00fcber dem Kaufpreis ist; bei Put-Optionen ist dies der Fall, wenn der Wert unter dem Einkaufspreis liegt.<\/p>\n<p><strong>Margin<\/strong>: Die Sicherheitsleistung (Eigenkapital), welche beim Handel auf Kredit ben\u00f6tigt wird. Bin\u00e4re Optionen k\u00f6nnen in der Regel nur bei entsprechendem Guthaben gekauft werden.<\/p>\n<p><strong>Out-of-the-money<\/strong>: Wenn eine Option nicht im Geld ist, verliert der Trader seine anf\u00e4ngliche Investition. Einige Broker f\u00fcr Bin\u00e4re Optionen bieten eine geringe R\u00fcckerstattung (z.B. 10% der Anfangsinvestition) an.<\/p>\n<p><strong>Put (unter \/ Verkauf) Option<\/strong>: Eine Option, die dem Trader einen festgelegten Gewinn bietet, wenn der Wert des Assets am Ende der Laufzeit niedriger ist als zum Zeitpunkt des Kaufs.<\/p>\n<p><strong>Range Option<\/strong>: Eine der drei drei verbreiteten Arten von Bin\u00e4ren Optionen. Bei der Range Optionen muss der Trader prognostizieren, ob ein Asset am Ende der Laufzeit innerhalb oder au\u00dferhalb eines vorgegebenen Bereichs liegen wird. Sie wird auch Boundary oder Grenze Option genannt.<\/p>\n<p><strong>Strike Price<\/strong>: Der Aus\u00fcbungspreis. Das ist der Wert, den ein Asset \u00fcberschreiten muss um in-the-money oder out-of-the-money zu sein.<\/p>\n<p><strong>Technische Analyse<\/strong>: Bei der technischen Analyse werden im Unterschied zur fundamentalen Analyse lediglich Charts, also grafische Darstellungen von Statistiken, ausgewertet. Auch hier ist das Ziel, anhand von Trends die zuk\u00fcnftige Entwicklung vorherzusagen.<\/p>\n<p><strong>Touch Option<\/strong>: Eine der drei verbreiteten Bin\u00e4re Optionen. Hier muss der Trader bestimmen, ob ein Asset einen bestimmten Wert noch vor dem Ende der Laufzeit ber\u00fchrt.<\/p>\n<p>&nbsp;<\/p>\n","protected":false},"excerpt":{"rendered":"<p>Aktueller Preis: Der zuletzt erzielte Preis eines Assets.<br \/>\nAsset: Verm\u00f6genswerte wie W\u00e4hrungspaare, Aktien, Indizes oder Rohstoffe<br \/>\nAt-the-money: Wenn der Kaufpreis einer Option gleich dem Aus\u00fcbungspreis ist. In diesem Fall erh\u00e4lt der Trader in der Regel seine urspr\u00fcngliche Investition vollst\u00e4ndig zur\u00fcckerstattet.<br \/>\nCall (\u00fcber \/ Kauf) Option: Eine Option, die dem Trader einen festgelegten Gewinn bietet, wenn der Wert des Assets am Ende der Laufzeit h\u00f6her ist als zum Zeitpunkt des Kaufs.<br \/>\nDigitale Optionen: Dies ist eine andere Bezeichnung f\u00fcr Bin\u00e4re Optionen. &#8230;<\/p>\n","protected":false},"author":1,"featured_media":0,"parent":0,"menu_order":0,"comment_status":"open","ping_status":"open","template":"template_rightsidebar_horizontalnav.php","meta":[],"yoast_head":"<!-- This site is optimized with the Yoast SEO plugin v19.0 - https:\/\/yoast.com\/wordpress\/plugins\/seo\/ -->\n<title>Glossar - W\u00f6rterbuch f\u00fcr Bin\u00e4re Optionen -<\/title>\n<meta name=\"robots\" content=\"index, follow, max-snippet:-1, max-image-preview:large, max-video-preview:-1\" \/>\n<link rel=\"canonical\" href=\"https:\/\/www.mcbinary.com\/de\/glossar\/\" \/>\n<meta property=\"og:locale\" content=\"en_US\" \/>\n<meta property=\"og:type\" content=\"article\" \/>\n<meta property=\"og:title\" content=\"Glossar - W\u00f6rterbuch f\u00fcr Bin\u00e4re Optionen -\" \/>\n<meta property=\"og:description\" content=\"Aktueller Preis: Der zuletzt erzielte Preis eines Assets. Asset: Verm\u00f6genswerte wie W\u00e4hrungspaare, Aktien, Indizes oder Rohstoffe At-the-money: Wenn der Kaufpreis einer Option gleich dem Aus\u00fcbungspreis ist. In diesem Fall erh\u00e4lt der Trader in der Regel seine urspr\u00fcngliche Investition vollst\u00e4ndig zur\u00fcckerstattet. Call (\u00fcber \/ Kauf) Option: Eine Option, die dem Trader einen festgelegten Gewinn bietet, wenn der Wert des Assets am Ende der Laufzeit h\u00f6her ist als zum Zeitpunkt des Kaufs. Digitale Optionen: Dies ist eine andere Bezeichnung f\u00fcr Bin\u00e4re Optionen. ...\" \/>\n<meta property=\"og:url\" content=\"https:\/\/www.mcbinary.com\/de\/glossar\/\" \/>\n<meta property=\"og:site_name\" content=\"Mc Binary\" \/>\n<meta property=\"article:modified_time\" content=\"2014-06-17T10:54:52+00:00\" \/>\n<meta name=\"twitter:label1\" content=\"Est. reading time\" \/>\n\t<meta name=\"twitter:data1\" content=\"2 minutes\" \/>\n<script type=\"application\/ld+json\" class=\"yoast-schema-graph\">{\"@context\":\"https:\/\/schema.org\",\"@graph\":[{\"@type\":\"WebSite\",\"@id\":\"https:\/\/www.mcbinary.com\/de\/#website\",\"url\":\"https:\/\/www.mcbinary.com\/de\/\",\"name\":\"Mc Binary\",\"description\":\"Alles zum Thema Bin\u00e4re Optionen\",\"potentialAction\":[{\"@type\":\"SearchAction\",\"target\":{\"@type\":\"EntryPoint\",\"urlTemplate\":\"https:\/\/www.mcbinary.com\/de\/?s={search_term_string}\"},\"query-input\":\"required name=search_term_string\"}],\"inLanguage\":\"en-US\"},{\"@type\":\"WebPage\",\"@id\":\"https:\/\/www.mcbinary.com\/de\/glossar\/#webpage\",\"url\":\"https:\/\/www.mcbinary.com\/de\/glossar\/\",\"name\":\"Glossar - W\u00f6rterbuch f\u00fcr Bin\u00e4re Optionen -\",\"isPartOf\":{\"@id\":\"https:\/\/www.mcbinary.com\/de\/#website\"},\"datePublished\":\"2012-10-16T13:14:25+00:00\",\"dateModified\":\"2014-06-17T10:54:52+00:00\",\"breadcrumb\":{\"@id\":\"https:\/\/www.mcbinary.com\/de\/glossar\/#breadcrumb\"},\"inLanguage\":\"en-US\",\"potentialAction\":[{\"@type\":\"ReadAction\",\"target\":[\"https:\/\/www.mcbinary.com\/de\/glossar\/\"]}]},{\"@type\":\"BreadcrumbList\",\"@id\":\"https:\/\/www.mcbinary.com\/de\/glossar\/#breadcrumb\",\"itemListElement\":[{\"@type\":\"ListItem\",\"position\":1,\"name\":\"Home\",\"item\":\"https:\/\/www.mcbinary.com\/de\/\"},{\"@type\":\"ListItem\",\"position\":2,\"name\":\"Glossar &#8211; W\u00f6rterbuch f\u00fcr Bin\u00e4re Optionen\"}]}]}<\/script>\n<!-- \/ Yoast SEO plugin. -->","yoast_head_json":{"title":"Glossar - W\u00f6rterbuch f\u00fcr Bin\u00e4re Optionen -","robots":{"index":"index","follow":"follow","max-snippet":"max-snippet:-1","max-image-preview":"max-image-preview:large","max-video-preview":"max-video-preview:-1"},"canonical":"https:\/\/www.mcbinary.com\/de\/glossar\/","og_locale":"en_US","og_type":"article","og_title":"Glossar - W\u00f6rterbuch f\u00fcr Bin\u00e4re Optionen -","og_description":"Aktueller Preis: Der zuletzt erzielte Preis eines Assets. Asset: Verm\u00f6genswerte wie W\u00e4hrungspaare, Aktien, Indizes oder Rohstoffe At-the-money: Wenn der Kaufpreis einer Option gleich dem Aus\u00fcbungspreis ist. In diesem Fall erh\u00e4lt der Trader in der Regel seine urspr\u00fcngliche Investition vollst\u00e4ndig zur\u00fcckerstattet. Call (\u00fcber \/ Kauf) Option: Eine Option, die dem Trader einen festgelegten Gewinn bietet, wenn der Wert des Assets am Ende der Laufzeit h\u00f6her ist als zum Zeitpunkt des Kaufs. Digitale Optionen: Dies ist eine andere Bezeichnung f\u00fcr Bin\u00e4re Optionen. ...","og_url":"https:\/\/www.mcbinary.com\/de\/glossar\/","og_site_name":"Mc Binary","article_modified_time":"2014-06-17T10:54:52+00:00","twitter_misc":{"Est. reading time":"2 minutes"},"schema":{"@context":"https:\/\/schema.org","@graph":[{"@type":"WebSite","@id":"https:\/\/www.mcbinary.com\/de\/#website","url":"https:\/\/www.mcbinary.com\/de\/","name":"Mc Binary","description":"Alles zum Thema Bin\u00e4re Optionen","potentialAction":[{"@type":"SearchAction","target":{"@type":"EntryPoint","urlTemplate":"https:\/\/www.mcbinary.com\/de\/?s={search_term_string}"},"query-input":"required name=search_term_string"}],"inLanguage":"en-US"},{"@type":"WebPage","@id":"https:\/\/www.mcbinary.com\/de\/glossar\/#webpage","url":"https:\/\/www.mcbinary.com\/de\/glossar\/","name":"Glossar - W\u00f6rterbuch f\u00fcr Bin\u00e4re Optionen -","isPartOf":{"@id":"https:\/\/www.mcbinary.com\/de\/#website"},"datePublished":"2012-10-16T13:14:25+00:00","dateModified":"2014-06-17T10:54:52+00:00","breadcrumb":{"@id":"https:\/\/www.mcbinary.com\/de\/glossar\/#breadcrumb"},"inLanguage":"en-US","potentialAction":[{"@type":"ReadAction","target":["https:\/\/www.mcbinary.com\/de\/glossar\/"]}]},{"@type":"BreadcrumbList","@id":"https:\/\/www.mcbinary.com\/de\/glossar\/#breadcrumb","itemListElement":[{"@type":"ListItem","position":1,"name":"Home","item":"https:\/\/www.mcbinary.com\/de\/"},{"@type":"ListItem","position":2,"name":"Glossar &#8211; W\u00f6rterbuch f\u00fcr Bin\u00e4re Optionen"}]}]}},"_links":{"self":[{"href":"https:\/\/www.mcbinary.com\/de\/wp-json\/wp\/v2\/pages\/232"}],"collection":[{"href":"https:\/\/www.mcbinary.com\/de\/wp-json\/wp\/v2\/pages"}],"about":[{"href":"https:\/\/www.mcbinary.com\/de\/wp-json\/wp\/v2\/types\/page"}],"author":[{"embeddable":true,"href":"https:\/\/www.mcbinary.com\/de\/wp-json\/wp\/v2\/users\/1"}],"replies":[{"embeddable":true,"href":"https:\/\/www.mcbinary.com\/de\/wp-json\/wp\/v2\/comments?post=232"}],"version-history":[{"count":5,"href":"https:\/\/www.mcbinary.com\/de\/wp-json\/wp\/v2\/pages\/232\/revisions"}],"predecessor-version":[{"id":237,"href":"https:\/\/www.mcbinary.com\/de\/wp-json\/wp\/v2\/pages\/232\/revisions\/237"}],"wp:attachment":[{"href":"https:\/\/www.mcbinary.com\/de\/wp-json\/wp\/v2\/media?parent=232"}],"curies":[{"name":"wp","href":"https:\/\/api.w.org\/{rel}","templated":true}]}}