{"id":210,"date":"2015-11-24T13:25:55","date_gmt":"2015-11-24T12:25:55","guid":{"rendered":"http:\/\/www.mcbinary.com\/de\/?page_id=210"},"modified":"2015-11-24T16:08:33","modified_gmt":"2015-11-24T15:08:33","slug":"24option","status":"publish","type":"page","link":"https:\/\/www.mcbinary.com\/de\/optionen-broker\/24option\/","title":{"rendered":"Bin\u00e4rer Optionen Broker im Test: 24option"},"content":{"rendered":"<p>Ein weiterer der ganz grossen Anbieter f\u00fcr Bin\u00e4re Optionen ist 24option, den wir hier auf <a href=\"https:\/\/www.mcbinary.com\/de\">McBinary<\/a> im Test vorstellen. Wie viele andere (auch Forex-) Broker ist dieser Anbieter in Zypern beheimatet. 24option ist innerhalb der EU (von der CySEC) reguliert und betreibt Gesch\u00e4ftsstellen auf der ganzen Welt- Die Mulitnationalit\u00e4t von 24option bemerkt man bereits an der Webseite, wo man aus 15 Sprachen ausw\u00e4hlen kann (u.a. auch chinesisch und indonesisch). Dennoch sollte die Seite insbesondere in Deutschland bekannt gemacht werden &#8211; nicht umsonst haben die Marketingverantwortlichen den ehemaligen Tennis-Profi Boris Becker an Bord geholt und lassen ihn prominent im TV und online f\u00fcr den Bin\u00e4roptionenhandel bei 24 werben.<\/p>\n<p style=\"text-align: center\"><a class=\"gocta\" href=\"https:\/\/www.mcbinary.com\/de\/link\/24option\" rel=\"nofollow\">Besuchen Sie jetzt die Webseite www.24option.com\/de &gt;&gt;<\/a><\/p>\n<h2>Handelsplattform &#8211; Infos zum Trading<\/h2>\n<p>\u00dcber die Handelssoftware kann man die bekannten Trades High\/Low, One Touch und Boundary durchf\u00fchren. Wobei Handelssoftware hier der falsche Begriff ist, schliesslich ben\u00f6tigt man nur einen Internetbrowser mit aktiviertem Javascript, um handeln zu k\u00f6nnen. Somit entf\u00e4llt die Installation eines Programms. Das ist praktisch wenn man z.B. privat das Notebook des Arbeitgebers nutzt, dort aber \u00fcber keine Administratorenrechte verf\u00fcgt. Zudem kann man so auch vom PC eines Freundes oder von einem Internetcafe aus auf sein Konto zugreifen.<\/p>\n<h3>Arten von Trades<\/h3>\n<p>Bei 24option kann man <strong>Hoch\/Tief<\/strong>, <strong>ein Treffer<\/strong> sowie <strong>Grenze<\/strong> Optionen handeln.<\/p>\n<h3>Dauer<\/h3>\n<p>Bei 24option ist die Laufzeit der Bin\u00e4ren Optionen kurz. Die Mehrheit der Produkte laufen weniger als eine Stunde lang. Zudem gibt es eine spezielle Rubrik in der Handelssoftware f\u00fcr 60 Sekunden-Optionen. Diese laufen genau 60 Sekunden lang. Man weiss also praktisch sofort, ob man mit seiner Wette richtig gelegen ist und Geld gewonnen hat.<\/p>\n<h3>Mindest- und Maximaleinsatz pro Trade<\/h3>\n<p>24option hat eine der gr\u00f6ssten Spannen f\u00fcr den Einsatz von Geld von den durch uns getesteten Anbieter. Der Mindesteinsatz betr\u00e4gt tiefe 24$, w\u00e4hrend der Maximaleinsatz stolze 15\u2018000$ (High-\/Low) betr\u00e4gt. Der h\u00f6chstm\u00f6gliche Einsatz f\u00fcr andere Optionen betr\u00e4gt \u00a05\u2018000$. Aufgrund der hohen Spanne werden sich hier sowohl Einsteiger wie auch semi-professionelle Trader wohl f\u00fchlen.<\/p>\n<h3>Screenshots von 24option<\/h3>\n<p><a href=\"https:\/\/www.mcbinary.com\/de\/link\/24option\" rel=\"nofollow\"><img loading=\"lazy\" src=\"https:\/\/www.mcbinary.com\/de\/wp-content\/uploads\/2012\/10\/24option-webseite-300x285.jpg\" alt=\"\" title=\"Webseite 24option\" width=\"300\" height=\"285\" class=\"alignleft size-medium wp-image-212\" srcset=\"https:\/\/www.mcbinary.com\/de\/wp-content\/uploads\/2012\/10\/24option-webseite-300x285.jpg 300w, https:\/\/www.mcbinary.com\/de\/wp-content\/uploads\/2012\/10\/24option-webseite.jpg 962w\" sizes=\"(max-width: 300px) 100vw, 300px\" \/><\/a><br \/>\n<a href=\"https:\/\/www.mcbinary.com\/de\/wp-content\/uploads\/2012\/10\/24option-tradingsoftware.jpg\"><img loading=\"lazy\" src=\"https:\/\/www.mcbinary.com\/de\/wp-content\/uploads\/2012\/10\/24option-tradingsoftware-300x80.jpg\" alt=\"\" title=\"24option Tradingsoftware\" width=\"300\" height=\"80\" class=\"alignright size-medium wp-image-213\" srcset=\"https:\/\/www.mcbinary.com\/de\/wp-content\/uploads\/2012\/10\/24option-tradingsoftware-300x80.jpg 300w, https:\/\/www.mcbinary.com\/de\/wp-content\/uploads\/2012\/10\/24option-tradingsoftware.jpg 963w\" sizes=\"(max-width: 300px) 100vw, 300px\" \/><\/a><br \/>\n&nbsp;<br \/>\n&nbsp;<br \/>\n&nbsp;<br \/>\n&nbsp;<br \/>\n&nbsp;<br \/>\n&nbsp;<br \/>\n&nbsp;<br \/>\n&nbsp;<br \/>\n&nbsp;<br \/>\n&nbsp;<br \/>\n&nbsp;<br \/>\n&nbsp;<br \/>\n&nbsp;<br \/>\n&nbsp;<br \/>\n&nbsp;<\/p>\n<h2>Handelbare Werte bei 24option<\/h2>\n<p>Bei 24option stehen rund 50 verschiedene Werte aus den Bereichen Forex (Devisen), Stocks (Aktien), Indizes und Commodities (Rohstoffe) zur Auswahl. Wie bei anderen Anbietern ist die Auswahl bei den Devisen am gr\u00f6ssten und bei den Rohstoffen am geringsten.<\/p>\n<p><strong>Devisen<\/strong>: Hier stehen alle bekannten W\u00e4hrungspaare wie EUR\/USD, EUR\/JPY, USD\/JPY, GBP\/USD und USD\/CHF zur Auswahl.<\/p>\n<p><strong>Aktien<\/strong>: Bei den Aktien stehen die am gr\u00f6ssten kapitalisierten und bekanntesten Firmen zur Auswahl. Europ\u00e4ische Firmen sind u.a. France Telecom, Vodafone, BP und Societe General. Doch auch die Aktien von Apple, Amazon, Google und Facebook k\u00f6nnen gehandelt werden.<\/p>\n<p><strong>Indizes<\/strong>: Unter anderem der DAX, der FTSE, der CAC, der SMI sowie der Dow Jones Index k\u00f6nnen bei 24option gehandelt werden.<\/p>\n<p><strong>Rohstoffe<\/strong>: Die drei meistgehandelten Rohstoffe \u00d6l, Gold und Silber k\u00f6nnen bei 24option getradet werden. Als Besonderheit kann Gold zudem auch in EUR oder JPY gehandelt werden.<\/p>\n<h2>Auszahlungen in Prozent (im Geld \/ OTM)<\/h2>\n<p>24option zahlt zwischen 70% und 85% Gewinn aus f\u00fcr den Fall, dass man mit seiner Option richtig getippt hat. Grunds\u00e4tzlich gilt, dass je liquider ein Wert ist, desto h\u00f6her die Auszahlung ist. So erh\u00e4lt man beim meistgehandelten Devisenpaar EUR\/USD 85% des Einsatzes als Gewinn. Bei den 60-Sekunden Optionen kann man immerhin 70% gewinnen \u2013 nicht schlecht f\u00fcr einen Trade von einer Minute.<\/p>\n<p>Die Angaben zu den Auszahlungen \u201eIm Geld\u201c und \u201eAus dem Geld\u201c sieht man gut sichtbar vor dem Kauf einer Bin\u00e4ren Option in der Handelsplattform. Theoretisch ist es m\u00f6glich, dass man zum Verfall auch bei \u201eaus dem Geld\u201c-Optionen einen kleinen Geldbetrag zur\u00fcckerstattet erh\u00e4lt. Zum Zeitpunkt unseres Tests war dies jedoch bei keinem Basiswert so eingestellt.<\/p>\n<h2>Mindesteinzahlung und Ein-\/Auszahlungsm\u00f6glichkeiten<\/h2>\n<p>24option verlangt eine minimale Einzahlung von 250$, falls man diese via Kreditkarte oder mittels elektronischer Zahlung \u00fcberweist. Bei einer Bank\u00fcberweisung m\u00fcssen hingegen mindestens 1\u2018000$ eingezahlt werden. Als elektronische Bezahloptionen stehen Skrill (fr\u00fcher: Moneybookers) sowie Liberty Reserve zur Auswahl.<\/p>\n<p>Vor der ersten Auszahlung muss man seine Identit\u00e4t nachweisen. Dies kann man online tun, indem man eine Passkopie sowie eine aktuelle Abrechnung mit der eigenen Adresse (z.B. eine Stromrechnung) hochl\u00e4dt. Auszahlungen m\u00fcssen auf das Zahlungsmittel get\u00e4tigt werden, \u00fcber das sie eingezahlt wurden. Dies dient einerseits dem Schutz vor Betrug und andererseits ist dies eine Massnahme gegen Geldw\u00e4sche.<\/p>\n<p>Abhebungen k\u00f6nnen bereits ab einem Guthaben von 10$ get\u00e4tigt werden. Pro Monat ist eine Abhebung kostenlos. Alle weiteren Abhebungen im selben Monat kosten eine stattliche Geb\u00fchr von 30$.<\/p>\n<h2>Kundendienst von 24option<\/h2>\n<p>Auf der Webseite von 24option werden in einem umfangreichen Dokument h\u00e4ufig gestellte Fragen beantwortet. Auf der deutschen Webseite kann man zudem auf das \u201eLive Chat\u201c Fenster klicken, um direkt via Chatfenster mit einem Mitarbeiter des Kundendienstes von 24option verbunden zu werden. Als Sprache steht dann auch deutsch zur Auswahl. Alternativ kann man auch ein E-Mail schicken, wir empfehlen aber den Live Chat.<\/p>\n<h2>24option Bonus<\/h2>\n<p>Bei 24option erh\u00e4lt man regelm\u00e4ssig Bonus-Angebote. Hier sollte man darauf achten, dass gewisse Bedingungen erf\u00fcllt sein m\u00fcssen, bevor man sich den Bonus auszahlen lassen kann. Zum Zeitpunkt unseres Tests musste der Bonusbetrag 30x gehandelt werden.<\/p>\n<h2>Fazit<\/h2>\n<p>24option ist ein weiterer Broker f\u00fcr Bin\u00e4re Optionen, den man sich selbst n\u00e4her anschauen sollte, wenn man in diese faszinierende und schnelle Welt des online Handelns einsteigen will. Mit nur 24$ Mindesteinsatz kann man hier praktisch mit seiner Portokasse online handeln und sein Gl\u00fcck versuchen. Dank dem hohen Maximalbetrag kann man jedoch auch \u00fcber 10\u2018000$ mit einem einzigen Trade gewinnen.<\/p>\n<p style=\"text-align: center\"><a class=\"gocta\" href=\"https:\/\/www.mcbinary.com\/de\/link\/24option\" rel=\"nofollow\">\u00dcberzeugen Sie sich jetzt selbst von 24option &gt;&gt;<\/a><\/p>\n<p>&nbsp;<\/p>\n<div class=\"message_karma_silver colored_box\" style=\"font-size:16px;\"><div><strong>Gesamtbewertung<\/strong><\/div>\n<div itemscope itemtype=\"http:\/\/schema.org\/Review\">\n<div itemprop=\"author\" itemscope itemtype=\"http:\/\/schema.org\/Person\">\nBewertet durch: <span itemprop=\"name\">McBinary.com<\/span><\/div>\n<div itemprop=\"itemReviewed\" itemscope itemtype=\"http:\/\/schema.org\/Thing\">\n<span itemprop=\"name\">24option<\/span><\/div>\n<div itemprop=\"reviewRating\" itemscope itemtype=\"http:\/\/schema.org\/Rating\"><span style=\"color: #ffff00;\">&#9733;&#9733;&#9733;&#9733;&#9733;<\/span>&nbsp; (<meta itemprop=\"worstRating\" content=\"0\"><span itemprop=\"ratingValue\">5<\/span> \/ <span itemprop=\"bestRating\">5<\/span>)<\/div>\n<\/div>\n<\/div><br class=\"clear\" \/><p>&nbsp;<\/p>\n","protected":false},"excerpt":{"rendered":"<p>Ein weiterer der ganz grossen Anbieter f\u00fcr Bin\u00e4re Optionen ist 24option, den wir hier auf McBinary im Test vorstellen. Wie viele andere (auch Forex-) Broker ist dieser Anbieter in Zypern beheimatet. 24option ist innerhalb der EU (von der CySEC) reguliert und betreibt Gesch\u00e4ftsstellen auf der ganzen Welt- Die Mulitnationalit\u00e4t von 24option bemerkt man bereits an der Webseite, wo man aus 15 Sprachen ausw\u00e4hlen kann (u.a. auch chinesisch und indonesisch). Dennoch sollte die Seite insbesondere in Deutschland bekannt gemacht werden &#8211; &#8230;<\/p>\n","protected":false},"author":1,"featured_media":0,"parent":9,"menu_order":0,"comment_status":"open","ping_status":"open","template":"","meta":[],"yoast_head":"<!-- This site is optimized with the Yoast SEO plugin v19.0 - https:\/\/yoast.com\/wordpress\/plugins\/seo\/ -->\n<title>Bin\u00e4rer Optionen Broker im Test: 24option -<\/title>\n<meta name=\"robots\" content=\"index, follow, max-snippet:-1, max-image-preview:large, max-video-preview:-1\" \/>\n<link rel=\"canonical\" href=\"https:\/\/www.mcbinary.com\/de\/optionen-broker\/24option\/\" \/>\n<meta property=\"og:locale\" content=\"en_US\" \/>\n<meta property=\"og:type\" content=\"article\" \/>\n<meta property=\"og:title\" content=\"Bin\u00e4rer Optionen Broker im Test: 24option -\" \/>\n<meta property=\"og:description\" content=\"Ein weiterer der ganz grossen Anbieter f\u00fcr Bin\u00e4re Optionen ist 24option, den wir hier auf McBinary im Test vorstellen. Wie viele andere (auch Forex-) Broker ist dieser Anbieter in Zypern beheimatet. 24option ist innerhalb der EU (von der CySEC) reguliert und betreibt Gesch\u00e4ftsstellen auf der ganzen Welt- Die Mulitnationalit\u00e4t von 24option bemerkt man bereits an der Webseite, wo man aus 15 Sprachen ausw\u00e4hlen kann (u.a. auch chinesisch und indonesisch). Dennoch sollte die Seite insbesondere in Deutschland bekannt gemacht werden &#8211; ...\" \/>\n<meta property=\"og:url\" content=\"https:\/\/www.mcbinary.com\/de\/optionen-broker\/24option\/\" \/>\n<meta property=\"og:site_name\" content=\"Mc Binary\" \/>\n<meta property=\"article:modified_time\" content=\"2015-11-24T15:08:33+00:00\" \/>\n<meta property=\"og:image\" content=\"https:\/\/www.mcbinary.com\/de\/wp-content\/uploads\/2012\/10\/24option-webseite-300x285.jpg\" \/>\n<meta name=\"twitter:label1\" content=\"Est. reading time\" \/>\n\t<meta name=\"twitter:data1\" content=\"5 minutes\" \/>\n<script type=\"application\/ld+json\" class=\"yoast-schema-graph\">{\"@context\":\"https:\/\/schema.org\",\"@graph\":[{\"@type\":\"WebSite\",\"@id\":\"https:\/\/www.mcbinary.com\/de\/#website\",\"url\":\"https:\/\/www.mcbinary.com\/de\/\",\"name\":\"Mc Binary\",\"description\":\"Alles zum Thema Bin\u00e4re Optionen\",\"potentialAction\":[{\"@type\":\"SearchAction\",\"target\":{\"@type\":\"EntryPoint\",\"urlTemplate\":\"https:\/\/www.mcbinary.com\/de\/?s={search_term_string}\"},\"query-input\":\"required name=search_term_string\"}],\"inLanguage\":\"en-US\"},{\"@type\":\"ImageObject\",\"inLanguage\":\"en-US\",\"@id\":\"https:\/\/www.mcbinary.com\/de\/optionen-broker\/24option\/#primaryimage\",\"url\":\"https:\/\/www.mcbinary.com\/de\/wp-content\/uploads\/2012\/10\/24option-webseite.jpg\",\"contentUrl\":\"https:\/\/www.mcbinary.com\/de\/wp-content\/uploads\/2012\/10\/24option-webseite.jpg\",\"width\":\"962\",\"height\":\"914\"},{\"@type\":\"WebPage\",\"@id\":\"https:\/\/www.mcbinary.com\/de\/optionen-broker\/24option\/#webpage\",\"url\":\"https:\/\/www.mcbinary.com\/de\/optionen-broker\/24option\/\",\"name\":\"Bin\u00e4rer Optionen Broker im Test: 24option -\",\"isPartOf\":{\"@id\":\"https:\/\/www.mcbinary.com\/de\/#website\"},\"primaryImageOfPage\":{\"@id\":\"https:\/\/www.mcbinary.com\/de\/optionen-broker\/24option\/#primaryimage\"},\"datePublished\":\"2015-11-24T12:25:55+00:00\",\"dateModified\":\"2015-11-24T15:08:33+00:00\",\"breadcrumb\":{\"@id\":\"https:\/\/www.mcbinary.com\/de\/optionen-broker\/24option\/#breadcrumb\"},\"inLanguage\":\"en-US\",\"potentialAction\":[{\"@type\":\"ReadAction\",\"target\":[\"https:\/\/www.mcbinary.com\/de\/optionen-broker\/24option\/\"]}]},{\"@type\":\"BreadcrumbList\",\"@id\":\"https:\/\/www.mcbinary.com\/de\/optionen-broker\/24option\/#breadcrumb\",\"itemListElement\":[{\"@type\":\"ListItem\",\"position\":1,\"name\":\"Home\",\"item\":\"https:\/\/www.mcbinary.com\/de\/\"},{\"@type\":\"ListItem\",\"position\":2,\"name\":\"Bin\u00e4re Optionen Broker: Test \u00dcbersicht\",\"item\":\"https:\/\/www.mcbinary.com\/de\/optionen-broker\/\"},{\"@type\":\"ListItem\",\"position\":3,\"name\":\"Bin\u00e4rer Optionen Broker im Test: 24option\"}]}]}<\/script>\n<!-- \/ Yoast SEO plugin. -->","yoast_head_json":{"title":"Bin\u00e4rer Optionen Broker im Test: 24option -","robots":{"index":"index","follow":"follow","max-snippet":"max-snippet:-1","max-image-preview":"max-image-preview:large","max-video-preview":"max-video-preview:-1"},"canonical":"https:\/\/www.mcbinary.com\/de\/optionen-broker\/24option\/","og_locale":"en_US","og_type":"article","og_title":"Bin\u00e4rer Optionen Broker im Test: 24option -","og_description":"Ein weiterer der ganz grossen Anbieter f\u00fcr Bin\u00e4re Optionen ist 24option, den wir hier auf McBinary im Test vorstellen. Wie viele andere (auch Forex-) Broker ist dieser Anbieter in Zypern beheimatet. 24option ist innerhalb der EU (von der CySEC) reguliert und betreibt Gesch\u00e4ftsstellen auf der ganzen Welt- Die Mulitnationalit\u00e4t von 24option bemerkt man bereits an der Webseite, wo man aus 15 Sprachen ausw\u00e4hlen kann (u.a. auch chinesisch und indonesisch). Dennoch sollte die Seite insbesondere in Deutschland bekannt gemacht werden &#8211; ...","og_url":"https:\/\/www.mcbinary.com\/de\/optionen-broker\/24option\/","og_site_name":"Mc Binary","article_modified_time":"2015-11-24T15:08:33+00:00","og_image":[{"url":"https:\/\/www.mcbinary.com\/de\/wp-content\/uploads\/2012\/10\/24option-webseite-300x285.jpg"}],"twitter_misc":{"Est. reading time":"5 minutes"},"schema":{"@context":"https:\/\/schema.org","@graph":[{"@type":"WebSite","@id":"https:\/\/www.mcbinary.com\/de\/#website","url":"https:\/\/www.mcbinary.com\/de\/","name":"Mc Binary","description":"Alles zum Thema Bin\u00e4re Optionen","potentialAction":[{"@type":"SearchAction","target":{"@type":"EntryPoint","urlTemplate":"https:\/\/www.mcbinary.com\/de\/?s={search_term_string}"},"query-input":"required name=search_term_string"}],"inLanguage":"en-US"},{"@type":"ImageObject","inLanguage":"en-US","@id":"https:\/\/www.mcbinary.com\/de\/optionen-broker\/24option\/#primaryimage","url":"https:\/\/www.mcbinary.com\/de\/wp-content\/uploads\/2012\/10\/24option-webseite.jpg","contentUrl":"https:\/\/www.mcbinary.com\/de\/wp-content\/uploads\/2012\/10\/24option-webseite.jpg","width":"962","height":"914"},{"@type":"WebPage","@id":"https:\/\/www.mcbinary.com\/de\/optionen-broker\/24option\/#webpage","url":"https:\/\/www.mcbinary.com\/de\/optionen-broker\/24option\/","name":"Bin\u00e4rer Optionen Broker im Test: 24option -","isPartOf":{"@id":"https:\/\/www.mcbinary.com\/de\/#website"},"primaryImageOfPage":{"@id":"https:\/\/www.mcbinary.com\/de\/optionen-broker\/24option\/#primaryimage"},"datePublished":"2015-11-24T12:25:55+00:00","dateModified":"2015-11-24T15:08:33+00:00","breadcrumb":{"@id":"https:\/\/www.mcbinary.com\/de\/optionen-broker\/24option\/#breadcrumb"},"inLanguage":"en-US","potentialAction":[{"@type":"ReadAction","target":["https:\/\/www.mcbinary.com\/de\/optionen-broker\/24option\/"]}]},{"@type":"BreadcrumbList","@id":"https:\/\/www.mcbinary.com\/de\/optionen-broker\/24option\/#breadcrumb","itemListElement":[{"@type":"ListItem","position":1,"name":"Home","item":"https:\/\/www.mcbinary.com\/de\/"},{"@type":"ListItem","position":2,"name":"Bin\u00e4re Optionen Broker: Test \u00dcbersicht","item":"https:\/\/www.mcbinary.com\/de\/optionen-broker\/"},{"@type":"ListItem","position":3,"name":"Bin\u00e4rer Optionen Broker im Test: 24option"}]}]}},"_links":{"self":[{"href":"https:\/\/www.mcbinary.com\/de\/wp-json\/wp\/v2\/pages\/210"}],"collection":[{"href":"https:\/\/www.mcbinary.com\/de\/wp-json\/wp\/v2\/pages"}],"about":[{"href":"https:\/\/www.mcbinary.com\/de\/wp-json\/wp\/v2\/types\/page"}],"author":[{"embeddable":true,"href":"https:\/\/www.mcbinary.com\/de\/wp-json\/wp\/v2\/users\/1"}],"replies":[{"embeddable":true,"href":"https:\/\/www.mcbinary.com\/de\/wp-json\/wp\/v2\/comments?post=210"}],"version-history":[{"count":16,"href":"https:\/\/www.mcbinary.com\/de\/wp-json\/wp\/v2\/pages\/210\/revisions"}],"predecessor-version":[{"id":545,"href":"https:\/\/www.mcbinary.com\/de\/wp-json\/wp\/v2\/pages\/210\/revisions\/545"}],"up":[{"embeddable":true,"href":"https:\/\/www.mcbinary.com\/de\/wp-json\/wp\/v2\/pages\/9"}],"wp:attachment":[{"href":"https:\/\/www.mcbinary.com\/de\/wp-json\/wp\/v2\/media?parent=210"}],"curies":[{"name":"wp","href":"https:\/\/api.w.org\/{rel}","templated":true}]}}