{"id":185,"date":"2015-11-24T09:34:19","date_gmt":"2015-11-24T08:34:19","guid":{"rendered":"http:\/\/www.mcbinary.com\/de\/?page_id=185"},"modified":"2018-01-31T15:52:56","modified_gmt":"2018-01-31T14:52:56","slug":"bancdeswiss","status":"publish","type":"page","link":"https:\/\/www.mcbinary.com\/de\/optionen-broker\/bancdeswiss\/","title":{"rendered":"BDSwiss Erfahrungen und Testbericht"},"content":{"rendered":"<p>BDSwiss (fr\u00fcher als Banc de Swiss bekannt) ist der wohl am schnellsten wachsende Broker im deutschsprachigen Raum und das liegt vor allem daran, dass er sich auch einzig und allein auf diesen Markt fokussiert und nicht wie andere Broker alle m\u00f6glichen M\u00e4rkte in Angriff nehmen.<\/p>\n<p>Wie die meisten Broker f\u00fcr Bin\u00e4re Optionen geh\u00f6rt auch BDSwiss zu den j\u00fcngeren und ist noch nicht allzu lange am Markt vertreten. Umso beeindruckender ist das bisherige Wachstum und das Angebot, das BDSwiss hier auf die Beine gestellt hat. Die BDSwiss Holding PLC ist von der Cyprus Securities and Exchange Commission autorisiert und lizensiert  \u201cCySEC\u201d, Lizenznummer 199\/13 und Registrierungsnummer HE 300153.<\/p>\n<p>Als Alleinstellungsmerkmal ist auf jeden Fall die Fokussierung auf den deutschsprachigen Markt zu erw\u00e4hnen und hier ist BDSwiss nat\u00fcrlich mit Abstand am st\u00e4rksten vertreten und geh\u00f6rt sogar zu den gr\u00f6\u00dften Brokern \u00fcberhaupt! Diese Strategie scheint sich also auszuzahlen und wenn man einer der ganz wenigen Broker mit Sitz in \u00d6sterreich, Deutschland und der Schweiz ist schafft das das n\u00f6tige Vertrauen, das man beim Bin\u00e4roptionshandel unbedingt braucht.<\/p>\n<p style=\"text-align: center\"><a class=\"gocta\" href=\"https:\/\/www.mcbinary.com\/de\/link\/bancdeswiss\" rel=\"nofollow\">Jetzt beim Marktf\u00fchrer anmelden: www.BDSwiss.de &gt;&gt;<\/a><\/p>\n<p style=\"text-align: center;\"><em>(Ihr Kapital unterliegt einem Risiko)<\/em><\/p>\n<h2>Handelsplattform &#8211; Infos zum Trading<\/h2>\n<p>Was die Plattform angeht vertraut BDSwiss der Plattform von SpotOption. Mit SpotOption arbeiten auch noch sehr viele andere gro\u00dfe Broker. Was die SpotOption Plattform auszeichnet ist die einfache Bedienbarkeit und die Vielzahl an Basiswerten mit denen gehandelt werden kann, n\u00e4mlich \u00fcber 175 &#8211; das ist schon eine ganze Menge und Sie haben die freie Auswahl!<br \/>\nWichtig ist auch, dass man bei der BDSwiss Plattform die M\u00f6glichkeit hat auf einen sogenannten &#8220;Pro Trader&#8221; zu wechseln. Dieser erm\u00f6glicht Chartanalysen wie man sie von Forex Brokern auch gewohnt ist um noch bessere Entscheidungen beim Trading treffen zu k\u00f6nnen.<\/p>\n<p>An einer mobilen Plattform wird gerade gearbeitet und schon bald sollte es auch m\u00f6glich sein mit dem iPhone, iPad und Android Smartphones oder Tablet PCs zu handeln. Zumindest eine iPhone App ist in Arbeit, aber auch eine Web App, die unabh\u00e4ngig vom Betriebssystem funktioniert soll umgesetzt werden.<\/p>\n<h2>Arten von Trades<\/h2>\n<p>Bei BDSwiss kommen Sie in den Genuss verschiedenster Optionen. Neben der klassischen hoch\/tief Option k\u00f6nnen Sie auch mit Touch Optionen traden oder mit dem OptionBuilder ganz eigene Optionen zusammen stellen.<\/p>\n<h2>Dauer<\/h2>\n<p>Inzwischen gibt es auch Optionen mit einer Verfallszeit von 60 Sekunden. Diese Optionen erfreuen sich wachsender Beliebtheit und bieten Ihnen die M\u00f6glichkeit in nur kurzer Zeit sehr viele Optionen umzusetzen. Ansonsten beschr\u00e4nkt sich BDSwiss im Moment auf die &#8220;\u00fcblichen&#8221; Verfallszeiten von 15 bis zu 60 Minuten.<\/p>\n<h2>Mindest- und Maximaleinsatz pro Trade<\/h2>\n<p>Die Minimale Optionsgr\u00f6\u00dfe bei BDSwiss betr\u00e4gt lediglich 5 Euro &#8211; das ist sehr wenig und erm\u00f6glicht es auch Anf\u00e4ngern mit wenig Geld vern\u00fcnftig zu traden. Selbst wenn Sie nur das Minimum von 100 Euro einzahlen k\u00f6nnen Sie damit 20 Optionen kaufen und das ist wirklich im Rahmen. Bei anderen Brokern werden Sie hingegen gezwungen mit diesem Betrag Optionen f\u00fcr 25 Euro oder mehr zu kaufen.<\/p>\n<p><img loading=\"lazy\" src=\"https:\/\/www.mcbinary.com\/de\/wp-content\/uploads\/2012\/10\/Bancdeswiss.png\" alt=\"\" title=\"BDSwiss\" width=\"634\" height=\"237\" class=\"aligncenter size-full wp-image-422\" srcset=\"https:\/\/www.mcbinary.com\/de\/wp-content\/uploads\/2012\/10\/Bancdeswiss.png 634w, https:\/\/www.mcbinary.com\/de\/wp-content\/uploads\/2012\/10\/Bancdeswiss-300x112.png 300w\" sizes=\"(max-width: 634px) 100vw, 634px\" \/><\/p>\n<h2>Handelbare Werte<\/h2>\n<p>Wie bereits erw\u00e4hnt bietet BDSwiss im Moment \u00fcber 175 Basiswerte an &#8211; das ist eine ganze Menge, die sich auf Devisen, Aktien, Indizes und Rohstoffe verteilen.<\/p>\n<h2>Auszahlungen in Prozent (im Geld \/ OTM)<\/h2>\n<p>Bei Optionen im Geld werden bei BDSwiss bis zu 85% ausbezahlt, eine R\u00fcckerstattung (Refund) bei Optionen aus dem Geld gibt es nicht. Grunds\u00e4tzlich gilt, dass BDSwiss nicht der beste Broker ist was die Auszahlungen betrifft und es welche gibt bei denen unterm Strich mehr ausbezahlt werden. Das macht dieser Broker aber wieder durch den exzellenten Kundendienst, die ausgezeichnete Plattform und die Seriosit\u00e4t wieder wett.<\/p>\n<h2>Mindesteinzahlung und Ein-\/Auszahlungsm\u00f6glichkeiten<\/h2>\n<p>Die Mindesteinzahlung liegt mit \u20ac100 klar unter dem Durchschnitt und damit eignet sich dieser Broker auch f\u00fcr neue Trader, die noch keine gro\u00dfen Betr\u00e4ge riskieren m\u00f6chten. Das ist umso richtiger wenn man sich den minimalen Einsatz bei diesem Broker ansieht, der liegt n\u00e4mlich bei gerade mal \u20ac5.<br \/>\nAls M\u00f6glichkeiten f\u00fcr eine Ein- und Auszahlung stehen dem Trader zurzeit Bank\u00fcberweisung, Kreditkarten (wie Visa und Mastercard) und Skrill (Moneybookers) zur Verf\u00fcgung.<\/p>\n<h2>Kundendienst von BDSwiss<\/h2>\n<p>Der Kundendienst ist sicherlich etwas, das diesen Brokern von den vielen anderen unterscheidet. Der Support ist nicht nur komplett auf deutsch, sondern auch mehr als kompetent, hilfreich und immer erreichbar. Auf der Webseite wird sogar die Frankfurter Adresse der Niederlassung angegeben, wenn Sie also mal ein Problem haben und zuf\u00e4llig in der Gegend sind, k\u00f6nnen Sie auch einfach vorbei kommen&#8230;<br \/>\nTelefonisch ist der Kundendienst aus Deutschland unter +49 (0)691 75 36 86 41 erreichbar. Sie k\u00f6nnen ihn aber auch jederzeit per Livechat oder Email erreichen.<\/p>\n<h2>Fazit<\/h2>\n<p>Das Fazit ist ziemlich klar: BDSwiss ist einer der Broker mit dem st\u00e4rksten Wachstum und das hat auch Hand und Fu\u00df. Als einer der wenigen Broker ist BDSwiss mit einem Sitz in Deutschland vertreten und das macht sich auch \u00fcberall bemerkbar: nur so kann man seinen Service auch perfekt f\u00fcr deutsche Trader zuschneiden und einen exzellenten Kundendienst bieten. Hinzukommt, dass BDSwiss auch noch f\u00fcr Einsteiger gut geeignet ist und man als solcher dort bestens aufgehoben ist. Die \u20ac100 Mindesteinzahlung ist niedrig und die \u20ac5 Optionen sind mehr als fair und erm\u00f6glichen auch ordentlichen Bin\u00e4roptionshandel mit wenig Geld. Dieser Broker ist zurzeit die beste Wahl f\u00fcr Einsteiger und Fortgeschrittene aus Deutschland!<\/p>\n<p style=\"text-align: center\"><a class=\"gocta\" href=\"https:\/\/www.mcbinary.com\/de\/link\/bancdeswiss\" rel=\"nofollow\">Jetzt bei www.BDSwiss.de anmelden! &gt;&gt;<\/a><\/strong><\/p>\n<p style=\"text-align: center;\"><em>(Ihr Kapital unterliegt einem Risiko)<\/em><\/p>\n<p>&nbsp;<\/p>\n<div class=\"message_karma_silver colored_box\" style=\"font-size:16px;\"><div><strong>Gesamtbewertung<\/strong><\/div>\n<div>\n<div>\nBewertet durch: <span>McBinary.com<\/span><\/div>\n<div>\n<span>BDSwiss<\/span><\/div>\n<div><span style=\"color: #ffff00\">&#9733;&#9733;&#9733;&#9733;&#9734;<\/span>&nbsp; (<span>4<\/span> \/ <span>5<\/span>)<\/div>\n<\/div>\n<\/div><br class=\"clear\" \/><p>&nbsp;<\/p>\n","protected":false},"excerpt":{"rendered":"<p>BDSwiss (fr\u00fcher als Banc de Swiss bekannt) ist der wohl am schnellsten wachsende Broker im deutschsprachigen Raum und das liegt vor allem daran, dass er sich auch einzig und allein auf diesen Markt fokussiert und nicht wie andere Broker alle m\u00f6glichen M\u00e4rkte in Angriff nehmen.<br \/>\nWie die meisten Broker f\u00fcr Bin\u00e4re Optionen geh\u00f6rt auch BDSwiss zu den j\u00fcngeren und ist noch nicht allzu lange am Markt vertreten. Umso beeindruckender ist das bisherige Wachstum und das Angebot, das BDSwiss hier auf &#8230;<\/p>\n","protected":false},"author":1,"featured_media":0,"parent":9,"menu_order":0,"comment_status":"open","ping_status":"open","template":"","meta":[],"yoast_head":"<!-- This site is optimized with the Yoast SEO plugin v19.0 - https:\/\/yoast.com\/wordpress\/plugins\/seo\/ -->\n<title>BDSwiss Erfahrungen und Testbericht -<\/title>\n<meta name=\"robots\" content=\"index, follow, max-snippet:-1, max-image-preview:large, max-video-preview:-1\" \/>\n<link rel=\"canonical\" href=\"https:\/\/www.mcbinary.com\/de\/optionen-broker\/bancdeswiss\/\" \/>\n<meta property=\"og:locale\" content=\"en_US\" \/>\n<meta property=\"og:type\" content=\"article\" \/>\n<meta property=\"og:title\" content=\"BDSwiss Erfahrungen und Testbericht -\" \/>\n<meta property=\"og:description\" content=\"BDSwiss (fr\u00fcher als Banc de Swiss bekannt) ist der wohl am schnellsten wachsende Broker im deutschsprachigen Raum und das liegt vor allem daran, dass er sich auch einzig und allein auf diesen Markt fokussiert und nicht wie andere Broker alle m\u00f6glichen M\u00e4rkte in Angriff nehmen. Wie die meisten Broker f\u00fcr Bin\u00e4re Optionen geh\u00f6rt auch BDSwiss zu den j\u00fcngeren und ist noch nicht allzu lange am Markt vertreten. Umso beeindruckender ist das bisherige Wachstum und das Angebot, das BDSwiss hier auf ...\" \/>\n<meta property=\"og:url\" content=\"https:\/\/www.mcbinary.com\/de\/optionen-broker\/bancdeswiss\/\" \/>\n<meta property=\"og:site_name\" content=\"Mc Binary\" \/>\n<meta property=\"article:modified_time\" content=\"2018-01-31T14:52:56+00:00\" \/>\n<meta property=\"og:image\" content=\"https:\/\/www.mcbinary.com\/de\/wp-content\/uploads\/2012\/10\/Bancdeswiss.png\" \/>\n<meta name=\"twitter:label1\" content=\"Est. reading time\" \/>\n\t<meta name=\"twitter:data1\" content=\"5 minutes\" \/>\n<script type=\"application\/ld+json\" class=\"yoast-schema-graph\">{\"@context\":\"https:\/\/schema.org\",\"@graph\":[{\"@type\":\"WebSite\",\"@id\":\"https:\/\/www.mcbinary.com\/de\/#website\",\"url\":\"https:\/\/www.mcbinary.com\/de\/\",\"name\":\"Mc Binary\",\"description\":\"Alles zum Thema Bin\u00e4re Optionen\",\"potentialAction\":[{\"@type\":\"SearchAction\",\"target\":{\"@type\":\"EntryPoint\",\"urlTemplate\":\"https:\/\/www.mcbinary.com\/de\/?s={search_term_string}\"},\"query-input\":\"required name=search_term_string\"}],\"inLanguage\":\"en-US\"},{\"@type\":\"ImageObject\",\"inLanguage\":\"en-US\",\"@id\":\"https:\/\/www.mcbinary.com\/de\/optionen-broker\/bancdeswiss\/#primaryimage\",\"url\":\"https:\/\/www.mcbinary.com\/de\/wp-content\/uploads\/2012\/10\/Bancdeswiss.png\",\"contentUrl\":\"https:\/\/www.mcbinary.com\/de\/wp-content\/uploads\/2012\/10\/Bancdeswiss.png\",\"width\":\"634\",\"height\":\"237\"},{\"@type\":\"WebPage\",\"@id\":\"https:\/\/www.mcbinary.com\/de\/optionen-broker\/bancdeswiss\/#webpage\",\"url\":\"https:\/\/www.mcbinary.com\/de\/optionen-broker\/bancdeswiss\/\",\"name\":\"BDSwiss Erfahrungen und Testbericht -\",\"isPartOf\":{\"@id\":\"https:\/\/www.mcbinary.com\/de\/#website\"},\"primaryImageOfPage\":{\"@id\":\"https:\/\/www.mcbinary.com\/de\/optionen-broker\/bancdeswiss\/#primaryimage\"},\"datePublished\":\"2015-11-24T08:34:19+00:00\",\"dateModified\":\"2018-01-31T14:52:56+00:00\",\"breadcrumb\":{\"@id\":\"https:\/\/www.mcbinary.com\/de\/optionen-broker\/bancdeswiss\/#breadcrumb\"},\"inLanguage\":\"en-US\",\"potentialAction\":[{\"@type\":\"ReadAction\",\"target\":[\"https:\/\/www.mcbinary.com\/de\/optionen-broker\/bancdeswiss\/\"]}]},{\"@type\":\"BreadcrumbList\",\"@id\":\"https:\/\/www.mcbinary.com\/de\/optionen-broker\/bancdeswiss\/#breadcrumb\",\"itemListElement\":[{\"@type\":\"ListItem\",\"position\":1,\"name\":\"Home\",\"item\":\"https:\/\/www.mcbinary.com\/de\/\"},{\"@type\":\"ListItem\",\"position\":2,\"name\":\"Bin\u00e4re Optionen Broker: Test \u00dcbersicht\",\"item\":\"https:\/\/www.mcbinary.com\/de\/optionen-broker\/\"},{\"@type\":\"ListItem\",\"position\":3,\"name\":\"BDSwiss Erfahrungen und Testbericht\"}]}]}<\/script>\n<!-- \/ Yoast SEO plugin. -->","yoast_head_json":{"title":"BDSwiss Erfahrungen und Testbericht -","robots":{"index":"index","follow":"follow","max-snippet":"max-snippet:-1","max-image-preview":"max-image-preview:large","max-video-preview":"max-video-preview:-1"},"canonical":"https:\/\/www.mcbinary.com\/de\/optionen-broker\/bancdeswiss\/","og_locale":"en_US","og_type":"article","og_title":"BDSwiss Erfahrungen und Testbericht -","og_description":"BDSwiss (fr\u00fcher als Banc de Swiss bekannt) ist der wohl am schnellsten wachsende Broker im deutschsprachigen Raum und das liegt vor allem daran, dass er sich auch einzig und allein auf diesen Markt fokussiert und nicht wie andere Broker alle m\u00f6glichen M\u00e4rkte in Angriff nehmen. Wie die meisten Broker f\u00fcr Bin\u00e4re Optionen geh\u00f6rt auch BDSwiss zu den j\u00fcngeren und ist noch nicht allzu lange am Markt vertreten. Umso beeindruckender ist das bisherige Wachstum und das Angebot, das BDSwiss hier auf ...","og_url":"https:\/\/www.mcbinary.com\/de\/optionen-broker\/bancdeswiss\/","og_site_name":"Mc Binary","article_modified_time":"2018-01-31T14:52:56+00:00","og_image":[{"url":"https:\/\/www.mcbinary.com\/de\/wp-content\/uploads\/2012\/10\/Bancdeswiss.png"}],"twitter_misc":{"Est. reading time":"5 minutes"},"schema":{"@context":"https:\/\/schema.org","@graph":[{"@type":"WebSite","@id":"https:\/\/www.mcbinary.com\/de\/#website","url":"https:\/\/www.mcbinary.com\/de\/","name":"Mc Binary","description":"Alles zum Thema Bin\u00e4re Optionen","potentialAction":[{"@type":"SearchAction","target":{"@type":"EntryPoint","urlTemplate":"https:\/\/www.mcbinary.com\/de\/?s={search_term_string}"},"query-input":"required name=search_term_string"}],"inLanguage":"en-US"},{"@type":"ImageObject","inLanguage":"en-US","@id":"https:\/\/www.mcbinary.com\/de\/optionen-broker\/bancdeswiss\/#primaryimage","url":"https:\/\/www.mcbinary.com\/de\/wp-content\/uploads\/2012\/10\/Bancdeswiss.png","contentUrl":"https:\/\/www.mcbinary.com\/de\/wp-content\/uploads\/2012\/10\/Bancdeswiss.png","width":"634","height":"237"},{"@type":"WebPage","@id":"https:\/\/www.mcbinary.com\/de\/optionen-broker\/bancdeswiss\/#webpage","url":"https:\/\/www.mcbinary.com\/de\/optionen-broker\/bancdeswiss\/","name":"BDSwiss Erfahrungen und Testbericht -","isPartOf":{"@id":"https:\/\/www.mcbinary.com\/de\/#website"},"primaryImageOfPage":{"@id":"https:\/\/www.mcbinary.com\/de\/optionen-broker\/bancdeswiss\/#primaryimage"},"datePublished":"2015-11-24T08:34:19+00:00","dateModified":"2018-01-31T14:52:56+00:00","breadcrumb":{"@id":"https:\/\/www.mcbinary.com\/de\/optionen-broker\/bancdeswiss\/#breadcrumb"},"inLanguage":"en-US","potentialAction":[{"@type":"ReadAction","target":["https:\/\/www.mcbinary.com\/de\/optionen-broker\/bancdeswiss\/"]}]},{"@type":"BreadcrumbList","@id":"https:\/\/www.mcbinary.com\/de\/optionen-broker\/bancdeswiss\/#breadcrumb","itemListElement":[{"@type":"ListItem","position":1,"name":"Home","item":"https:\/\/www.mcbinary.com\/de\/"},{"@type":"ListItem","position":2,"name":"Bin\u00e4re Optionen Broker: Test \u00dcbersicht","item":"https:\/\/www.mcbinary.com\/de\/optionen-broker\/"},{"@type":"ListItem","position":3,"name":"BDSwiss Erfahrungen und Testbericht"}]}]}},"_links":{"self":[{"href":"https:\/\/www.mcbinary.com\/de\/wp-json\/wp\/v2\/pages\/185"}],"collection":[{"href":"https:\/\/www.mcbinary.com\/de\/wp-json\/wp\/v2\/pages"}],"about":[{"href":"https:\/\/www.mcbinary.com\/de\/wp-json\/wp\/v2\/types\/page"}],"author":[{"embeddable":true,"href":"https:\/\/www.mcbinary.com\/de\/wp-json\/wp\/v2\/users\/1"}],"replies":[{"embeddable":true,"href":"https:\/\/www.mcbinary.com\/de\/wp-json\/wp\/v2\/comments?post=185"}],"version-history":[{"count":17,"href":"https:\/\/www.mcbinary.com\/de\/wp-json\/wp\/v2\/pages\/185\/revisions"}],"predecessor-version":[{"id":610,"href":"https:\/\/www.mcbinary.com\/de\/wp-json\/wp\/v2\/pages\/185\/revisions\/610"}],"up":[{"embeddable":true,"href":"https:\/\/www.mcbinary.com\/de\/wp-json\/wp\/v2\/pages\/9"}],"wp:attachment":[{"href":"https:\/\/www.mcbinary.com\/de\/wp-json\/wp\/v2\/media?parent=185"}],"curies":[{"name":"wp","href":"https:\/\/api.w.org\/{rel}","templated":true}]}}