{"id":11,"date":"2015-11-24T09:25:26","date_gmt":"2015-11-24T08:25:26","guid":{"rendered":"http:\/\/www.mcbinary.com\/de\/?page_id=11"},"modified":"2015-11-24T23:52:31","modified_gmt":"2015-11-24T22:52:31","slug":"optionfair","status":"publish","type":"page","link":"https:\/\/www.mcbinary.com\/de\/optionen-broker\/optionfair\/","title":{"rendered":"optionFair Test"},"content":{"rendered":"<p>optionFair ist einer der weltweit f\u00fchrenden Broker f\u00fcr Bin\u00e4re Optionen. Die Webseite und die Trading-Software sind in deutscher Sprache verf\u00fcgbar, was ein grosser Vorteil f\u00fcr Trader aus Deutschland ist.<\/p>\n<p>Der Broker ist Teil der Mika Holding, welche im Besitz von einer Gruppe von erfahrenden Investoren aus den Bereichen Devisen- und Aktienhandel ist. W\u00e4hrend die Mika Holding ihren Sitz auf den British Virgin Islands hat, verf\u00fcgt optionFair \u00fcber eine Niederlassung in der EU, auf Zypern.<\/p>\n<p>Wie alle Anbieter von digitalen Optionen ist auch dieser Broker relativ jung, kann aber im Vergleich zu anderen bereits als etabliert bezeichnet werden. Die Webseite besteht seit 2009 und z\u00e4hlt mittlerweile zu den 60\u2018000 meistbesuchten Seiten weltweit.<\/p>\n<p style=\"text-align: center\"><a class=\"gocta\" href=\"https:\/\/www.mcbinary.com\/de\/link\/optionfair\" rel=\"nofollow\">Besuchen Sie jetzt die Webseite www.optionFair.com\/de &gt;&gt;<\/a><\/p>\n<h2>Handelsplattform &#8211; Infos zum Trading<\/h2>\n<p>optionFair bietet die drei typischen Handelswerkzeuge f\u00fcr Bin\u00e4re Optionen an. Weil der Handel komplett im Webrowser stattfindet, ist keine vorg\u00e4ngige Installation eines Programms notwendig. Deswegen kann bei optionFair auch problemlos auf einem Smartphone \/ iPhone oder einem Rechner ohne Administratorenrechte gehandelt werden.<\/p>\n<h3>Arten von Trades<\/h3>\n<p>Bei optionFair kann man <strong>Hoch\/Tief<\/strong>, <strong>ein Treffer<\/strong> sowie <strong>Grenze<\/strong> (Boundary) Optionen handeln.<\/p>\n<h3>Dauer<\/h3>\n<p>Alle angebotenen Optionen haben eine Laufzeit von weniger als einer halben Stunde. Es ist auch m\u00f6glich, in bereits laufende Optionen einzusteigen, sodass die durchschnittliche Wartezeit in einem solchen Fall nur wenige Minuten betr\u00e4gt. Zudem bietet optionFair auf ausgew\u00e4hlte Devisen sowie auf \u00d6l auch Optionen mit lediglich 60-Sekunden Laufzeit an. In solche Titel kann man jederzeit einsteigen, sodass man innert Sekunden betr\u00e4chtliche Gewinne (oder Verluste) erzielen kann.<\/p>\n<h3>Mindest- und Maximaleinsatz pro Trade<\/h3>\n<p>optionFair ist f\u00fcr Einsteiger auch deswegen sehr gut geeignet, weil man mit lediglich 25 US-Dollar (oder Euro, je nach gew\u00e4hlter W\u00e4hrung des Kontos) handeln kann. Der maximale Einsatz pro Trade betr\u00e4gt 15\u2018000 US-Dollar.<\/p>\n<h3>Screenshots von optionFair<\/h3>\n<p><a href=\"https:\/\/www.mcbinary.com\/de\/wp-content\/uploads\/2012\/06\/webseite-optionfair.jpg\"><img loading=\"lazy\" src=\"https:\/\/www.mcbinary.com\/de\/wp-content\/uploads\/2012\/06\/webseite-optionfair-300x204.jpg\" alt=\"\" title=\"Webseite von optionFair\" width=\"300\" height=\"204\" class=\"alignleft size-medium wp-image-54\" srcset=\"https:\/\/www.mcbinary.com\/de\/wp-content\/uploads\/2012\/06\/webseite-optionfair-300x204.jpg 300w, https:\/\/www.mcbinary.com\/de\/wp-content\/uploads\/2012\/06\/webseite-optionfair.jpg 999w\" sizes=\"(max-width: 300px) 100vw, 300px\" \/><\/a><a href=\"https:\/\/www.mcbinary.com\/de\/wp-content\/uploads\/2012\/06\/handel-optionfair.jpg\"><img loading=\"lazy\" src=\"https:\/\/www.mcbinary.com\/de\/wp-content\/uploads\/2012\/06\/handel-optionfair-300x211.jpg\" alt=\"\" title=\"Handel bei optionFair\" width=\"300\" height=\"211\" class=\"alignright size-medium wp-image-53\" srcset=\"https:\/\/www.mcbinary.com\/de\/wp-content\/uploads\/2012\/06\/handel-optionfair-300x211.jpg 300w, https:\/\/www.mcbinary.com\/de\/wp-content\/uploads\/2012\/06\/handel-optionfair.jpg 997w\" sizes=\"(max-width: 300px) 100vw, 300px\" \/><\/a><\/p>\n<p>&nbsp;<br \/>\n&nbsp;<br \/>\n&nbsp;<br \/>\n&nbsp;<br \/>\n&nbsp;<br \/>\n&nbsp;<br \/>\n&nbsp;<br \/>\n&nbsp;<br \/>\n&nbsp;<br \/>\n&nbsp;<br \/>\n&nbsp;<\/p>\n<h2>Handelbare Werte bei optionFair<\/h2>\n<p>Bei optionFair kann man rund 50 verschiedene Werte aus den Kategorien Devisen (Forex), Aktien (Stocks), Indizes (Indices) und Rohstoffe (Commodities) handeln.<\/p>\n<p><strong>Devisen<\/strong>: Hier gibt es 60-Sekunden Optionen auf EUR\/USD, GBP\/USD, USD\/JPY sowie EUR\/JPY. Zudem kann man Optionen mit 20 Minuten Laufzeit auf 15 verschiedene W\u00e4hrungspaare kaufen. Diese kann man auch bis 5 Minuten vor Verfall noch erwerben.<\/p>\n<p><strong>Aktien<\/strong>: Im Bereich Aktien stehen \u00fcber 20 Titel zur Auswahl, unter anderem Technologie-Aktien wie Microsoft, Apple, Google und Facebook.<\/p>\n<p><strong>Indizes<\/strong>: \u00dcber zehn verschiedene Index-Futures sind hier verf\u00fcgbar. Dazu geh\u00f6ren die bekanntesten Aktienindizes wie Dow Jones, Nasdaq und nat\u00fcrlich der DAX.<\/p>\n<p><strong>Rohstoffe<\/strong>: Bei den Rohstoffen ist bei optionFair \u2013 wie bei allen anderen Brokern im Vergleich auch \u2013 die Auswahl am geringsten. Nebst \u00d6l, Gold und Silber gibt es aber immerhin noch die beliebten 60-Sekunden Optionen auf Erd\u00f6l zur Auswahl.<\/p>\n<h2>Auszahlungen in Prozent (im Geld \/ OTM)<\/h2>\n<p>F\u00fcr Optionen, die im Geld (in the money) landen, gibt es bei optionFair Gewinn-Auszahlungen bis 85%. Dies ist etwa bei EUR\/USD und anderen Devisen der Fall. Ist die Option nicht im Geld (OTM), dann erh\u00e4lt man bis zu 15% des eingesetzten Betrags zur\u00fcck. Klickt man in der Handelssoftware auf einen Wert, sieht man sofort die Auszahlungen ITM\/OTM. Weil die Auszahlungsquoten \u00e4ndern k\u00f6nnen und weil unterschiedliche Werte unterschiedliche Quoten haben, sollte man die Quoten vor dem Kauf einer Option nochmals genau pr\u00fcfen. Die Angaben zu \u201eIm Geld\u201c und \u201eAus dem Geld\u201c werden gut sichtbar auf der Trading-Plattform angezeigt.<\/p>\n<h2>Mindesteinzahlung und Ein-\/Auszahlungsm\u00f6glichkeiten<\/h2>\n<p>Die Mindesteinzahlung via Kreditkarte oder via Skrill (ehemals Moneybookers) bei optionFair betr\u00e4gt 200$ (oder 200\u20ac, falls Sie den Euro als Kontow\u00e4hrung gew\u00e4hlt haben). Dies ist im Vergleich zu anderen Brokern durchschnittlich und unserer Meinung nach noch ein akzeptabler Betrag f\u00fcr Einsteiger. Andere Einzahlungsm\u00f6glichkeiten weisen h\u00f6here Mindestbetr\u00e4ge auf (Bank\u00fcberweisung: 500$, Western Union: 1500$).<\/p>\n<p>F\u00fcr Auszahlungen betr\u00e4gt das Minimum tiefe 100$. Auszahlungen m\u00fcssen aus Sicherheitsgr\u00fcnden auf dieselbe Quelle transferiert werden, von der die Einzahlung stammte. Ist dies nicht m\u00f6glich, dann werden die Gewinne auf das Bankkonto des Traders \u00fcberwiesen.<\/p>\n<p>Im Vergleich bietet optionFair eine breite Auswahl an Einzahlungsm\u00f6glichkeiten an: Kreditkarte (Visa, Mastercard, Liberty Reserve, Western Union, Bank\u00fcberweisung und das beliebte Moneybookers (neu: Skrill) sind nur einige der M\u00f6glichkeiten zur Einzahlung\/Auszahlung.<\/p>\n<h2>Kundendienst von optionFair<\/h2>\n<p>optionFair bietet eine ausf\u00fchrliche online Hilfefunktion an. Obwohl die Trading-Software deutsch ist, wurde allerdings noch nicht alles in den FAQs \u00fcbersetzt. Der Chat-Support wird momentan in sieben verschiedenen Sprachen angeboten, wobei allerdings deutsch noch nicht dazu geh\u00f6rt. Daf\u00fcr kann der Kundendienst via E-Mail oder auch mittels Telefon (+49 69257378834) in deutscher Sprache erreicht werden.<\/p>\n<h2>optionFair Bonus<\/h2>\n<p>optionFair bietet einen Bonus von bis zu 30% auf der ersten Einzahlung an. Dieser Bonus wird allerdings nicht aktiv beworben. Unsere Empfehlung f\u00fcr neue Trader lautet deswegen, nach der Kontoer\u00f6ffnung, aber vor der ersten Einzahlung mit dem Kundendienst von optionFair Kontakt aufzunehmen und den Bonus so anzufordern.<\/p>\n<h2>Fazit<\/h2>\n<p>optionFair ist eine sehr gute Wahl, wenn man in den Handel mit bin\u00e4ren Optionen einsteigen will. Der Handel ist sehr einfach zu erlernen und die Auszahlungen sind mit bis zu 85% Gewinn hoch. Dank dem tiefen Mindesteinsatz von 25$ kann man hier auch mit geringen Betr\u00e4gen in das spannende Feld von Bin\u00e4roptionen einsteigen.<\/p>\n<p style=\"text-align: center\"><a class=\"gocta\" href=\"https:\/\/www.mcbinary.com\/de\/link\/optionfair\" rel=\"nofollow\">\u00dcberzeugen Sie sich jetzt selbst von optionFair &gt;&gt;<\/a><\/p>\n<p>&nbsp;<\/p>\n<div class=\"message_karma_silver colored_box\" style=\"font-size:16px;\"><div><strong>Gesamtbewertung<\/strong><\/div>\n<div>\n<div>\nBewertet durch: <span>McBinary.com<\/span><\/div>\n<div>\n<span>optionFair<\/span><\/div>\n<div><span style=\"color: #ffff00\">&#9733;&#9733;&#9733;&#9733;&#9734;<\/span>&nbsp; (<span>4<\/span> \/ <span>5<\/span>)<\/div>\n<\/div>\n<\/div><br class=\"clear\" \/><p>&nbsp;<\/p>\n","protected":false},"excerpt":{"rendered":"<p>optionFair ist einer der weltweit f\u00fchrenden Broker f\u00fcr Bin\u00e4re Optionen. Die Webseite und die Trading-Software sind in deutscher Sprache verf\u00fcgbar, was ein grosser Vorteil f\u00fcr Trader aus Deutschland ist.<br \/>\nDer Broker ist Teil der Mika Holding, welche im Besitz von einer Gruppe von erfahrenden Investoren aus den Bereichen Devisen- und Aktienhandel ist. W\u00e4hrend die Mika Holding ihren Sitz auf den British Virgin Islands hat, verf\u00fcgt optionFair \u00fcber eine Niederlassung in der EU, auf Zypern.<br \/>\nWie alle Anbieter von digitalen Optionen &#8230;<\/p>\n","protected":false},"author":1,"featured_media":0,"parent":9,"menu_order":0,"comment_status":"open","ping_status":"open","template":"","meta":[],"yoast_head":"<!-- This site is optimized with the Yoast SEO plugin v19.0 - https:\/\/yoast.com\/wordpress\/plugins\/seo\/ -->\n<title>optionFair Test -<\/title>\n<meta name=\"robots\" content=\"index, follow, max-snippet:-1, max-image-preview:large, max-video-preview:-1\" \/>\n<link rel=\"canonical\" href=\"https:\/\/www.mcbinary.com\/de\/optionen-broker\/optionfair\/\" \/>\n<meta property=\"og:locale\" content=\"en_US\" \/>\n<meta property=\"og:type\" content=\"article\" \/>\n<meta property=\"og:title\" content=\"optionFair Test -\" \/>\n<meta property=\"og:description\" content=\"optionFair ist einer der weltweit f\u00fchrenden Broker f\u00fcr Bin\u00e4re Optionen. Die Webseite und die Trading-Software sind in deutscher Sprache verf\u00fcgbar, was ein grosser Vorteil f\u00fcr Trader aus Deutschland ist. Der Broker ist Teil der Mika Holding, welche im Besitz von einer Gruppe von erfahrenden Investoren aus den Bereichen Devisen- und Aktienhandel ist. W\u00e4hrend die Mika Holding ihren Sitz auf den British Virgin Islands hat, verf\u00fcgt optionFair \u00fcber eine Niederlassung in der EU, auf Zypern. Wie alle Anbieter von digitalen Optionen ...\" \/>\n<meta property=\"og:url\" content=\"https:\/\/www.mcbinary.com\/de\/optionen-broker\/optionfair\/\" \/>\n<meta property=\"og:site_name\" content=\"Mc Binary\" \/>\n<meta property=\"article:modified_time\" content=\"2015-11-24T22:52:31+00:00\" \/>\n<meta property=\"og:image\" content=\"https:\/\/www.mcbinary.com\/de\/wp-content\/uploads\/2012\/06\/webseite-optionfair-300x204.jpg\" \/>\n<meta name=\"twitter:label1\" content=\"Est. reading time\" \/>\n\t<meta name=\"twitter:data1\" content=\"4 minutes\" \/>\n<script type=\"application\/ld+json\" class=\"yoast-schema-graph\">{\"@context\":\"https:\/\/schema.org\",\"@graph\":[{\"@type\":\"WebSite\",\"@id\":\"https:\/\/www.mcbinary.com\/de\/#website\",\"url\":\"https:\/\/www.mcbinary.com\/de\/\",\"name\":\"Mc Binary\",\"description\":\"Alles zum Thema Bin\u00e4re Optionen\",\"potentialAction\":[{\"@type\":\"SearchAction\",\"target\":{\"@type\":\"EntryPoint\",\"urlTemplate\":\"https:\/\/www.mcbinary.com\/de\/?s={search_term_string}\"},\"query-input\":\"required name=search_term_string\"}],\"inLanguage\":\"en-US\"},{\"@type\":\"ImageObject\",\"inLanguage\":\"en-US\",\"@id\":\"https:\/\/www.mcbinary.com\/de\/optionen-broker\/optionfair\/#primaryimage\",\"url\":\"https:\/\/www.mcbinary.com\/de\/wp-content\/uploads\/2012\/06\/webseite-optionfair.jpg\",\"contentUrl\":\"https:\/\/www.mcbinary.com\/de\/wp-content\/uploads\/2012\/06\/webseite-optionfair.jpg\",\"width\":\"999\",\"height\":\"680\"},{\"@type\":\"WebPage\",\"@id\":\"https:\/\/www.mcbinary.com\/de\/optionen-broker\/optionfair\/#webpage\",\"url\":\"https:\/\/www.mcbinary.com\/de\/optionen-broker\/optionfair\/\",\"name\":\"optionFair Test -\",\"isPartOf\":{\"@id\":\"https:\/\/www.mcbinary.com\/de\/#website\"},\"primaryImageOfPage\":{\"@id\":\"https:\/\/www.mcbinary.com\/de\/optionen-broker\/optionfair\/#primaryimage\"},\"datePublished\":\"2015-11-24T08:25:26+00:00\",\"dateModified\":\"2015-11-24T22:52:31+00:00\",\"breadcrumb\":{\"@id\":\"https:\/\/www.mcbinary.com\/de\/optionen-broker\/optionfair\/#breadcrumb\"},\"inLanguage\":\"en-US\",\"potentialAction\":[{\"@type\":\"ReadAction\",\"target\":[\"https:\/\/www.mcbinary.com\/de\/optionen-broker\/optionfair\/\"]}]},{\"@type\":\"BreadcrumbList\",\"@id\":\"https:\/\/www.mcbinary.com\/de\/optionen-broker\/optionfair\/#breadcrumb\",\"itemListElement\":[{\"@type\":\"ListItem\",\"position\":1,\"name\":\"Home\",\"item\":\"https:\/\/www.mcbinary.com\/de\/\"},{\"@type\":\"ListItem\",\"position\":2,\"name\":\"Bin\u00e4re Optionen Broker: Test \u00dcbersicht\",\"item\":\"https:\/\/www.mcbinary.com\/de\/optionen-broker\/\"},{\"@type\":\"ListItem\",\"position\":3,\"name\":\"optionFair Test\"}]}]}<\/script>\n<!-- \/ Yoast SEO plugin. -->","yoast_head_json":{"title":"optionFair Test -","robots":{"index":"index","follow":"follow","max-snippet":"max-snippet:-1","max-image-preview":"max-image-preview:large","max-video-preview":"max-video-preview:-1"},"canonical":"https:\/\/www.mcbinary.com\/de\/optionen-broker\/optionfair\/","og_locale":"en_US","og_type":"article","og_title":"optionFair Test -","og_description":"optionFair ist einer der weltweit f\u00fchrenden Broker f\u00fcr Bin\u00e4re Optionen. Die Webseite und die Trading-Software sind in deutscher Sprache verf\u00fcgbar, was ein grosser Vorteil f\u00fcr Trader aus Deutschland ist. Der Broker ist Teil der Mika Holding, welche im Besitz von einer Gruppe von erfahrenden Investoren aus den Bereichen Devisen- und Aktienhandel ist. W\u00e4hrend die Mika Holding ihren Sitz auf den British Virgin Islands hat, verf\u00fcgt optionFair \u00fcber eine Niederlassung in der EU, auf Zypern. Wie alle Anbieter von digitalen Optionen ...","og_url":"https:\/\/www.mcbinary.com\/de\/optionen-broker\/optionfair\/","og_site_name":"Mc Binary","article_modified_time":"2015-11-24T22:52:31+00:00","og_image":[{"url":"https:\/\/www.mcbinary.com\/de\/wp-content\/uploads\/2012\/06\/webseite-optionfair-300x204.jpg"}],"twitter_misc":{"Est. reading time":"4 minutes"},"schema":{"@context":"https:\/\/schema.org","@graph":[{"@type":"WebSite","@id":"https:\/\/www.mcbinary.com\/de\/#website","url":"https:\/\/www.mcbinary.com\/de\/","name":"Mc Binary","description":"Alles zum Thema Bin\u00e4re Optionen","potentialAction":[{"@type":"SearchAction","target":{"@type":"EntryPoint","urlTemplate":"https:\/\/www.mcbinary.com\/de\/?s={search_term_string}"},"query-input":"required name=search_term_string"}],"inLanguage":"en-US"},{"@type":"ImageObject","inLanguage":"en-US","@id":"https:\/\/www.mcbinary.com\/de\/optionen-broker\/optionfair\/#primaryimage","url":"https:\/\/www.mcbinary.com\/de\/wp-content\/uploads\/2012\/06\/webseite-optionfair.jpg","contentUrl":"https:\/\/www.mcbinary.com\/de\/wp-content\/uploads\/2012\/06\/webseite-optionfair.jpg","width":"999","height":"680"},{"@type":"WebPage","@id":"https:\/\/www.mcbinary.com\/de\/optionen-broker\/optionfair\/#webpage","url":"https:\/\/www.mcbinary.com\/de\/optionen-broker\/optionfair\/","name":"optionFair Test -","isPartOf":{"@id":"https:\/\/www.mcbinary.com\/de\/#website"},"primaryImageOfPage":{"@id":"https:\/\/www.mcbinary.com\/de\/optionen-broker\/optionfair\/#primaryimage"},"datePublished":"2015-11-24T08:25:26+00:00","dateModified":"2015-11-24T22:52:31+00:00","breadcrumb":{"@id":"https:\/\/www.mcbinary.com\/de\/optionen-broker\/optionfair\/#breadcrumb"},"inLanguage":"en-US","potentialAction":[{"@type":"ReadAction","target":["https:\/\/www.mcbinary.com\/de\/optionen-broker\/optionfair\/"]}]},{"@type":"BreadcrumbList","@id":"https:\/\/www.mcbinary.com\/de\/optionen-broker\/optionfair\/#breadcrumb","itemListElement":[{"@type":"ListItem","position":1,"name":"Home","item":"https:\/\/www.mcbinary.com\/de\/"},{"@type":"ListItem","position":2,"name":"Bin\u00e4re Optionen Broker: Test \u00dcbersicht","item":"https:\/\/www.mcbinary.com\/de\/optionen-broker\/"},{"@type":"ListItem","position":3,"name":"optionFair Test"}]}]}},"_links":{"self":[{"href":"https:\/\/www.mcbinary.com\/de\/wp-json\/wp\/v2\/pages\/11"}],"collection":[{"href":"https:\/\/www.mcbinary.com\/de\/wp-json\/wp\/v2\/pages"}],"about":[{"href":"https:\/\/www.mcbinary.com\/de\/wp-json\/wp\/v2\/types\/page"}],"author":[{"embeddable":true,"href":"https:\/\/www.mcbinary.com\/de\/wp-json\/wp\/v2\/users\/1"}],"replies":[{"embeddable":true,"href":"https:\/\/www.mcbinary.com\/de\/wp-json\/wp\/v2\/comments?post=11"}],"version-history":[{"count":34,"href":"https:\/\/www.mcbinary.com\/de\/wp-json\/wp\/v2\/pages\/11\/revisions"}],"predecessor-version":[{"id":547,"href":"https:\/\/www.mcbinary.com\/de\/wp-json\/wp\/v2\/pages\/11\/revisions\/547"}],"up":[{"embeddable":true,"href":"https:\/\/www.mcbinary.com\/de\/wp-json\/wp\/v2\/pages\/9"}],"wp:attachment":[{"href":"https:\/\/www.mcbinary.com\/de\/wp-json\/wp\/v2\/media?parent=11"}],"curies":[{"name":"wp","href":"https:\/\/api.w.org\/{rel}","templated":true}]}}