{"id":7,"date":"2012-10-10T13:07:48","date_gmt":"2012-10-10T12:07:48","guid":{"rendered":"http:\/\/www.mcbinary.com\/?page_id=6"},"modified":"2017-05-31T07:39:09","modified_gmt":"2017-05-31T06:39:09","slug":"welcome-to-mc-binary-your-binary-options-trading-resource","status":"publish","type":"page","link":"https:\/\/www.mcbinary.com\/br\/","title":{"rendered":"Mc Binary &#8211; o seu suporte no Trading de Op\u00e7\u00f5es Bin\u00e1rias"},"content":{"rendered":"<p>Na <a href=\"https:\/\/www.mcbinary.com\/br\/\">McBinary.com<\/a> voc\u00ea pode aprender tudo a respeito de op\u00e7\u00f5es bin\u00e1rias! A op\u00e7\u00e3o bin\u00e1ria \u00e9 um dos produtos financeiros mais inovadores atualmente e que qualquer pessoa pode usar. Fazer as negocia\u00e7\u00f5es \u00e9 simples, pois existem pouqu\u00edssimas op\u00e7\u00f5es poss\u00edveis: voc\u00ea pode apostar que o pre\u00e7o de um ativo subjacente subir\u00e1 ou descer\u00e1 em um curto espa\u00e7o de tempo. Com esse tipo de aposta, \u00e9 poss\u00edvel obter retorno de at\u00e9 90%! \u00c9 por isso que as op\u00e7\u00f5es bin\u00e1rias oferecem rendimentos potencialmente altos em curto espa\u00e7o de tempo &#8211; existem tamb\u00e9m negocia\u00e7\u00f5es de 60 segundos. H\u00e1 muitas oportunidades para voc\u00ea obter rendimentos elevados que n\u00e3o existiam at\u00e9 agora!<\/p>\n<p style=\"text-align: center;\"><a class=\"gocta\" href=\"https:\/\/www.mcbinary.com\/br\/link\/iqoption\" rel=\"nofollow\">Visite a IQ Option agora, a maior plataforma de op\u00e7\u00f5es bin\u00e1rias do mundo&gt;&gt;<\/a><br \/>\n<i>AVISO DE RISCO: INVESTIR ENVOLVE UM ALTO GRAU DE RISCO<\/i>\n<\/p>\n<h2>Comparando corretoras de op\u00e7\u00f5es bin\u00e1rias<\/h2>\n<p>A miss\u00e3o da McBinary.com \u00e9 apresentar detalhadamente as melhores corretoras e compar\u00e1-las para voc\u00ea. N\u00e3o confie em qualquer corretora, mas compare-as e escolha aquela que se ajusta melhor aos seus objetivos.<br \/>\nEmbora o mercado esteja saturado e o fato de que a cada semana novas corretoras entram no trading de op\u00e7\u00f5es bin\u00e1rias, \u00e9 importante n\u00e3o escolher uma corretora simplesmente por escolher. Existem corretoras que s\u00e3o realmente piores que outras em termos de payouts. Essas corretoras t\u00eam de oferecer muita coisa para compensar por tamanha desvantagem. Porque no fim do dia, a \u00fanica coisa que conta \u00e9 o rendimento do investimento (ROI), que \u00e9 influenciado intensamente pela estrutura do payout. Portanto, torne seus lucros mais poss\u00edveis escolhendo uma corretora que ofere\u00e7a um bom percentual de payout.<\/p>\n<p>Obviamente, este n\u00e3o \u00e9 o \u00fanico crit\u00e9rio. Uma corretora com alto percentual de payout, mas que oferece um p\u00e9ssimo servi\u00e7o ao cliente, uma plataforma de trading dif\u00edcil de utilizar ou v\u00e1rios obst\u00e1culos na hora de retirar os seus fundos s\u00e3o exemplos de escolha errada.<\/p>\n<h2>Trading com op\u00e7\u00f5es bin\u00e1rias<\/h2>\n<p>Uma vez que voc\u00ea encontrou a corretora certa, s\u00f3 h\u00e1 uma coisa com a qual se preocupar: com o seu lucro. \u00c9 verdade que o trading on-line \u00e9 tamb\u00e9m diferente e muito emocionante. Mas cada trader deseja obter lucro.<\/p>\n<p>Na McBinary.com, voc\u00ea encontra tudo que precisa para tornar-se um trader profissional. Se voc\u00ea ainda est\u00e1 come\u00e7ando, n\u00f3s mostraremos como dar os primeiros passos, como realizar a sua primeira negocia\u00e7\u00e3o, que tipo de op\u00e7\u00f5es pode-se escolher, quais s\u00e3o as vantagens das op\u00e7\u00f5es bin\u00e1rias, etc&#8230;Para traders experientes, discutiremos nos nossos artigos sobre estrat\u00e9gia quais s\u00e3o as diferen\u00e7as entre o Forex, as a\u00e7\u00f5es, os \u00edndices e as commodities. Essas quatro categorias de ativos s\u00e3o aquelas que, em geral, podem ser negociadas por uma corretora de op\u00e7\u00f5es bin\u00e1rias. Esteja ciente do fato de que existem algumas diferen\u00e7as fundamentais entre essas categorias de ativos. Na McBinary.com, tamb\u00e9m \u00e9 poss\u00edvel encontrar artigos a respeito de gerenciamento de riscos e no\u00e7\u00f5es b\u00e1sicas sobre an\u00e1lises fundamentalista e t\u00e9cnica.<\/p>\n","protected":false},"excerpt":{"rendered":"<p>Na McBinary.com voc\u00ea pode aprender tudo a respeito de op\u00e7\u00f5es bin\u00e1rias! A op\u00e7\u00e3o bin\u00e1ria \u00e9 um dos produtos financeiros mais inovadores atualmente e que qualquer pessoa pode usar. Fazer as negocia\u00e7\u00f5es \u00e9 simples, pois existem pouqu\u00edssimas op\u00e7\u00f5es poss\u00edveis: voc\u00ea pode apostar que o pre\u00e7o de um ativo subjacente subir\u00e1 ou descer\u00e1 em um curto espa\u00e7o de tempo. Com esse tipo de aposta, \u00e9 poss\u00edvel obter retorno de at\u00e9 90%! \u00c9 por isso que as op\u00e7\u00f5es bin\u00e1rias oferecem rendimentos potencialmente altos &#8230;<\/p>\n","protected":false},"author":1,"featured_media":0,"parent":0,"menu_order":0,"comment_status":"open","ping_status":"open","template":"","meta":[],"yoast_head":"<!-- This site is optimized with the Yoast SEO plugin v19.0 - https:\/\/yoast.com\/wordpress\/plugins\/seo\/ -->\n<title>O seu suporte no Trading de Op\u00e7\u00f5es Bin\u00e1rias<\/title>\n<meta name=\"description\" content=\"Na McBinary voc\u00ea pode se informar a respeito do trading de op\u00e7\u00f5es bin\u00e1rias, aprender estrat\u00e9gias e ler avalia\u00e7\u00f5es sobre as melhores corretoras.\" \/>\n<meta name=\"robots\" content=\"index, follow, max-snippet:-1, max-image-preview:large, max-video-preview:-1\" \/>\n<link rel=\"canonical\" href=\"https:\/\/www.mcbinary.com\/br\/\" \/>\n<meta property=\"og:locale\" content=\"en_US\" \/>\n<meta property=\"og:type\" content=\"article\" \/>\n<meta property=\"og:title\" content=\"O seu suporte no Trading de Op\u00e7\u00f5es Bin\u00e1rias\" \/>\n<meta property=\"og:description\" content=\"Na McBinary voc\u00ea pode se informar a respeito do trading de op\u00e7\u00f5es bin\u00e1rias, aprender estrat\u00e9gias e ler avalia\u00e7\u00f5es sobre as melhores corretoras.\" \/>\n<meta property=\"og:url\" content=\"https:\/\/www.mcbinary.com\/br\/\" \/>\n<meta property=\"og:site_name\" content=\"Mc Binary\" \/>\n<meta property=\"article:modified_time\" content=\"2017-05-31T06:39:09+00:00\" \/>\n<meta name=\"twitter:label1\" content=\"Est. reading time\" \/>\n\t<meta name=\"twitter:data1\" content=\"3 minutes\" \/>\n<script type=\"application\/ld+json\" class=\"yoast-schema-graph\">{\"@context\":\"https:\/\/schema.org\",\"@graph\":[{\"@type\":\"WebSite\",\"@id\":\"https:\/\/www.mcbinary.com\/br\/#website\",\"url\":\"https:\/\/www.mcbinary.com\/br\/\",\"name\":\"Mc Binary\",\"description\":\"O seu suporte no Trading de Op\u00e7\u00f5es\",\"potentialAction\":[{\"@type\":\"SearchAction\",\"target\":{\"@type\":\"EntryPoint\",\"urlTemplate\":\"https:\/\/www.mcbinary.com\/br\/?s={search_term_string}\"},\"query-input\":\"required name=search_term_string\"}],\"inLanguage\":\"en-US\"},{\"@type\":\"WebPage\",\"@id\":\"https:\/\/www.mcbinary.com\/br\/#webpage\",\"url\":\"https:\/\/www.mcbinary.com\/br\/\",\"name\":\"O seu suporte no Trading de Op\u00e7\u00f5es Bin\u00e1rias\",\"isPartOf\":{\"@id\":\"https:\/\/www.mcbinary.com\/br\/#website\"},\"datePublished\":\"2012-10-10T12:07:48+00:00\",\"dateModified\":\"2017-05-31T06:39:09+00:00\",\"description\":\"Na McBinary voc\u00ea pode se informar a respeito do trading de op\u00e7\u00f5es bin\u00e1rias, aprender estrat\u00e9gias e ler avalia\u00e7\u00f5es sobre as melhores corretoras.\",\"breadcrumb\":{\"@id\":\"https:\/\/www.mcbinary.com\/br\/#breadcrumb\"},\"inLanguage\":\"en-US\",\"potentialAction\":[{\"@type\":\"ReadAction\",\"target\":[\"https:\/\/www.mcbinary.com\/br\/\"]}]},{\"@type\":\"BreadcrumbList\",\"@id\":\"https:\/\/www.mcbinary.com\/br\/#breadcrumb\",\"itemListElement\":[{\"@type\":\"ListItem\",\"position\":1,\"name\":\"Home\",\"item\":\"https:\/\/www.mcbinary.com\/br\/\"},{\"@type\":\"ListItem\",\"position\":2,\"name\":\"Mc Binary &#8211; o seu suporte no Trading de Op\u00e7\u00f5es Bin\u00e1rias\"}]}]}<\/script>\n<!-- \/ Yoast SEO plugin. -->","yoast_head_json":{"title":"O seu suporte no Trading de Op\u00e7\u00f5es Bin\u00e1rias","description":"Na McBinary voc\u00ea pode se informar a respeito do trading de op\u00e7\u00f5es bin\u00e1rias, aprender estrat\u00e9gias e ler avalia\u00e7\u00f5es sobre as melhores corretoras.","robots":{"index":"index","follow":"follow","max-snippet":"max-snippet:-1","max-image-preview":"max-image-preview:large","max-video-preview":"max-video-preview:-1"},"canonical":"https:\/\/www.mcbinary.com\/br\/","og_locale":"en_US","og_type":"article","og_title":"O seu suporte no Trading de Op\u00e7\u00f5es Bin\u00e1rias","og_description":"Na McBinary voc\u00ea pode se informar a respeito do trading de op\u00e7\u00f5es bin\u00e1rias, aprender estrat\u00e9gias e ler avalia\u00e7\u00f5es sobre as melhores corretoras.","og_url":"https:\/\/www.mcbinary.com\/br\/","og_site_name":"Mc Binary","article_modified_time":"2017-05-31T06:39:09+00:00","twitter_misc":{"Est. reading time":"3 minutes"},"schema":{"@context":"https:\/\/schema.org","@graph":[{"@type":"WebSite","@id":"https:\/\/www.mcbinary.com\/br\/#website","url":"https:\/\/www.mcbinary.com\/br\/","name":"Mc Binary","description":"O seu suporte no Trading de Op\u00e7\u00f5es","potentialAction":[{"@type":"SearchAction","target":{"@type":"EntryPoint","urlTemplate":"https:\/\/www.mcbinary.com\/br\/?s={search_term_string}"},"query-input":"required name=search_term_string"}],"inLanguage":"en-US"},{"@type":"WebPage","@id":"https:\/\/www.mcbinary.com\/br\/#webpage","url":"https:\/\/www.mcbinary.com\/br\/","name":"O seu suporte no Trading de Op\u00e7\u00f5es Bin\u00e1rias","isPartOf":{"@id":"https:\/\/www.mcbinary.com\/br\/#website"},"datePublished":"2012-10-10T12:07:48+00:00","dateModified":"2017-05-31T06:39:09+00:00","description":"Na McBinary voc\u00ea pode se informar a respeito do trading de op\u00e7\u00f5es bin\u00e1rias, aprender estrat\u00e9gias e ler avalia\u00e7\u00f5es sobre as melhores corretoras.","breadcrumb":{"@id":"https:\/\/www.mcbinary.com\/br\/#breadcrumb"},"inLanguage":"en-US","potentialAction":[{"@type":"ReadAction","target":["https:\/\/www.mcbinary.com\/br\/"]}]},{"@type":"BreadcrumbList","@id":"https:\/\/www.mcbinary.com\/br\/#breadcrumb","itemListElement":[{"@type":"ListItem","position":1,"name":"Home","item":"https:\/\/www.mcbinary.com\/br\/"},{"@type":"ListItem","position":2,"name":"Mc Binary &#8211; o seu suporte no Trading de Op\u00e7\u00f5es Bin\u00e1rias"}]}]}},"_links":{"self":[{"href":"https:\/\/www.mcbinary.com\/br\/wp-json\/wp\/v2\/pages\/7"}],"collection":[{"href":"https:\/\/www.mcbinary.com\/br\/wp-json\/wp\/v2\/pages"}],"about":[{"href":"https:\/\/www.mcbinary.com\/br\/wp-json\/wp\/v2\/types\/page"}],"author":[{"embeddable":true,"href":"https:\/\/www.mcbinary.com\/br\/wp-json\/wp\/v2\/users\/1"}],"replies":[{"embeddable":true,"href":"https:\/\/www.mcbinary.com\/br\/wp-json\/wp\/v2\/comments?post=7"}],"version-history":[{"count":7,"href":"https:\/\/www.mcbinary.com\/br\/wp-json\/wp\/v2\/pages\/7\/revisions"}],"predecessor-version":[{"id":837,"href":"https:\/\/www.mcbinary.com\/br\/wp-json\/wp\/v2\/pages\/7\/revisions\/837"}],"wp:attachment":[{"href":"https:\/\/www.mcbinary.com\/br\/wp-json\/wp\/v2\/media?parent=7"}],"curies":[{"name":"wp","href":"https:\/\/api.w.org\/{rel}","templated":true}]}}