{"id":358,"date":"2015-05-24T12:52:45","date_gmt":"2015-05-24T11:52:45","guid":{"rendered":"http:\/\/www.mcbinary.com\/br\/?page_id=358"},"modified":"2018-01-31T15:52:31","modified_gmt":"2018-01-31T14:52:31","slug":"bancdeswiss","status":"publish","type":"page","link":"https:\/\/www.mcbinary.com\/br\/corretoras-opcoes\/bancdeswiss\/","title":{"rendered":"Avalia\u00e7\u00e3o da BDSwiss"},"content":{"rendered":"<p>A BDSwiss \u00e9 uma corretora alem\u00e3 que est\u00e1 crescendo muito. Seu objetivo principal \u00e9 atingir os pa\u00edses de l\u00edngua alem\u00e3. No entanto, ela oferece tamb\u00e9m uma plataforma de trading e um site em ingl\u00eas e n\u00e3o h\u00e1 qualquer motivo para n\u00e3o tirar proveito de sua op\u00e7\u00e3o oferecida em l\u00edngua n\u00e3o alem\u00e3.<\/p>\n<p>Como a maior parte das outras corretoras, a BDSwiss \u00e9 uma das mais jovens no setor. Isso torna seu crescimento e expans\u00e3o ainda mais incr\u00edveis. A BDSwiss \u00e9 uma corretora com objetivo claro e foco em seus clientes. Ela oferece um excelente suporte atrav\u00e9s de chat ao vivo, Skype, telefone e e-mail, e voc\u00ea n\u00e3o precisa esperar horas para resolver um problema. A BDS Markets \u00e9 autorizada e regulada pela Comiss\u00e3o de Servi\u00e7os Financeiros de Maur\u00edcia (a \u201cCSF\u201d licen\u00e7a n.\u00ba C116016172). <\/p>\n<p style=\"text-align: center\"><a class=\"gocta\" href=\"https:\/\/www.mcbinary.com\/br\/link\/bancdeswiss\" rel=\"nofollow\">Clique aqui para cadastrar-se na BDSwiss agora mesmo!<\/a><\/p>\n<p><center><em>(O seu capital est\u00e1 em risco)<\/em><\/center><\/p>\n<h2>Plataforma de Trading<\/h2>\n<p>A BDSwiss opera na plataforma SpotOption e n\u00e3o \u00e9 a \u00fanica. Existem muitas corretoras grandes que confiam na SpotOption. A Banc de Binary \u00e9 o melhor exemplo disso e \u00e9 uma das maiores corretoras do mundo. O que \u00e9 bom na plataforma SpotOption \u00e9 a sua facilidade de uso na navega\u00e7\u00e3o, al\u00e9m de ser bem intuitiva. Existem mais de 175 ativos com os quais operar!<\/p>\n<p>Tamb\u00e9m \u00e9 poss\u00edvel passar \u00e0 modalidade \u201cPro Trder\u201d na BDSwiss, o que lhe dar\u00e1 a possibilidade de fazer an\u00e1lises t\u00e9cnicas como um profissional. Voc\u00ea tem muitos instrumentos e indicadores para analisar os gr\u00e1ficos e isso servir\u00e1 de ajuda para tomar a decis\u00e3o certa durante a realiza\u00e7\u00e3o do trading.<\/p>\n<p>A BDSwiss est\u00e1 atualmente desenvolvendo uma plataforma para o trading m\u00f3vel para iPhone, iPad, Android e tablets. N\u00e3o ser\u00e1 necess\u00e1rio muito tempo para que\u00a0surja\u00a0um aplicativo para iPhone e um aplicativo web que funcione independentemente do sistema operacional.<\/p>\n<h2>Tipos de negocia\u00e7\u00e3o<\/h2>\n<p>Na BDSwiss \u00e9 poss\u00edvel negociar v\u00e1rios tipos de op\u00e7\u00f5es. Al\u00e9m das op\u00e7\u00f5es high\/low comuns, voc\u00ea poder\u00e1 negociar com op\u00e7\u00f5es touch ou criar sua pr\u00f3pria op\u00e7\u00e3o atrav\u00e9s do OptionBuilder.<\/p>\n<h2>Dura\u00e7\u00e3o<\/h2>\n<p>Na BDSwiss \u00e9 poss\u00edvel negociar tamb\u00e9m op\u00e7\u00f5es de 60 segundos, por conta da possibilidade de negociar uma s\u00e9rie de op\u00e7\u00f5es em um curto per\u00edodo de tempo. As op\u00e7\u00f5es de 60 segundos est\u00e3o se tornando cada vez mais populares nos dias de hoje. Al\u00e9m das op\u00e7\u00f5es r\u00e1pidas, a maior parte das op\u00e7\u00f5es vence entre 15 e 60 minutos.<\/p>\n<h2>Quantia m\u00ednima por op\u00e7\u00e3o<\/h2>\n<p>A quantia m\u00ednima de op\u00e7\u00e3o com a BDSwiss \u00e9 de somente 5 euros &#8211; o que n\u00e3o \u00e9 nada, se compararmos \u00e0 maior parte das outras corretoras! E \u00e9 tamb\u00e9m ideal aos traders iniciantes que desejam operar comodamente com pouco dinheiro. Al\u00e9m disso, se eles depositarem somente 100 euros, poder\u00e3o adquirir 20 op\u00e7\u00f5es em \u00faltimo caso com esta quantia m\u00ednima. Outras corretoras, como a Anyoption, encorajam os traders a realizar negocia\u00e7\u00f5es com quantias m\u00ednimas superiores com o mesmo dep\u00f3sito.<\/p>\n<h2>Ativos<\/h2>\n<p>Como mencionamos antes, a BDSwiss oferece mais de 175 ativos no momento. \u00c9 bastante coisa! Voc\u00ea pode operar com diferentes moedas, a\u00e7\u00f5es, \u00edndices e commodities.<\/p>\n<h2>Percentual de Payout (In The Money \/ Out of The Money)<\/h2>\n<p>Quando as op\u00e7\u00f5es vencem in the money (ITM) a BDSwiss paga at\u00e9 85%. N\u00e3o h\u00e1 nenhuma reembolso para as op\u00e7\u00f5es que vencem out of the money. Em geral, a BDSwiss \u00e9 a melhor corretora em termos de payout, e existem algumas corretoras que pagam em m\u00e9dia um pouco mais. Mas este fato pode ser desconsiderado quando voc\u00ea leva em conta o suporte ao cliente de alt\u00edssima qualidade, a reputa\u00e7\u00e3o e a plataforma deles, que \u00e9 excelente.<\/p>\n<h2>Dep\u00f3sito m\u00ednimo e retirada<\/h2>\n<p>O dep\u00f3sito m\u00ednimo \u00e9 de $100, o que \u00e9, claramente, abaixo da m\u00e9dia. Isso porque esta corretora \u00e9 uma \u00f3tima escolha para os traders iniciantes que n\u00e3o querem arriscar altas quantias. Isso \u00e9 particularmente verdadeiro se voc\u00ea considerar que s\u00f3 existe uma quantia m\u00ednima de op\u00e7\u00f5es de $5.<\/p>\n<p>Para depositar ou retirar na BDSwiss, \u00e9 poss\u00edvel escolher entre transfer\u00eancia banc\u00e1ria, cart\u00e3o de cr\u00e9dito (Visa e Mastercard) e Skrill (Moneybookers).<\/p>\n<h2>Suporte ao cliente no BDSwiss<\/h2>\n<p>O suporte ao cliente \u00e9 excelente na BDSwiss e esse \u00e9, sem d\u00favida, o forte da corretora. O suporte ao cliente \u00e9 \u00e1gil, educado, quase sempre acess\u00edvel e resolve os problemas rapidamente. \u00c9 poss\u00edvel contatar o suporte ao cliente atrav\u00e9s de e-mail, chat ao vivo, Skype e telefone. Todos os canais poss\u00edveis.<\/p>\n<h2>Conclus\u00f5es<\/h2>\n<p>A nossa conclus\u00e3o \u00e9 bem clara: A BDSwiss \u00e9 uma das maiores corretoras e est\u00e1 em r\u00e1pida ascens\u00e3o. E existem boas raz\u00f5es para isso. A empresa concentra-se completamente em seus traders e oferece suporte de qualidade superior a eles. \u00c9 tamb\u00e9m preparada para traders principiantes por conta do dep\u00f3sito m\u00ednimo baixo e da quantia de op\u00e7\u00e3o m\u00ednima de somente $100 e $5, respectivamente. A plataforma SpotOption oferece uma s\u00e9rie de oportunidades de trading, como op\u00e7\u00f5es de 60 segundos, OptionBuilder e Pro Trader para analisar e operar como um profissional.<\/p>\n<p style=\"text-align: center\"><a class=\"gocta\" href=\"https:\/\/www.mcbinary.com\/br\/link\/bancdeswiss\" rel=\"nofollow\">Acesse agora mesmo o software de trading da BDSwiss &gt;&gt;<\/a><\/p>\n<p><center><em>(O seu capital est\u00e1 em risco)<\/em><\/center><\/p>\n<div class=\"message_karma_silver colored_box\" style=\"font-size:16px;\"><div><strong>Avalia\u00e7\u00e3o<\/strong><\/div>\n<div>\n<div>Avalia\u00e7\u00e3o feita por: McBinary.com<\/div>\n<div>BDSwiss<\/div>\n<div><span style=\"color: #ffff00\">\u2605\u2605\u2605\u2605\u2606<\/span>\u00a0 (4 \/ 5)<\/div>\n<\/div>\n<\/div><br class=\"clear\" \/>","protected":false},"excerpt":{"rendered":"<p>A BDSwiss \u00e9 uma corretora alem\u00e3 que est\u00e1 crescendo muito. Seu objetivo principal \u00e9 atingir os pa\u00edses de l\u00edngua alem\u00e3. No entanto, ela oferece tamb\u00e9m uma plataforma de trading e um site em ingl\u00eas e n\u00e3o h\u00e1 qualquer motivo para n\u00e3o tirar proveito de sua op\u00e7\u00e3o oferecida em l\u00edngua n\u00e3o alem\u00e3.<br \/>\nComo a maior parte das outras corretoras, a BDSwiss \u00e9 uma das mais jovens no setor. Isso torna seu crescimento e expans\u00e3o ainda mais incr\u00edveis. A BDSwiss \u00e9 uma &#8230;<\/p>\n","protected":false},"author":1,"featured_media":0,"parent":14,"menu_order":0,"comment_status":"open","ping_status":"open","template":"","meta":[],"yoast_head":"<!-- This site is optimized with the Yoast SEO plugin v19.0 - https:\/\/yoast.com\/wordpress\/plugins\/seo\/ -->\n<title>Avalia\u00e7\u00e3o da BDSwiss -<\/title>\n<meta name=\"robots\" content=\"index, follow, max-snippet:-1, max-image-preview:large, max-video-preview:-1\" \/>\n<link rel=\"canonical\" href=\"https:\/\/www.mcbinary.com\/br\/corretoras-opcoes\/bancdeswiss\/\" \/>\n<meta property=\"og:locale\" content=\"en_US\" \/>\n<meta property=\"og:type\" content=\"article\" \/>\n<meta property=\"og:title\" content=\"Avalia\u00e7\u00e3o da BDSwiss -\" \/>\n<meta property=\"og:description\" content=\"A BDSwiss \u00e9 uma corretora alem\u00e3 que est\u00e1 crescendo muito. Seu objetivo principal \u00e9 atingir os pa\u00edses de l\u00edngua alem\u00e3. No entanto, ela oferece tamb\u00e9m uma plataforma de trading e um site em ingl\u00eas e n\u00e3o h\u00e1 qualquer motivo para n\u00e3o tirar proveito de sua op\u00e7\u00e3o oferecida em l\u00edngua n\u00e3o alem\u00e3. Como a maior parte das outras corretoras, a BDSwiss \u00e9 uma das mais jovens no setor. Isso torna seu crescimento e expans\u00e3o ainda mais incr\u00edveis. A BDSwiss \u00e9 uma ...\" \/>\n<meta property=\"og:url\" content=\"https:\/\/www.mcbinary.com\/br\/corretoras-opcoes\/bancdeswiss\/\" \/>\n<meta property=\"og:site_name\" content=\"Mc Binary\" \/>\n<meta property=\"article:modified_time\" content=\"2018-01-31T14:52:31+00:00\" \/>\n<meta name=\"twitter:label1\" content=\"Est. reading time\" \/>\n\t<meta name=\"twitter:data1\" content=\"4 minutes\" \/>\n<script type=\"application\/ld+json\" class=\"yoast-schema-graph\">{\"@context\":\"https:\/\/schema.org\",\"@graph\":[{\"@type\":\"WebSite\",\"@id\":\"https:\/\/www.mcbinary.com\/br\/#website\",\"url\":\"https:\/\/www.mcbinary.com\/br\/\",\"name\":\"Mc Binary\",\"description\":\"O seu suporte no Trading de Op\u00e7\u00f5es\",\"potentialAction\":[{\"@type\":\"SearchAction\",\"target\":{\"@type\":\"EntryPoint\",\"urlTemplate\":\"https:\/\/www.mcbinary.com\/br\/?s={search_term_string}\"},\"query-input\":\"required name=search_term_string\"}],\"inLanguage\":\"en-US\"},{\"@type\":\"WebPage\",\"@id\":\"https:\/\/www.mcbinary.com\/br\/corretoras-opcoes\/bancdeswiss\/#webpage\",\"url\":\"https:\/\/www.mcbinary.com\/br\/corretoras-opcoes\/bancdeswiss\/\",\"name\":\"Avalia\u00e7\u00e3o da BDSwiss -\",\"isPartOf\":{\"@id\":\"https:\/\/www.mcbinary.com\/br\/#website\"},\"datePublished\":\"2015-05-24T11:52:45+00:00\",\"dateModified\":\"2018-01-31T14:52:31+00:00\",\"breadcrumb\":{\"@id\":\"https:\/\/www.mcbinary.com\/br\/corretoras-opcoes\/bancdeswiss\/#breadcrumb\"},\"inLanguage\":\"en-US\",\"potentialAction\":[{\"@type\":\"ReadAction\",\"target\":[\"https:\/\/www.mcbinary.com\/br\/corretoras-opcoes\/bancdeswiss\/\"]}]},{\"@type\":\"BreadcrumbList\",\"@id\":\"https:\/\/www.mcbinary.com\/br\/corretoras-opcoes\/bancdeswiss\/#breadcrumb\",\"itemListElement\":[{\"@type\":\"ListItem\",\"position\":1,\"name\":\"Home\",\"item\":\"https:\/\/www.mcbinary.com\/br\/\"},{\"@type\":\"ListItem\",\"position\":2,\"name\":\"Corretoras de Op\u00e7\u00f5es Bin\u00e1rias \u2013 Panoramas dos resultados de testes\",\"item\":\"https:\/\/www.mcbinary.com\/br\/corretoras-opcoes\/\"},{\"@type\":\"ListItem\",\"position\":3,\"name\":\"Avalia\u00e7\u00e3o da BDSwiss\"}]}]}<\/script>\n<!-- \/ Yoast SEO plugin. -->","yoast_head_json":{"title":"Avalia\u00e7\u00e3o da BDSwiss -","robots":{"index":"index","follow":"follow","max-snippet":"max-snippet:-1","max-image-preview":"max-image-preview:large","max-video-preview":"max-video-preview:-1"},"canonical":"https:\/\/www.mcbinary.com\/br\/corretoras-opcoes\/bancdeswiss\/","og_locale":"en_US","og_type":"article","og_title":"Avalia\u00e7\u00e3o da BDSwiss -","og_description":"A BDSwiss \u00e9 uma corretora alem\u00e3 que est\u00e1 crescendo muito. Seu objetivo principal \u00e9 atingir os pa\u00edses de l\u00edngua alem\u00e3. No entanto, ela oferece tamb\u00e9m uma plataforma de trading e um site em ingl\u00eas e n\u00e3o h\u00e1 qualquer motivo para n\u00e3o tirar proveito de sua op\u00e7\u00e3o oferecida em l\u00edngua n\u00e3o alem\u00e3. Como a maior parte das outras corretoras, a BDSwiss \u00e9 uma das mais jovens no setor. Isso torna seu crescimento e expans\u00e3o ainda mais incr\u00edveis. A BDSwiss \u00e9 uma ...","og_url":"https:\/\/www.mcbinary.com\/br\/corretoras-opcoes\/bancdeswiss\/","og_site_name":"Mc Binary","article_modified_time":"2018-01-31T14:52:31+00:00","twitter_misc":{"Est. reading time":"4 minutes"},"schema":{"@context":"https:\/\/schema.org","@graph":[{"@type":"WebSite","@id":"https:\/\/www.mcbinary.com\/br\/#website","url":"https:\/\/www.mcbinary.com\/br\/","name":"Mc Binary","description":"O seu suporte no Trading de Op\u00e7\u00f5es","potentialAction":[{"@type":"SearchAction","target":{"@type":"EntryPoint","urlTemplate":"https:\/\/www.mcbinary.com\/br\/?s={search_term_string}"},"query-input":"required name=search_term_string"}],"inLanguage":"en-US"},{"@type":"WebPage","@id":"https:\/\/www.mcbinary.com\/br\/corretoras-opcoes\/bancdeswiss\/#webpage","url":"https:\/\/www.mcbinary.com\/br\/corretoras-opcoes\/bancdeswiss\/","name":"Avalia\u00e7\u00e3o da BDSwiss -","isPartOf":{"@id":"https:\/\/www.mcbinary.com\/br\/#website"},"datePublished":"2015-05-24T11:52:45+00:00","dateModified":"2018-01-31T14:52:31+00:00","breadcrumb":{"@id":"https:\/\/www.mcbinary.com\/br\/corretoras-opcoes\/bancdeswiss\/#breadcrumb"},"inLanguage":"en-US","potentialAction":[{"@type":"ReadAction","target":["https:\/\/www.mcbinary.com\/br\/corretoras-opcoes\/bancdeswiss\/"]}]},{"@type":"BreadcrumbList","@id":"https:\/\/www.mcbinary.com\/br\/corretoras-opcoes\/bancdeswiss\/#breadcrumb","itemListElement":[{"@type":"ListItem","position":1,"name":"Home","item":"https:\/\/www.mcbinary.com\/br\/"},{"@type":"ListItem","position":2,"name":"Corretoras de Op\u00e7\u00f5es Bin\u00e1rias \u2013 Panoramas dos resultados de testes","item":"https:\/\/www.mcbinary.com\/br\/corretoras-opcoes\/"},{"@type":"ListItem","position":3,"name":"Avalia\u00e7\u00e3o da BDSwiss"}]}]}},"_links":{"self":[{"href":"https:\/\/www.mcbinary.com\/br\/wp-json\/wp\/v2\/pages\/358"}],"collection":[{"href":"https:\/\/www.mcbinary.com\/br\/wp-json\/wp\/v2\/pages"}],"about":[{"href":"https:\/\/www.mcbinary.com\/br\/wp-json\/wp\/v2\/types\/page"}],"author":[{"embeddable":true,"href":"https:\/\/www.mcbinary.com\/br\/wp-json\/wp\/v2\/users\/1"}],"replies":[{"embeddable":true,"href":"https:\/\/www.mcbinary.com\/br\/wp-json\/wp\/v2\/comments?post=358"}],"version-history":[{"count":5,"href":"https:\/\/www.mcbinary.com\/br\/wp-json\/wp\/v2\/pages\/358\/revisions"}],"predecessor-version":[{"id":857,"href":"https:\/\/www.mcbinary.com\/br\/wp-json\/wp\/v2\/pages\/358\/revisions\/857"}],"up":[{"embeddable":true,"href":"https:\/\/www.mcbinary.com\/br\/wp-json\/wp\/v2\/pages\/14"}],"wp:attachment":[{"href":"https:\/\/www.mcbinary.com\/br\/wp-json\/wp\/v2\/media?parent=358"}],"curies":[{"name":"wp","href":"https:\/\/api.w.org\/{rel}","templated":true}]}}