{"id":286,"date":"2015-11-24T16:05:35","date_gmt":"2015-11-24T15:05:35","guid":{"rendered":"http:\/\/www.mcbinary.com\/?page_id=286"},"modified":"2016-08-29T09:32:47","modified_gmt":"2016-08-29T08:32:47","slug":"anyoption","status":"publish","type":"page","link":"https:\/\/www.mcbinary.com\/br\/corretoras-opcoes\/anyoption\/","title":{"rendered":"Avalia\u00e7\u00e3o Completa da Anyoption"},"content":{"rendered":"<p>A Anyoption \u00e9 uma das corretoras de op\u00e7\u00f5es bin\u00e1rias mais antigas, apesar de ser bastante nova. Isso n\u00e3o \u00e9 exatamente uma surpresa, uma vez que toda a ind\u00fastria de op\u00e7\u00f5es bin\u00e1rias \u00e9 bastante nova. A Anyoption foi ao ar em 2008 e tem mostrado bastante \u00eaxito. A corretora cresceu at\u00e9 tornar-se uma das maiores corretoras da ind\u00fastria, ganhando v\u00e1rios pr\u00eamios pelo servi\u00e7o ao cliente e pela sua plataforma. N\u00e3o \u00e9 exagero afirmar que a Anyoption elevou o n\u00edvel do trading de op\u00e7\u00f5es bin\u00e1rias.<\/p>\n<p style=\"text-align: center\"><strong><a class=\"gocta\" href=\"https:\/\/www.mcbinary.com\/br\/link\/anyoption\" rel=\"nofollow\">Clique aqui para entrar na anyoption.com!<\/a><\/strong><\/p>\n<h2>Plataforma de trading \u2013 Como operar<\/h2>\n<p>Existe algo especial na plataforma da Anyoption: eles t\u00eam seu pr\u00f3prio software, e o mesmo foi desenvolvido por eles mesmos. A Anyotpion n\u00e3o utiliza nenhum software \u201cwhite label\u201d como a SpotOption ou a Tradologic. Assim, distingue-se das outras corretoras \u201cwhite label\u201d e fornece uma plataforma adaptada \u00e0s necessidades dos traders. E se voc\u00ea pudesse ver essa plataforma em funcionamento, notaria que fizeram um \u00f3timo trabalho em seu desenvolvimento, e que se trata de uma grande plataforma de trading.<\/p>\n<h3>Tipos de negocia\u00e7\u00e3o<\/h3>\n<p>Realizar o trading de op\u00e7\u00f5es bin\u00e1rias na Anyoption fornecer\u00e1 a voc\u00ea variadas oportunidades de investir e voc\u00ea poder\u00e1 ver qu\u00e3o inovadora essa corretora \u00e9. A Anyoption foi a primeira corretora a introduzir as \u201cop\u00e7\u00f5es +\u201d, que deu aos traders a possibilidade de vender uma op\u00e7\u00e3o antes de seu vencimento quando voc\u00ea se encontra in the money. Trata-se de um instrumento perfeito para gerenciar o risco da melhor maneira poss\u00edvel. Imagine adquirir uma op\u00e7\u00e3o \u201ccall\u201d e depois de alguns minutos as not\u00edcias fazerem o pre\u00e7o cair rapidamente. Gra\u00e7as as \u201cop\u00e7\u00f5es+\u201d voc\u00ea pode vender a sua \u201cop\u00e7\u00e3o call\u201d imediatamente e transformar um preju\u00edzo em um pequeno lucro. \u00c9 claro que este lucro ser\u00e1 inferior ao lucro que voc\u00ea poderia conseguir caso a op\u00e7\u00e3o vencesse in the money, mas ainda assim, \u00e9 uma \u00f3tima maneira de obter lucro sem risco.<\/p>\n<h3>Dura\u00e7\u00e3o<\/h3>\n<p>A Anyoption n\u00e3o possui op\u00e7\u00f5es de tempo de vencimento curto. Voc\u00ea n\u00e3o encontrar\u00e1 op\u00e7\u00f5es de 60 segundos, e o m\u00ednimo, no momento, \u00e9 de 15 minutos. Se voc\u00ea trabalha com seriedade com o trading, voc\u00ea deve reconhecer que as op\u00e7\u00f5es com tempo de vencimento curto n\u00e3o fazem muito sentido. Pode-se realizar uma negocia\u00e7\u00e3o diariamente comprando-se ativos no in\u00edcio do dia que vencer\u00e3o no fim do mesmo. Esse \u00e9 o trading di\u00e1rio por excel\u00eancia!<\/p>\n<h3>Negocia\u00e7\u00e3o m\u00ednima<\/h3>\n<p>A Anyoption \u00e9 uma corretora que se concentra nos traders principiantes, e \u00e9 por isso que o dep\u00f3sito m\u00ednimo \u00e9 de somente $100. A quantia m\u00ednima para realizar uma negocia\u00e7\u00e3o \u00e9 de $25. Este valor \u00e9 bastante baixo se comparado aos de outras corretoras, mas honestamente, deveria ser ainda mais baixo, em se tratando da melhor plataforma para traders iniciantes que desejam arriscar o m\u00ednimo poss\u00edvel. Pode-se, portanto, depositar facilmente $100, mas voc\u00ea n\u00e3o ser\u00e1 capaz de operar com conforto. Recomendamos que o dep\u00f3sito seja de no m\u00ednimo $250. Assim, ser\u00e1 poss\u00edvel operar com as op\u00e7\u00f5es m\u00ednimas de $25.<\/p>\n<h3>Telas da Anyoption<\/h3>\n<p><a href=\"https:\/\/www.mcbinary.com\/br\/link\/anyoption\" rel=\"nofollow\"><img loading=\"lazy\" class=\"aligncenter size-full wp-image-287\" title=\"Anyoption Trading Platform\" src=\"https:\/\/www.mcbinary.com\/wp-content\/uploads\/2012\/11\/Anyoption-Trading-Platform-e1353326715455.png\" alt=\"\" width=\"642\" height=\"201\" \/><\/a><\/p>\n<h2>Ativos da Anyoption<\/h2>\n<p>H\u00e1 um total de 96 ativos negoci\u00e1veis na Anyoption &#8211; s\u00e3o muitos e certamente promover\u00e3o muitas oportunidades de trading. N\u00f3s esperamos que esses ativos aumentem futuramente. Neste momento, \u00e9 poss\u00edvel negociar com todas as a\u00e7\u00f5es mais conhecidas e com os \u00edndices, assim como moedas (Forex) e commodities.<\/p>\n<h2>Payouts<\/h2>\n<p>Em termos de payouts, a Anyoption pode n\u00e3o ser a corretora mais econ\u00f4mica, mas precisamos considerar todas as vantagens que a Anyoption oferece, como a excelente plataforma de trading e um \u00f3timo suporte ao cliente. Existe tamb\u00e9m um reembolso para as op\u00e7\u00f5es que n\u00e3o vencem in the money. Isso significa que voc\u00ea obt\u00e9m um retorno do seu investimento por op\u00e7\u00e3o out of the money. Para as op\u00e7\u00f5es in the money, o lucro \u00e9 de 71%. Cabe a voc\u00ea decidir se prefere altos payouts de 85% sem direito a qualquer reembolso ou, se por o seu estilo de trading ser menos ousado, somente 71%, mas 15% tamb\u00e9m de reembolso por op\u00e7\u00e3o out of the money.<\/p>\n<h2>Dep\u00f3sitos, retiradas e dep\u00f3sitos m\u00ednimos<\/h2>\n<p>O dep\u00f3sito m\u00ednimo da Anyoption \u00e9 de somente $100 e isso a torna uma das corretoras mais econ\u00f4micas do mercado. Isso \u00e9 com certeza uma boa conveni\u00eancia para todos os traders principiantes.<br \/>\nNo que se refere a op\u00e7\u00f5es de dep\u00f3sito, a Anyoption torna o dep\u00f3sito e a retirada o mais simples poss\u00edvel. \u00c9 poss\u00edvel utilizar canais padr\u00e3o de transfer\u00eancia de fundos, cart\u00e3o de cr\u00e9dito, como Visa e Mastercard e Skrill (Moneybookers), bem como Giropay e Ukash. Ukash \u00e9 um cart\u00e3o pr\u00e9-pago que voc\u00ea pode comprar em postos de gasolina ou em outros estabelecimentos e serve para trocar dinheiro real por dinheiro virtual.<\/p>\n<h2>Suporte ao cliente<\/h2>\n<p>J\u00e1 mencionamos o servi\u00e7o ao cliente premiado da Anyoption, e n\u00e3o restam d\u00favidas que esse servi\u00e7o ao cliente seja um dos melhores hoje em dia. \u00c9 poss\u00edvel utilizar o seu chat ao vivo ou contatar o suporte por e-mail. Tamb\u00e9m \u00e9 poss\u00edvel realizar uma solicita\u00e7\u00e3o para receber uma liga\u00e7\u00e3o.<\/p>\n<h2>Conclus\u00f5es<\/h2>\n<p>O nosso resultado \u00e9 bastante \u00f3bvio: existem boas raz\u00f5es para a Anyoption ser uma das l\u00edderes do mercado: \u00e9 bastante inovadora e sempre foca nas prefer\u00eancias dos traders. O dep\u00f3sito m\u00ednimo baixo e a grande variedade de formas de dep\u00f3sito permitem come\u00e7ar a realizar o trading de op\u00e7\u00f5es bin\u00e1rias facilmente. Tamb\u00e9m existem \u00f3timos aplicativos para iPhone e Android que permitem operar com mobilidade. O \u00fanico aspecto negativo \u00e9 o payout relativamente baixo, de 71%. H\u00e1 tamb\u00e9m um reembolso pelas op\u00e7\u00f5es out of the money, mas o payout \u00e9 ainda inferior em rela\u00e7\u00e3o a aquele de outras corretoras, como a 24Option, por exemplo. Contudo, trata-se de uma corretora excelente a considerar-se se voc\u00ea deseja realizar o trading com as op\u00e7\u00f5es bin\u00e1rias.<\/p>\n<p style=\"text-align: center\"><strong><a class=\"gocta\" href=\"https:\/\/www.mcbinary.com\/br\/link\/anyoption\" rel=\"nofollow\">Cadastre-se agora na www.anyoption.it!<\/a><\/strong><\/p>\n<div class=\"message_karma_silver colored_box\" style=\"font-size:16px;\"><div><strong>Avalia\u00e7\u00e3o<\/strong><\/div>\n<div>\n<div>Avalia\u00e7\u00e3o feita por: McBinary.com<\/div>\n<div>Anyoption<\/div>\n<div><span style=\"color: #ffff00\">\u2605\u2605\u2605\u2605\u2605<\/span>\u00a0 (5 \/ 5)<\/div>\n<\/div>\n<\/div><br class=\"clear\" \/>","protected":false},"excerpt":{"rendered":"<p>A Anyoption \u00e9 uma das corretoras de op\u00e7\u00f5es bin\u00e1rias mais antigas, apesar de ser bastante nova. Isso n\u00e3o \u00e9 exatamente uma surpresa, uma vez que toda a ind\u00fastria de op\u00e7\u00f5es bin\u00e1rias \u00e9 bastante nova. A Anyoption foi ao ar em 2008 e tem mostrado bastante \u00eaxito. A corretora cresceu at\u00e9 tornar-se uma das maiores corretoras da ind\u00fastria, ganhando v\u00e1rios pr\u00eamios pelo servi\u00e7o ao cliente e pela sua plataforma. N\u00e3o \u00e9 exagero afirmar que a Anyoption elevou o n\u00edvel do trading &#8230;<\/p>\n","protected":false},"author":1,"featured_media":0,"parent":14,"menu_order":0,"comment_status":"open","ping_status":"open","template":"","meta":[],"yoast_head":"<!-- This site is optimized with the Yoast SEO plugin v19.0 - https:\/\/yoast.com\/wordpress\/plugins\/seo\/ -->\n<title>Avalia\u00e7\u00e3o Completa da Anyoption -<\/title>\n<meta name=\"robots\" content=\"index, follow, max-snippet:-1, max-image-preview:large, max-video-preview:-1\" \/>\n<link rel=\"canonical\" href=\"https:\/\/www.mcbinary.com\/br\/corretoras-opcoes\/anyoption\/\" \/>\n<meta property=\"og:locale\" content=\"en_US\" \/>\n<meta property=\"og:type\" content=\"article\" \/>\n<meta property=\"og:title\" content=\"Avalia\u00e7\u00e3o Completa da Anyoption -\" \/>\n<meta property=\"og:description\" content=\"A Anyoption \u00e9 uma das corretoras de op\u00e7\u00f5es bin\u00e1rias mais antigas, apesar de ser bastante nova. Isso n\u00e3o \u00e9 exatamente uma surpresa, uma vez que toda a ind\u00fastria de op\u00e7\u00f5es bin\u00e1rias \u00e9 bastante nova. A Anyoption foi ao ar em 2008 e tem mostrado bastante \u00eaxito. A corretora cresceu at\u00e9 tornar-se uma das maiores corretoras da ind\u00fastria, ganhando v\u00e1rios pr\u00eamios pelo servi\u00e7o ao cliente e pela sua plataforma. N\u00e3o \u00e9 exagero afirmar que a Anyoption elevou o n\u00edvel do trading ...\" \/>\n<meta property=\"og:url\" content=\"https:\/\/www.mcbinary.com\/br\/corretoras-opcoes\/anyoption\/\" \/>\n<meta property=\"og:site_name\" content=\"Mc Binary\" \/>\n<meta property=\"article:modified_time\" content=\"2016-08-29T08:32:47+00:00\" \/>\n<meta property=\"og:image\" content=\"https:\/\/www.mcbinary.com\/wp-content\/uploads\/2012\/11\/Anyoption-Trading-Platform-e1353326715455.png\" \/>\n<meta name=\"twitter:label1\" content=\"Est. reading time\" \/>\n\t<meta name=\"twitter:data1\" content=\"5 minutes\" \/>\n<script type=\"application\/ld+json\" class=\"yoast-schema-graph\">{\"@context\":\"https:\/\/schema.org\",\"@graph\":[{\"@type\":\"WebSite\",\"@id\":\"https:\/\/www.mcbinary.com\/br\/#website\",\"url\":\"https:\/\/www.mcbinary.com\/br\/\",\"name\":\"Mc Binary\",\"description\":\"O seu suporte no Trading de Op\u00e7\u00f5es\",\"potentialAction\":[{\"@type\":\"SearchAction\",\"target\":{\"@type\":\"EntryPoint\",\"urlTemplate\":\"https:\/\/www.mcbinary.com\/br\/?s={search_term_string}\"},\"query-input\":\"required name=search_term_string\"}],\"inLanguage\":\"en-US\"},{\"@type\":\"ImageObject\",\"inLanguage\":\"en-US\",\"@id\":\"https:\/\/www.mcbinary.com\/br\/corretoras-opcoes\/anyoption\/#primaryimage\",\"url\":\"https:\/\/www.mcbinary.com\/wp-content\/uploads\/2012\/11\/Anyoption-Trading-Platform-e1353326715455.png\",\"contentUrl\":\"https:\/\/www.mcbinary.com\/wp-content\/uploads\/2012\/11\/Anyoption-Trading-Platform-e1353326715455.png\"},{\"@type\":\"WebPage\",\"@id\":\"https:\/\/www.mcbinary.com\/br\/corretoras-opcoes\/anyoption\/#webpage\",\"url\":\"https:\/\/www.mcbinary.com\/br\/corretoras-opcoes\/anyoption\/\",\"name\":\"Avalia\u00e7\u00e3o Completa da Anyoption -\",\"isPartOf\":{\"@id\":\"https:\/\/www.mcbinary.com\/br\/#website\"},\"primaryImageOfPage\":{\"@id\":\"https:\/\/www.mcbinary.com\/br\/corretoras-opcoes\/anyoption\/#primaryimage\"},\"datePublished\":\"2015-11-24T15:05:35+00:00\",\"dateModified\":\"2016-08-29T08:32:47+00:00\",\"breadcrumb\":{\"@id\":\"https:\/\/www.mcbinary.com\/br\/corretoras-opcoes\/anyoption\/#breadcrumb\"},\"inLanguage\":\"en-US\",\"potentialAction\":[{\"@type\":\"ReadAction\",\"target\":[\"https:\/\/www.mcbinary.com\/br\/corretoras-opcoes\/anyoption\/\"]}]},{\"@type\":\"BreadcrumbList\",\"@id\":\"https:\/\/www.mcbinary.com\/br\/corretoras-opcoes\/anyoption\/#breadcrumb\",\"itemListElement\":[{\"@type\":\"ListItem\",\"position\":1,\"name\":\"Home\",\"item\":\"https:\/\/www.mcbinary.com\/br\/\"},{\"@type\":\"ListItem\",\"position\":2,\"name\":\"Corretoras de Op\u00e7\u00f5es Bin\u00e1rias \u2013 Panoramas dos resultados de testes\",\"item\":\"https:\/\/www.mcbinary.com\/br\/corretoras-opcoes\/\"},{\"@type\":\"ListItem\",\"position\":3,\"name\":\"Avalia\u00e7\u00e3o Completa da Anyoption\"}]}]}<\/script>\n<!-- \/ Yoast SEO plugin. -->","yoast_head_json":{"title":"Avalia\u00e7\u00e3o Completa da Anyoption -","robots":{"index":"index","follow":"follow","max-snippet":"max-snippet:-1","max-image-preview":"max-image-preview:large","max-video-preview":"max-video-preview:-1"},"canonical":"https:\/\/www.mcbinary.com\/br\/corretoras-opcoes\/anyoption\/","og_locale":"en_US","og_type":"article","og_title":"Avalia\u00e7\u00e3o Completa da Anyoption -","og_description":"A Anyoption \u00e9 uma das corretoras de op\u00e7\u00f5es bin\u00e1rias mais antigas, apesar de ser bastante nova. Isso n\u00e3o \u00e9 exatamente uma surpresa, uma vez que toda a ind\u00fastria de op\u00e7\u00f5es bin\u00e1rias \u00e9 bastante nova. A Anyoption foi ao ar em 2008 e tem mostrado bastante \u00eaxito. A corretora cresceu at\u00e9 tornar-se uma das maiores corretoras da ind\u00fastria, ganhando v\u00e1rios pr\u00eamios pelo servi\u00e7o ao cliente e pela sua plataforma. N\u00e3o \u00e9 exagero afirmar que a Anyoption elevou o n\u00edvel do trading ...","og_url":"https:\/\/www.mcbinary.com\/br\/corretoras-opcoes\/anyoption\/","og_site_name":"Mc Binary","article_modified_time":"2016-08-29T08:32:47+00:00","og_image":[{"url":"https:\/\/www.mcbinary.com\/wp-content\/uploads\/2012\/11\/Anyoption-Trading-Platform-e1353326715455.png"}],"twitter_misc":{"Est. reading time":"5 minutes"},"schema":{"@context":"https:\/\/schema.org","@graph":[{"@type":"WebSite","@id":"https:\/\/www.mcbinary.com\/br\/#website","url":"https:\/\/www.mcbinary.com\/br\/","name":"Mc Binary","description":"O seu suporte no Trading de Op\u00e7\u00f5es","potentialAction":[{"@type":"SearchAction","target":{"@type":"EntryPoint","urlTemplate":"https:\/\/www.mcbinary.com\/br\/?s={search_term_string}"},"query-input":"required name=search_term_string"}],"inLanguage":"en-US"},{"@type":"ImageObject","inLanguage":"en-US","@id":"https:\/\/www.mcbinary.com\/br\/corretoras-opcoes\/anyoption\/#primaryimage","url":"https:\/\/www.mcbinary.com\/wp-content\/uploads\/2012\/11\/Anyoption-Trading-Platform-e1353326715455.png","contentUrl":"https:\/\/www.mcbinary.com\/wp-content\/uploads\/2012\/11\/Anyoption-Trading-Platform-e1353326715455.png"},{"@type":"WebPage","@id":"https:\/\/www.mcbinary.com\/br\/corretoras-opcoes\/anyoption\/#webpage","url":"https:\/\/www.mcbinary.com\/br\/corretoras-opcoes\/anyoption\/","name":"Avalia\u00e7\u00e3o Completa da Anyoption -","isPartOf":{"@id":"https:\/\/www.mcbinary.com\/br\/#website"},"primaryImageOfPage":{"@id":"https:\/\/www.mcbinary.com\/br\/corretoras-opcoes\/anyoption\/#primaryimage"},"datePublished":"2015-11-24T15:05:35+00:00","dateModified":"2016-08-29T08:32:47+00:00","breadcrumb":{"@id":"https:\/\/www.mcbinary.com\/br\/corretoras-opcoes\/anyoption\/#breadcrumb"},"inLanguage":"en-US","potentialAction":[{"@type":"ReadAction","target":["https:\/\/www.mcbinary.com\/br\/corretoras-opcoes\/anyoption\/"]}]},{"@type":"BreadcrumbList","@id":"https:\/\/www.mcbinary.com\/br\/corretoras-opcoes\/anyoption\/#breadcrumb","itemListElement":[{"@type":"ListItem","position":1,"name":"Home","item":"https:\/\/www.mcbinary.com\/br\/"},{"@type":"ListItem","position":2,"name":"Corretoras de Op\u00e7\u00f5es Bin\u00e1rias \u2013 Panoramas dos resultados de testes","item":"https:\/\/www.mcbinary.com\/br\/corretoras-opcoes\/"},{"@type":"ListItem","position":3,"name":"Avalia\u00e7\u00e3o Completa da Anyoption"}]}]}},"_links":{"self":[{"href":"https:\/\/www.mcbinary.com\/br\/wp-json\/wp\/v2\/pages\/286"}],"collection":[{"href":"https:\/\/www.mcbinary.com\/br\/wp-json\/wp\/v2\/pages"}],"about":[{"href":"https:\/\/www.mcbinary.com\/br\/wp-json\/wp\/v2\/types\/page"}],"author":[{"embeddable":true,"href":"https:\/\/www.mcbinary.com\/br\/wp-json\/wp\/v2\/users\/1"}],"replies":[{"embeddable":true,"href":"https:\/\/www.mcbinary.com\/br\/wp-json\/wp\/v2\/comments?post=286"}],"version-history":[{"count":5,"href":"https:\/\/www.mcbinary.com\/br\/wp-json\/wp\/v2\/pages\/286\/revisions"}],"predecessor-version":[{"id":826,"href":"https:\/\/www.mcbinary.com\/br\/wp-json\/wp\/v2\/pages\/286\/revisions\/826"}],"up":[{"embeddable":true,"href":"https:\/\/www.mcbinary.com\/br\/wp-json\/wp\/v2\/pages\/14"}],"wp:attachment":[{"href":"https:\/\/www.mcbinary.com\/br\/wp-json\/wp\/v2\/media?parent=286"}],"curies":[{"name":"wp","href":"https:\/\/api.w.org\/{rel}","templated":true}]}}