{"id":17,"date":"2012-10-16T13:51:25","date_gmt":"2012-10-16T13:51:25","guid":{"rendered":"http:\/\/www.mcbinary.com\/?page_id=17"},"modified":"2016-08-27T07:45:24","modified_gmt":"2016-08-27T06:45:24","slug":"panorama-nocoes-basicas","status":"publish","type":"page","link":"https:\/\/www.mcbinary.com\/br\/panorama-nocoes-basicas\/","title":{"rendered":"No\u00e7\u00f5es B\u00e1sicas \u2013 Panorama"},"content":{"rendered":"<p>Aqui est\u00e1 a lista de todos os nossos artigos dedicados aos principiantes nas op\u00e7\u00f5es bin\u00e1rias.<\/p>\n<h2>Introdu\u00e7\u00e3o de trading de op\u00e7\u00f5es bin\u00e1rias<\/h2>\n<ul class=\"lcp_catlist\" id=\"lcp_instance_0\">\n<li><a href=\"https:\/\/www.mcbinary.com\/br\/basicas\/introducao\/opcoes-como-realizar-trading\/\">Como Realizar o Trading de Op\u00e7\u00f5es Bin\u00e1rias<\/a><\/li>\n<li><a href=\"https:\/\/www.mcbinary.com\/br\/basicas\/introducao\/horarios-trading\/\">Hor\u00e1rios do Trading<\/a><\/li>\n<li><a href=\"https:\/\/www.mcbinary.com\/br\/basicas\/introducao\/opcoes-touch\/\">O que s\u00e3o as Op\u00e7\u00f5es Touch?<\/a><\/li>\n<li><a href=\"https:\/\/www.mcbinary.com\/br\/basicas\/introducao\/60-segundos\/\">Op\u00e7\u00f5es de 60 segundos<\/a><\/li>\n<li><a href=\"https:\/\/www.mcbinary.com\/br\/basicas\/introducao\/high-low\/\">Op\u00e7\u00f5es High\/Low e Above\/Below<\/a><\/li>\n<li><a href=\"https:\/\/www.mcbinary.com\/br\/basicas\/introducao\/opcoes-limite\/\">Op\u00e7\u00f5es Limite<\/a><\/li>\n<li><a href=\"https:\/\/www.mcbinary.com\/br\/basicas\/introducao\/vantagens\/\">Vantagens do Trading de Op\u00e7\u00f5es Bin\u00e1rias<\/a><\/li>\n<\/ul>\n<h2>Sugest\u00f5es de como escolher a corretora certa para o trading de op\u00e7\u00f5es bin\u00e1rias<\/h2>\n<ul class=\"lcp_catlist\" id=\"lcp_instance_0\">\n<li><a href=\"https:\/\/www.mcbinary.com\/br\/basicas\/corretora\/bonus\/\">B\u00f4nus das Op\u00e7\u00f5es Bin\u00e1rias<\/a><\/li>\n<li><a href=\"https:\/\/www.mcbinary.com\/br\/basicas\/corretora\/deposito-retirada-fundos\/\">Como Depositar e Retirar Fundos<\/a><\/li>\n<li><a href=\"https:\/\/www.mcbinary.com\/br\/basicas\/corretora\/contas-demo\/\">Contas Demo Gratuitas e Ilimitadas nas Op\u00e7\u00f5es Bin\u00e1rias<\/a><\/li>\n<li><a href=\"https:\/\/www.mcbinary.com\/br\/basicas\/corretora\/paypal\/\">Corretoras de Op\u00e7\u00f5es Bin\u00e1rias que Utilizam PayPal<\/a><\/li>\n<li><a href=\"https:\/\/www.mcbinary.com\/br\/basicas\/corretora\/skrill\/\">Corretoras e Skrill (Moneybookers)<\/a><\/li>\n<li><a href=\"https:\/\/www.mcbinary.com\/br\/basicas\/corretora\/deposito-minimo\/\">Dep\u00f3sito M\u00ednimo<\/a><\/li>\n<li><a href=\"https:\/\/www.mcbinary.com\/br\/basicas\/corretora\/escolhendo-corretora-certa\/\">Fatores Importantes ao Escolher sua Corretora<\/a><\/li>\n<li><a href=\"https:\/\/www.mcbinary.com\/br\/basicas\/corretora\/formas-de-pagamento\/\">Formas de Pagamento nas Corretoras de Op\u00e7\u00f5es Bin\u00e1rias<\/a><\/li>\n<li><a href=\"https:\/\/www.mcbinary.com\/br\/basicas\/corretora\/trading-dispositivos-moveis\/\">Trading de Op\u00e7\u00f5es Bin\u00e1rias com Dispositivos M\u00f3veis<\/a><\/li>\n<\/ul>\n<h2>Informa\u00e7\u00f5es adicionais sobre ativos subjacentes (moedas, a\u00e7\u00f5es, commodities)<\/h2>\n<ul class=\"lcp_catlist\" id=\"lcp_instance_0\">\n<li><a href=\"https:\/\/www.mcbinary.com\/br\/basicas\/ativos\/commodities-mais-importantes\/\">As Commodities Mais Importantes<\/a><\/li>\n<li><a href=\"https:\/\/www.mcbinary.com\/br\/basicas\/ativos\/melhores-acoes-trading\/\">As Melhores A\u00e7\u00f5es para o Trading de Op\u00e7\u00f5es Bin\u00e1rias<\/a><\/li>\n<li><a href=\"https:\/\/www.mcbinary.com\/br\/basicas\/ativos\/indici-o-azioni\/\">\u00c9 Melhor Negociar com \u00cdndices ou A\u00e7\u00f5es?<\/a><\/li>\n<li><a href=\"https:\/\/www.mcbinary.com\/br\/basicas\/ativos\/trading-commodities\/\">\u00c9 uma Boa Ideia Negociar Principalmente Commodities?<\/a><\/li>\n<li><a href=\"https:\/\/www.mcbinary.com\/br\/basicas\/ativos\/indices-mais-importantes\/\">Os \u00cdndices mais Importantes no Trading de Op\u00e7\u00f5es Bin\u00e1rias<\/a><\/li>\n<li><a href=\"https:\/\/www.mcbinary.com\/br\/basicas\/ativos\/pares-moeda-importantes\/\">Os Pares de Moeda Mais Importantes<\/a><\/li>\n<li><a href=\"https:\/\/www.mcbinary.com\/br\/basicas\/ativos\/melhores-acoes-2\/\">Quais s\u00e3o as Melhores A\u00e7\u00f5es no Trading de Op\u00e7\u00f5es Bin\u00e1rias?<\/a><\/li>\n<li><a href=\"https:\/\/www.mcbinary.com\/br\/basicas\/ativos\/eurusd-ou-outros\/\">Realizando o Trading com EUR\/USD ou Outros Pares de Moedas?<\/a><\/li>\n<\/ul>\n<h2>Software de trading<\/h2>\n<ul class=\"lcp_catlist\" id=\"lcp_instance_0\">\n<li><a href=\"https:\/\/www.mcbinary.com\/br\/basicas\/software\/plataformas\/\">Plataformas para o Trading de Op\u00e7\u00f5es Bin\u00e1rias<\/a><\/li>\n<li><a href=\"https:\/\/www.mcbinary.com\/br\/basicas\/software\/plataforma-navegador\/\">Vantagens do Trading em Plataformas no Navegador<\/a><\/li>\n<\/ul>\n","protected":false},"excerpt":{"rendered":"<p>\nNo trading de op\u00e7\u00f5es bin\u00e1rias, tanto traders experientes quanto principiantes disp\u00f5em de muitas possibilidades de como realizar suas negocia\u00e7\u00f5es. Hoje em dia, com a populariza\u00e7\u00e3o deste tipo de trading, foram criados diversos sites de op\u00e7\u00f5es bin\u00e1rias &#8211; cada um deles com suas pr\u00f3prias caracter\u00edsticas e vantagens a oferecer aos traders.<br \/>\nUma das primeiras avalia\u00e7\u00f5es que o trader deve fazer antes de escolher uma plataforma de trading \u00e9 decidir exatamente o tipo de plataforma que deseja utilizar, fato que pode &#8230;<\/p>\n","protected":false},"author":1,"featured_media":0,"parent":0,"menu_order":0,"comment_status":"open","ping_status":"open","template":"template_rightsidebar_horizontalnav.php","meta":[],"yoast_head":"<!-- This site is optimized with the Yoast SEO plugin v19.0 - https:\/\/yoast.com\/wordpress\/plugins\/seo\/ -->\n<title>No\u00e7\u00f5es B\u00e1sicas \u2013 Panorama -<\/title>\n<meta name=\"robots\" content=\"index, follow, max-snippet:-1, max-image-preview:large, max-video-preview:-1\" \/>\n<link rel=\"canonical\" href=\"https:\/\/www.mcbinary.com\/br\/panorama-nocoes-basicas\/\" \/>\n<meta property=\"og:locale\" content=\"en_US\" \/>\n<meta property=\"og:type\" content=\"article\" \/>\n<meta property=\"og:title\" content=\"No\u00e7\u00f5es B\u00e1sicas \u2013 Panorama -\" \/>\n<meta property=\"og:description\" content=\"No trading de op\u00e7\u00f5es bin\u00e1rias, tanto traders experientes quanto principiantes disp\u00f5em de muitas possibilidades de como realizar suas negocia\u00e7\u00f5es. Hoje em dia, com a populariza\u00e7\u00e3o deste tipo de trading, foram criados diversos sites de op\u00e7\u00f5es bin\u00e1rias &#8211; cada um deles com suas pr\u00f3prias caracter\u00edsticas e vantagens a oferecer aos traders. Uma das primeiras avalia\u00e7\u00f5es que o trader deve fazer antes de escolher uma plataforma de trading \u00e9 decidir exatamente o tipo de plataforma que deseja utilizar, fato que pode ...\" \/>\n<meta property=\"og:url\" content=\"https:\/\/www.mcbinary.com\/br\/panorama-nocoes-basicas\/\" \/>\n<meta property=\"og:site_name\" content=\"Mc Binary\" \/>\n<meta property=\"article:modified_time\" content=\"2016-08-27T06:45:24+00:00\" \/>\n<script type=\"application\/ld+json\" class=\"yoast-schema-graph\">{\"@context\":\"https:\/\/schema.org\",\"@graph\":[{\"@type\":\"WebSite\",\"@id\":\"https:\/\/www.mcbinary.com\/br\/#website\",\"url\":\"https:\/\/www.mcbinary.com\/br\/\",\"name\":\"Mc Binary\",\"description\":\"O seu suporte no Trading de Op\u00e7\u00f5es\",\"potentialAction\":[{\"@type\":\"SearchAction\",\"target\":{\"@type\":\"EntryPoint\",\"urlTemplate\":\"https:\/\/www.mcbinary.com\/br\/?s={search_term_string}\"},\"query-input\":\"required name=search_term_string\"}],\"inLanguage\":\"en-US\"},{\"@type\":\"WebPage\",\"@id\":\"https:\/\/www.mcbinary.com\/br\/panorama-nocoes-basicas\/#webpage\",\"url\":\"https:\/\/www.mcbinary.com\/br\/panorama-nocoes-basicas\/\",\"name\":\"No\u00e7\u00f5es B\u00e1sicas \u2013 Panorama -\",\"isPartOf\":{\"@id\":\"https:\/\/www.mcbinary.com\/br\/#website\"},\"datePublished\":\"2012-10-16T13:51:25+00:00\",\"dateModified\":\"2016-08-27T06:45:24+00:00\",\"breadcrumb\":{\"@id\":\"https:\/\/www.mcbinary.com\/br\/panorama-nocoes-basicas\/#breadcrumb\"},\"inLanguage\":\"en-US\",\"potentialAction\":[{\"@type\":\"ReadAction\",\"target\":[\"https:\/\/www.mcbinary.com\/br\/panorama-nocoes-basicas\/\"]}]},{\"@type\":\"BreadcrumbList\",\"@id\":\"https:\/\/www.mcbinary.com\/br\/panorama-nocoes-basicas\/#breadcrumb\",\"itemListElement\":[{\"@type\":\"ListItem\",\"position\":1,\"name\":\"Home\",\"item\":\"https:\/\/www.mcbinary.com\/br\/\"},{\"@type\":\"ListItem\",\"position\":2,\"name\":\"No\u00e7\u00f5es B\u00e1sicas \u2013 Panorama\"}]}]}<\/script>\n<!-- \/ Yoast SEO plugin. -->","yoast_head_json":{"title":"No\u00e7\u00f5es B\u00e1sicas \u2013 Panorama -","robots":{"index":"index","follow":"follow","max-snippet":"max-snippet:-1","max-image-preview":"max-image-preview:large","max-video-preview":"max-video-preview:-1"},"canonical":"https:\/\/www.mcbinary.com\/br\/panorama-nocoes-basicas\/","og_locale":"en_US","og_type":"article","og_title":"No\u00e7\u00f5es B\u00e1sicas \u2013 Panorama -","og_description":"No trading de op\u00e7\u00f5es bin\u00e1rias, tanto traders experientes quanto principiantes disp\u00f5em de muitas possibilidades de como realizar suas negocia\u00e7\u00f5es. Hoje em dia, com a populariza\u00e7\u00e3o deste tipo de trading, foram criados diversos sites de op\u00e7\u00f5es bin\u00e1rias &#8211; cada um deles com suas pr\u00f3prias caracter\u00edsticas e vantagens a oferecer aos traders. Uma das primeiras avalia\u00e7\u00f5es que o trader deve fazer antes de escolher uma plataforma de trading \u00e9 decidir exatamente o tipo de plataforma que deseja utilizar, fato que pode ...","og_url":"https:\/\/www.mcbinary.com\/br\/panorama-nocoes-basicas\/","og_site_name":"Mc Binary","article_modified_time":"2016-08-27T06:45:24+00:00","schema":{"@context":"https:\/\/schema.org","@graph":[{"@type":"WebSite","@id":"https:\/\/www.mcbinary.com\/br\/#website","url":"https:\/\/www.mcbinary.com\/br\/","name":"Mc Binary","description":"O seu suporte no Trading de Op\u00e7\u00f5es","potentialAction":[{"@type":"SearchAction","target":{"@type":"EntryPoint","urlTemplate":"https:\/\/www.mcbinary.com\/br\/?s={search_term_string}"},"query-input":"required name=search_term_string"}],"inLanguage":"en-US"},{"@type":"WebPage","@id":"https:\/\/www.mcbinary.com\/br\/panorama-nocoes-basicas\/#webpage","url":"https:\/\/www.mcbinary.com\/br\/panorama-nocoes-basicas\/","name":"No\u00e7\u00f5es B\u00e1sicas \u2013 Panorama -","isPartOf":{"@id":"https:\/\/www.mcbinary.com\/br\/#website"},"datePublished":"2012-10-16T13:51:25+00:00","dateModified":"2016-08-27T06:45:24+00:00","breadcrumb":{"@id":"https:\/\/www.mcbinary.com\/br\/panorama-nocoes-basicas\/#breadcrumb"},"inLanguage":"en-US","potentialAction":[{"@type":"ReadAction","target":["https:\/\/www.mcbinary.com\/br\/panorama-nocoes-basicas\/"]}]},{"@type":"BreadcrumbList","@id":"https:\/\/www.mcbinary.com\/br\/panorama-nocoes-basicas\/#breadcrumb","itemListElement":[{"@type":"ListItem","position":1,"name":"Home","item":"https:\/\/www.mcbinary.com\/br\/"},{"@type":"ListItem","position":2,"name":"No\u00e7\u00f5es B\u00e1sicas \u2013 Panorama"}]}]}},"_links":{"self":[{"href":"https:\/\/www.mcbinary.com\/br\/wp-json\/wp\/v2\/pages\/17"}],"collection":[{"href":"https:\/\/www.mcbinary.com\/br\/wp-json\/wp\/v2\/pages"}],"about":[{"href":"https:\/\/www.mcbinary.com\/br\/wp-json\/wp\/v2\/types\/page"}],"author":[{"embeddable":true,"href":"https:\/\/www.mcbinary.com\/br\/wp-json\/wp\/v2\/users\/1"}],"replies":[{"embeddable":true,"href":"https:\/\/www.mcbinary.com\/br\/wp-json\/wp\/v2\/comments?post=17"}],"version-history":[{"count":1,"href":"https:\/\/www.mcbinary.com\/br\/wp-json\/wp\/v2\/pages\/17\/revisions"}],"predecessor-version":[{"id":777,"href":"https:\/\/www.mcbinary.com\/br\/wp-json\/wp\/v2\/pages\/17\/revisions\/777"}],"wp:attachment":[{"href":"https:\/\/www.mcbinary.com\/br\/wp-json\/wp\/v2\/media?parent=17"}],"curies":[{"name":"wp","href":"https:\/\/api.w.org\/{rel}","templated":true}]}}